{"id":64,"date":"2016-03-16T02:39:37","date_gmt":"2016-03-16T05:39:37","guid":{"rendered":"http:\/\/shinobikimonos.com\/produto\/%e5%bf%8d%e3%81%b3%e8%a3%85%e6%9d%9f-shinobi-shozoku"},"modified":"2026-02-23T03:59:56","modified_gmt":"2026-02-23T03:59:56","slug":"%e5%bf%8d%e3%81%b3%e8%a3%85%e6%9d%9f-shinobi-shozoku","status":"publish","type":"product","link":"https:\/\/shinobikimonos.com\/en\/virtual-store\/%e5%bf%8d%e3%81%b3%e8%a3%85%e6%9d%9f-shinobi-shozoku\/","title":{"rendered":"Shinobi Shozoku"},"content":{"rendered":"<ul>\n<li>Traditional japanese modeling.<\/li>\n<li>Sleeves shorter as before (to prevent tangling arms).<\/li>\n<li>Sewn with super tough poliester line.<\/li>\n<li>Traditional pants from Iga (iga-bakama).<\/li>\n<li>Fabric: High quality medium denim 100% cotton.<\/li>\n<li>Contains 5 hidden pockets.<\/li>\n<li>Excellent durability in practice.<\/li>\n<li>Zukin and Tebukuro include.<\/li>\n<li>Tabi (Ninja shoes) not included.<\/li>\n<\/ul>\n<table border=\"0\" cellspacing=\"0\" cellpadding=\"0\">\n<tbody>\n<tr>\n<td align=\"center\"><img fetchpriority=\"high\" decoding=\"async\" class=\"aligncenter size-medium wp-image-216\" src=\"https:\/\/shinobikimonos.com\/wp-content\/uploads\/2016\/04\/Medidas-Ninja-Gi-300x257.png\" alt=\"\" width=\"300\" height=\"257\" \/><\/td>\n<\/tr>\n<tr>\n<td>\n<table border=\"0\" width=\"300\" cellspacing=\"0\" cellpadding=\"0\">\n<tbody>\n<tr>\n<td bgcolor=\"#990000\" height=\"22\">\n<div class=\"style8\" align=\"center\"><strong style=\"color: #fff;\">SHINOBI SHOZOKU SIZE <\/strong><\/div>\n<\/td>\n<\/tr>\n<tr>\n<td>\n<table id=\"tabela2\" border=\"1\" width=\"100%\" cellspacing=\"0\" cellpadding=\"0\" align=\"center\">\n<tbody>\n<tr>\n<td bgcolor=\"#333333\">\n<div class=\"style8\" align=\"center\"><span style=\"color: #ffffff;\">Size<\/span><\/div>\n<\/td>\n<td bgcolor=\"#333333\">\n<div class=\"style8\" align=\"center\"><span style=\"color: #ffffff;\">Height<\/span><\/div>\n<\/td>\n<td bgcolor=\"#333333\">\n<div class=\"style8\" align=\"center\"><span style=\"color: #ffffff;\">A<\/span><\/div>\n<\/td>\n<td bgcolor=\"#333333\">\n<div class=\"style8\" align=\"center\"><span style=\"color: #ffffff;\">B<\/span><\/div>\n<\/td>\n<td bgcolor=\"#333333\">\n<div class=\"style8\" align=\"center\"><span style=\"color: #ffffff;\">C<\/span><\/div>\n<\/td>\n<\/tr>\n<tr>\n<td style=\"color: #000000;\" bgcolor=\"#ffffff\">\n<div class=\"style9\" align=\"center\">FREE<\/div>\n<\/td>\n<td style=\"color: #000000;\" bgcolor=\"#ffffff\">\n<div class=\"style9\" align=\"center\">5\u20193\u2033 to 6\u20192\u00be\u201d<\/div>\n<\/td>\n<td style=\"color: #000000;\" bgcolor=\"#ffffff\">\n<div class=\"style9\" align=\"center\">52,7\u2033<\/div>\n<\/td>\n<td style=\"color: #000000;\" bgcolor=\"#ffffff\">\n<div class=\"style9\" align=\"center\">22,8\u2033<\/div>\n<\/td>\n<td style=\"color: #000000;\" bgcolor=\"#ffffff\">\n<div class=\"style9\" align=\"center\">33,8\u2033<\/div>\n<\/td>\n<\/tr>\n<tr>\n<td colspan=\"5\" align=\"center\" bgcolor=\"#333333\"><\/td>\n<\/tr>\n<\/tbody>\n<\/table>\n<\/td>\n<\/tr>\n<\/tbody>\n<\/table>\n<\/td>\n<\/tr>\n<\/tbody>\n<\/table>\n<p><strong>PS.:<\/strong><\/p>\n<ul>\n<li>Residual shrunk of approximately 5%.<\/li>\n<li>Dry in the shade, under no circumstances should you use a dryer machine or similar.<\/li>\n<\/ul>","protected":false},"excerpt":{"rendered":"<h1><img decoding=\"async\" class=\"alignnone size-medium\" src=\"http:\/\/shinobikimonos.com.br\/arquivos\/kanji\/Shinobi-Shozoku-Kanji.png\" alt=\"\" width=\"242\" height=\"52\" \/><\/h1>","protected":false},"featured_media":1805,"comment_status":"open","ping_status":"closed","template":"","meta":[],"product_brand":[],"product_cat":[8],"product_tag":[39,38,40,79,28,41,42],"class_list":{"0":"post-64","1":"product","2":"type-product","3":"status-publish","4":"has-post-thumbnail","6":"product_cat-shinobi-shozoku","7":"product_tag-keikogi","8":"product_tag-kimono","9":"product_tag-kimono-ninja","10":"product_tag-kimono-ninja-completo","11":"product_tag-ninja","12":"product_tag-ninjutsu","13":"product_tag-shinobi-shozoku","14":"pa_tamanho-1-60m-a-1-90m","16":"first","17":"outofstock","18":"featured","19":"taxable","20":"shipping-taxable","21":"purchasable","22":"product-type-simple"},"yoast_head":"<!-- This site is optimized with the Yoast SEO plugin v27.0 - https:\/\/yoast.com\/product\/yoast-seo-wordpress\/ -->\n<title>Shinobi Shozoku (Kimono Ninja) | Shinobi Kimonos<\/title>\n<meta name=\"description\" content=\"Shinobi Shozoku, modelagem aut\u00eantica e exclusiva desenvolvidos com qualidade por instrutores de Ninjutsu atrav\u00e9s de minuciosas pesquisas em museus do Jap\u00e3o.\" \/>\n<meta name=\"robots\" content=\"index, follow, max-snippet:-1, max-image-preview:large, max-video-preview:-1\" \/>\n<link rel=\"canonical\" href=\"https:\/\/shinobikimonos.com\/en\/virtual-store\/\u5fcd\u3073\u88c5\u675f-shinobi-shozoku\/\" \/>\n<meta property=\"og:locale\" content=\"en_US\" \/>\n<meta property=\"og:type\" content=\"article\" \/>\n<meta property=\"og:title\" content=\"Shinobi Shozoku | Shinobi Kimonos\" \/>\n<meta property=\"og:description\" content=\"Shinobi Shozoku, modelagem aut\u00eantica e exclusiva desenvolvidos com qualidade por instrutores de Ninjutsu atrav\u00e9s de minuciosas pesquisas em museus do Jap\u00e3o.\" \/>\n<meta property=\"og:url\" content=\"https:\/\/shinobikimonos.com\/en\/virtual-store\/\u5fcd\u3073\u88c5\u675f-shinobi-shozoku\/\" \/>\n<meta property=\"article:modified_time\" content=\"2026-02-23T03:59:56+00:00\" \/>\n<meta name=\"twitter:card\" content=\"summary_large_image\" \/>\n<meta name=\"twitter:image\" content=\"https:\/\/shinobikimonos.com\/wp-content\/uploads\/2016\/03\/shinobi_shozoku_completo-1.jpg\" \/>\n<meta name=\"twitter:label1\" content=\"Est. reading time\" \/>\n\t<meta name=\"twitter:data1\" content=\"1 minute\" \/>\n<script type=\"application\/ld+json\" class=\"yoast-schema-graph\">{\"@context\":\"https:\/\/schema.org\",\"@graph\":[{\"@type\":\"WebPage\",\"@id\":\"https:\/\/shinobikimonos.com\/virtual-store\/%e5%bf%8d%e3%81%b3%e8%a3%85%e6%9d%9f-shinobi-shozoku\/\",\"url\":\"https:\/\/shinobikimonos.com\/virtual-store\/%e5%bf%8d%e3%81%b3%e8%a3%85%e6%9d%9f-shinobi-shozoku\/\",\"name\":\"Shinobi Shozoku (Kimono Ninja) | Shinobi Kimonos\",\"isPartOf\":{\"@id\":\"https:\/\/shinobikimonos.com\/#website\"},\"primaryImageOfPage\":{\"@id\":\"https:\/\/shinobikimonos.com\/virtual-store\/%e5%bf%8d%e3%81%b3%e8%a3%85%e6%9d%9f-shinobi-shozoku\/#primaryimage\"},\"image\":{\"@id\":\"https:\/\/shinobikimonos.com\/virtual-store\/%e5%bf%8d%e3%81%b3%e8%a3%85%e6%9d%9f-shinobi-shozoku\/#primaryimage\"},\"thumbnailUrl\":\"https:\/\/shinobikimonos.com\/wp-content\/uploads\/2016\/03\/shinobi_shozoku_completo-1.jpg\",\"datePublished\":\"2016-03-16T05:39:37+00:00\",\"dateModified\":\"2026-02-23T03:59:56+00:00\",\"description\":\"Shinobi Shozoku, modelagem aut\u00eantica e exclusiva desenvolvidos com qualidade por instrutores de Ninjutsu atrav\u00e9s de minuciosas pesquisas em museus do Jap\u00e3o.\",\"breadcrumb\":{\"@id\":\"https:\/\/shinobikimonos.com\/virtual-store\/%e5%bf%8d%e3%81%b3%e8%a3%85%e6%9d%9f-shinobi-shozoku\/#breadcrumb\"},\"inLanguage\":\"en-US\",\"potentialAction\":[{\"@type\":\"ReadAction\",\"target\":[\"https:\/\/shinobikimonos.com\/virtual-store\/%e5%bf%8d%e3%81%b3%e8%a3%85%e6%9d%9f-shinobi-shozoku\/\"]}]},{\"@type\":\"ImageObject\",\"inLanguage\":\"en-US\",\"@id\":\"https:\/\/shinobikimonos.com\/virtual-store\/%e5%bf%8d%e3%81%b3%e8%a3%85%e6%9d%9f-shinobi-shozoku\/#primaryimage\",\"url\":\"https:\/\/shinobikimonos.com\/wp-content\/uploads\/2016\/03\/shinobi_shozoku_completo-1.jpg\",\"contentUrl\":\"https:\/\/shinobikimonos.com\/wp-content\/uploads\/2016\/03\/shinobi_shozoku_completo-1.jpg\",\"width\":915,\"height\":1500},{\"@type\":\"BreadcrumbList\",\"@id\":\"https:\/\/shinobikimonos.com\/virtual-store\/%e5%bf%8d%e3%81%b3%e8%a3%85%e6%9d%9f-shinobi-shozoku\/#breadcrumb\",\"itemListElement\":[{\"@type\":\"ListItem\",\"position\":1,\"name\":\"Loja\",\"item\":\"https:\/\/shinobikimonos.com\/virtual-store\/\"},{\"@type\":\"ListItem\",\"position\":2,\"name\":\"Shinobi Shozoku\"}]},{\"@type\":\"WebSite\",\"@id\":\"https:\/\/shinobikimonos.com\/#website\",\"url\":\"https:\/\/shinobikimonos.com\/\",\"name\":\"\",\"description\":\"\",\"potentialAction\":[{\"@type\":\"SearchAction\",\"target\":{\"@type\":\"EntryPoint\",\"urlTemplate\":\"https:\/\/shinobikimonos.com\/?s={search_term_string}\"},\"query-input\":{\"@type\":\"PropertyValueSpecification\",\"valueRequired\":true,\"valueName\":\"search_term_string\"}}],\"inLanguage\":\"en-US\"}]}<\/script>\n<!-- \/ Yoast SEO plugin. -->","yoast_head_json":{"title":"Shinobi Shozoku (Kimono Ninja) | Shinobi Kimonos","description":"Shinobi Shozoku, modelagem aut\u00eantica e exclusiva desenvolvidos com qualidade por instrutores de Ninjutsu atrav\u00e9s de minuciosas pesquisas em museus do Jap\u00e3o.","robots":{"index":"index","follow":"follow","max-snippet":"max-snippet:-1","max-image-preview":"max-image-preview:large","max-video-preview":"max-video-preview:-1"},"canonical":"https:\/\/shinobikimonos.com\/en\/virtual-store\/\u5fcd\u3073\u88c5\u675f-shinobi-shozoku\/","og_locale":"en_US","og_type":"article","og_title":"Shinobi Shozoku | Shinobi Kimonos","og_description":"Shinobi Shozoku, modelagem aut\u00eantica e exclusiva desenvolvidos com qualidade por instrutores de Ninjutsu atrav\u00e9s de minuciosas pesquisas em museus do Jap\u00e3o.","og_url":"https:\/\/shinobikimonos.com\/en\/virtual-store\/\u5fcd\u3073\u88c5\u675f-shinobi-shozoku\/","article_modified_time":"2026-02-23T03:59:56+00:00","twitter_card":"summary_large_image","twitter_image":"https:\/\/shinobikimonos.com\/wp-content\/uploads\/2016\/03\/shinobi_shozoku_completo-1.jpg","twitter_misc":{"Est. reading time":"1 minute"},"schema":{"@context":"https:\/\/schema.org","@graph":[{"@type":"WebPage","@id":"https:\/\/shinobikimonos.com\/virtual-store\/%e5%bf%8d%e3%81%b3%e8%a3%85%e6%9d%9f-shinobi-shozoku\/","url":"https:\/\/shinobikimonos.com\/virtual-store\/%e5%bf%8d%e3%81%b3%e8%a3%85%e6%9d%9f-shinobi-shozoku\/","name":"Shinobi Shozoku (Kimono Ninja) | Shinobi Kimonos","isPartOf":{"@id":"https:\/\/shinobikimonos.com\/#website"},"primaryImageOfPage":{"@id":"https:\/\/shinobikimonos.com\/virtual-store\/%e5%bf%8d%e3%81%b3%e8%a3%85%e6%9d%9f-shinobi-shozoku\/#primaryimage"},"image":{"@id":"https:\/\/shinobikimonos.com\/virtual-store\/%e5%bf%8d%e3%81%b3%e8%a3%85%e6%9d%9f-shinobi-shozoku\/#primaryimage"},"thumbnailUrl":"https:\/\/shinobikimonos.com\/wp-content\/uploads\/2016\/03\/shinobi_shozoku_completo-1.jpg","datePublished":"2016-03-16T05:39:37+00:00","dateModified":"2026-02-23T03:59:56+00:00","description":"Shinobi Shozoku, modelagem aut\u00eantica e exclusiva desenvolvidos com qualidade por instrutores de Ninjutsu atrav\u00e9s de minuciosas pesquisas em museus do Jap\u00e3o.","breadcrumb":{"@id":"https:\/\/shinobikimonos.com\/virtual-store\/%e5%bf%8d%e3%81%b3%e8%a3%85%e6%9d%9f-shinobi-shozoku\/#breadcrumb"},"inLanguage":"en-US","potentialAction":[{"@type":"ReadAction","target":["https:\/\/shinobikimonos.com\/virtual-store\/%e5%bf%8d%e3%81%b3%e8%a3%85%e6%9d%9f-shinobi-shozoku\/"]}]},{"@type":"ImageObject","inLanguage":"en-US","@id":"https:\/\/shinobikimonos.com\/virtual-store\/%e5%bf%8d%e3%81%b3%e8%a3%85%e6%9d%9f-shinobi-shozoku\/#primaryimage","url":"https:\/\/shinobikimonos.com\/wp-content\/uploads\/2016\/03\/shinobi_shozoku_completo-1.jpg","contentUrl":"https:\/\/shinobikimonos.com\/wp-content\/uploads\/2016\/03\/shinobi_shozoku_completo-1.jpg","width":915,"height":1500},{"@type":"BreadcrumbList","@id":"https:\/\/shinobikimonos.com\/virtual-store\/%e5%bf%8d%e3%81%b3%e8%a3%85%e6%9d%9f-shinobi-shozoku\/#breadcrumb","itemListElement":[{"@type":"ListItem","position":1,"name":"Loja","item":"https:\/\/shinobikimonos.com\/virtual-store\/"},{"@type":"ListItem","position":2,"name":"Shinobi Shozoku"}]},{"@type":"WebSite","@id":"https:\/\/shinobikimonos.com\/#website","url":"https:\/\/shinobikimonos.com\/","name":"","description":"","potentialAction":[{"@type":"SearchAction","target":{"@type":"EntryPoint","urlTemplate":"https:\/\/shinobikimonos.com\/?s={search_term_string}"},"query-input":{"@type":"PropertyValueSpecification","valueRequired":true,"valueName":"search_term_string"}}],"inLanguage":"en-US"}]}},"_links":{"self":[{"href":"https:\/\/shinobikimonos.com\/en\/wp-json\/wp\/v2\/product\/64","targetHints":{"allow":["GET"]}}],"collection":[{"href":"https:\/\/shinobikimonos.com\/en\/wp-json\/wp\/v2\/product"}],"about":[{"href":"https:\/\/shinobikimonos.com\/en\/wp-json\/wp\/v2\/types\/product"}],"replies":[{"embeddable":true,"href":"https:\/\/shinobikimonos.com\/en\/wp-json\/wp\/v2\/comments?post=64"}],"wp:featuredmedia":[{"embeddable":true,"href":"https:\/\/shinobikimonos.com\/en\/wp-json\/wp\/v2\/media\/1805"}],"wp:attachment":[{"href":"https:\/\/shinobikimonos.com\/en\/wp-json\/wp\/v2\/media?parent=64"}],"wp:term":[{"taxonomy":"product_brand","embeddable":true,"href":"https:\/\/shinobikimonos.com\/en\/wp-json\/wp\/v2\/product_brand?post=64"},{"taxonomy":"product_cat","embeddable":true,"href":"https:\/\/shinobikimonos.com\/en\/wp-json\/wp\/v2\/product_cat?post=64"},{"taxonomy":"product_tag","embeddable":true,"href":"https:\/\/shinobikimonos.com\/en\/wp-json\/wp\/v2\/product_tag?post=64"}],"curies":[{"name":"wp","href":"https:\/\/api.w.org\/{rel}","templated":true}]}}