{"id":362,"date":"2016-03-18T08:43:31","date_gmt":"2016-03-18T11:43:31","guid":{"rendered":"http:\/\/shinobikimonos.com\/?post_type=product&#038;p=362"},"modified":"2020-03-15T08:21:50","modified_gmt":"2020-03-15T11:21:50","slug":"%e8%84%9a%e5%8d%8a-kyahan","status":"publish","type":"product","link":"https:\/\/shinobikimonos.com\/en\/virtual-store\/%e8%84%9a%e5%8d%8a-kyahan\/","title":{"rendered":"Kyahan"},"content":{"rendered":"<ul>\n<li>Traditional japanese modeling.<\/li>\n<li>Holds the pants of Kimono next to Tabi.<\/li>\n<li>Manufactured in denim.<\/li>\n<li>One size, made in a way that serves to any calf.<\/li>\n<li>Sold on pairs.<\/li>\n<\/ul>\n<p style=\"text-align: center;\">","protected":false},"excerpt":{"rendered":"<h1><img decoding=\"async\" src=\"http:\/\/shinobikimonos.com.br\/arquivos\/kanji\/Kyahan-Kanji.png\" \/><\/h1>","protected":false},"featured_media":1263,"comment_status":"open","ping_status":"closed","template":"","meta":[],"product_brand":[],"product_cat":[10],"product_tag":[45,39,38,46,28,41,42],"class_list":{"0":"post-362","1":"product","2":"type-product","3":"status-publish","4":"has-post-thumbnail","6":"product_cat-acessorios","7":"product_tag-caneleira","8":"product_tag-keikogi","9":"product_tag-kimono","10":"product_tag-kyahan","11":"product_tag-ninja","12":"product_tag-ninjutsu","13":"product_tag-shinobi-shozoku","15":"first","16":"outofstock","17":"featured","18":"taxable","19":"shipping-taxable","20":"purchasable","21":"product-type-simple"},"yoast_head":"<!-- This site is optimized with the Yoast SEO plugin v27.0 - https:\/\/yoast.com\/product\/yoast-seo-wordpress\/ -->\n<title>Kyahan (Caneleira Ninja\/Samurai) | Shinobi Kimonos<\/title>\n<meta name=\"description\" content=\"- Modelagem Tradicional Japonesa. - Prende a cal\u00e7a do Kimono junto \u00e0 Tabi. - Tamanho \u00fanico, feita de forma que serve para qualquer panturrilha.\" \/>\n<meta name=\"robots\" content=\"index, follow, max-snippet:-1, max-image-preview:large, max-video-preview:-1\" \/>\n<link rel=\"canonical\" href=\"https:\/\/shinobikimonos.com\/en\/virtual-store\/\u811a\u534a-kyahan\/\" \/>\n<meta property=\"og:locale\" content=\"en_US\" \/>\n<meta property=\"og:type\" content=\"article\" \/>\n<meta property=\"og:title\" content=\"Kyahan | Shinobi Kimonos\" \/>\n<meta property=\"og:description\" content=\"- Modelagem Tradicional Japonesa. - Prende a cal\u00e7a do Kimono junto \u00e0 Tabi. - Tamanho \u00fanico, feita de forma que serve para qualquer panturrilha.\" \/>\n<meta property=\"og:url\" content=\"https:\/\/shinobikimonos.com\/en\/virtual-store\/\u811a\u534a-kyahan\/\" \/>\n<meta property=\"article:modified_time\" content=\"2020-03-15T11:21:50+00:00\" \/>\n<meta name=\"twitter:card\" content=\"summary_large_image\" \/>\n<meta name=\"twitter:image\" content=\"https:\/\/shinobikimonos.com\/wp-content\/uploads\/2016\/03\/kyahan01.jpg\" \/>\n<script type=\"application\/ld+json\" class=\"yoast-schema-graph\">{\"@context\":\"https:\/\/schema.org\",\"@graph\":[{\"@type\":\"WebPage\",\"@id\":\"https:\/\/shinobikimonos.com\/virtual-store\/%e8%84%9a%e5%8d%8a-kyahan\/\",\"url\":\"https:\/\/shinobikimonos.com\/virtual-store\/%e8%84%9a%e5%8d%8a-kyahan\/\",\"name\":\"Kyahan (Caneleira Ninja\/Samurai) | Shinobi Kimonos\",\"isPartOf\":{\"@id\":\"https:\/\/shinobikimonos.com\/#website\"},\"primaryImageOfPage\":{\"@id\":\"https:\/\/shinobikimonos.com\/virtual-store\/%e8%84%9a%e5%8d%8a-kyahan\/#primaryimage\"},\"image\":{\"@id\":\"https:\/\/shinobikimonos.com\/virtual-store\/%e8%84%9a%e5%8d%8a-kyahan\/#primaryimage\"},\"thumbnailUrl\":\"https:\/\/shinobikimonos.com\/wp-content\/uploads\/2016\/03\/kyahan01.jpg\",\"datePublished\":\"2016-03-18T11:43:31+00:00\",\"dateModified\":\"2020-03-15T11:21:50+00:00\",\"description\":\"- Modelagem Tradicional Japonesa. - Prende a cal\u00e7a do Kimono junto \u00e0 Tabi. - Tamanho \u00fanico, feita de forma que serve para qualquer panturrilha.\",\"breadcrumb\":{\"@id\":\"https:\/\/shinobikimonos.com\/virtual-store\/%e8%84%9a%e5%8d%8a-kyahan\/#breadcrumb\"},\"inLanguage\":\"en-US\",\"potentialAction\":[{\"@type\":\"ReadAction\",\"target\":[\"https:\/\/shinobikimonos.com\/virtual-store\/%e8%84%9a%e5%8d%8a-kyahan\/\"]}]},{\"@type\":\"ImageObject\",\"inLanguage\":\"en-US\",\"@id\":\"https:\/\/shinobikimonos.com\/virtual-store\/%e8%84%9a%e5%8d%8a-kyahan\/#primaryimage\",\"url\":\"https:\/\/shinobikimonos.com\/wp-content\/uploads\/2016\/03\/kyahan01.jpg\",\"contentUrl\":\"https:\/\/shinobikimonos.com\/wp-content\/uploads\/2016\/03\/kyahan01.jpg\",\"width\":366,\"height\":600},{\"@type\":\"BreadcrumbList\",\"@id\":\"https:\/\/shinobikimonos.com\/virtual-store\/%e8%84%9a%e5%8d%8a-kyahan\/#breadcrumb\",\"itemListElement\":[{\"@type\":\"ListItem\",\"position\":1,\"name\":\"Loja\",\"item\":\"https:\/\/shinobikimonos.com\/virtual-store\/\"},{\"@type\":\"ListItem\",\"position\":2,\"name\":\"Kyahan\"}]},{\"@type\":\"WebSite\",\"@id\":\"https:\/\/shinobikimonos.com\/#website\",\"url\":\"https:\/\/shinobikimonos.com\/\",\"name\":\"\",\"description\":\"\",\"potentialAction\":[{\"@type\":\"SearchAction\",\"target\":{\"@type\":\"EntryPoint\",\"urlTemplate\":\"https:\/\/shinobikimonos.com\/?s={search_term_string}\"},\"query-input\":{\"@type\":\"PropertyValueSpecification\",\"valueRequired\":true,\"valueName\":\"search_term_string\"}}],\"inLanguage\":\"en-US\"}]}<\/script>\n<!-- \/ Yoast SEO plugin. -->","yoast_head_json":{"title":"Kyahan (Caneleira Ninja\/Samurai) | Shinobi Kimonos","description":"- Modelagem Tradicional Japonesa. - Prende a cal\u00e7a do Kimono junto \u00e0 Tabi. - Tamanho \u00fanico, feita de forma que serve para qualquer panturrilha.","robots":{"index":"index","follow":"follow","max-snippet":"max-snippet:-1","max-image-preview":"max-image-preview:large","max-video-preview":"max-video-preview:-1"},"canonical":"https:\/\/shinobikimonos.com\/en\/virtual-store\/\u811a\u534a-kyahan\/","og_locale":"en_US","og_type":"article","og_title":"Kyahan | Shinobi Kimonos","og_description":"- Modelagem Tradicional Japonesa. - Prende a cal\u00e7a do Kimono junto \u00e0 Tabi. - Tamanho \u00fanico, feita de forma que serve para qualquer panturrilha.","og_url":"https:\/\/shinobikimonos.com\/en\/virtual-store\/\u811a\u534a-kyahan\/","article_modified_time":"2020-03-15T11:21:50+00:00","twitter_card":"summary_large_image","twitter_image":"https:\/\/shinobikimonos.com\/wp-content\/uploads\/2016\/03\/kyahan01.jpg","schema":{"@context":"https:\/\/schema.org","@graph":[{"@type":"WebPage","@id":"https:\/\/shinobikimonos.com\/virtual-store\/%e8%84%9a%e5%8d%8a-kyahan\/","url":"https:\/\/shinobikimonos.com\/virtual-store\/%e8%84%9a%e5%8d%8a-kyahan\/","name":"Kyahan (Caneleira Ninja\/Samurai) | Shinobi Kimonos","isPartOf":{"@id":"https:\/\/shinobikimonos.com\/#website"},"primaryImageOfPage":{"@id":"https:\/\/shinobikimonos.com\/virtual-store\/%e8%84%9a%e5%8d%8a-kyahan\/#primaryimage"},"image":{"@id":"https:\/\/shinobikimonos.com\/virtual-store\/%e8%84%9a%e5%8d%8a-kyahan\/#primaryimage"},"thumbnailUrl":"https:\/\/shinobikimonos.com\/wp-content\/uploads\/2016\/03\/kyahan01.jpg","datePublished":"2016-03-18T11:43:31+00:00","dateModified":"2020-03-15T11:21:50+00:00","description":"- Modelagem Tradicional Japonesa. - Prende a cal\u00e7a do Kimono junto \u00e0 Tabi. - Tamanho \u00fanico, feita de forma que serve para qualquer panturrilha.","breadcrumb":{"@id":"https:\/\/shinobikimonos.com\/virtual-store\/%e8%84%9a%e5%8d%8a-kyahan\/#breadcrumb"},"inLanguage":"en-US","potentialAction":[{"@type":"ReadAction","target":["https:\/\/shinobikimonos.com\/virtual-store\/%e8%84%9a%e5%8d%8a-kyahan\/"]}]},{"@type":"ImageObject","inLanguage":"en-US","@id":"https:\/\/shinobikimonos.com\/virtual-store\/%e8%84%9a%e5%8d%8a-kyahan\/#primaryimage","url":"https:\/\/shinobikimonos.com\/wp-content\/uploads\/2016\/03\/kyahan01.jpg","contentUrl":"https:\/\/shinobikimonos.com\/wp-content\/uploads\/2016\/03\/kyahan01.jpg","width":366,"height":600},{"@type":"BreadcrumbList","@id":"https:\/\/shinobikimonos.com\/virtual-store\/%e8%84%9a%e5%8d%8a-kyahan\/#breadcrumb","itemListElement":[{"@type":"ListItem","position":1,"name":"Loja","item":"https:\/\/shinobikimonos.com\/virtual-store\/"},{"@type":"ListItem","position":2,"name":"Kyahan"}]},{"@type":"WebSite","@id":"https:\/\/shinobikimonos.com\/#website","url":"https:\/\/shinobikimonos.com\/","name":"","description":"","potentialAction":[{"@type":"SearchAction","target":{"@type":"EntryPoint","urlTemplate":"https:\/\/shinobikimonos.com\/?s={search_term_string}"},"query-input":{"@type":"PropertyValueSpecification","valueRequired":true,"valueName":"search_term_string"}}],"inLanguage":"en-US"}]}},"_links":{"self":[{"href":"https:\/\/shinobikimonos.com\/en\/wp-json\/wp\/v2\/product\/362","targetHints":{"allow":["GET"]}}],"collection":[{"href":"https:\/\/shinobikimonos.com\/en\/wp-json\/wp\/v2\/product"}],"about":[{"href":"https:\/\/shinobikimonos.com\/en\/wp-json\/wp\/v2\/types\/product"}],"replies":[{"embeddable":true,"href":"https:\/\/shinobikimonos.com\/en\/wp-json\/wp\/v2\/comments?post=362"}],"wp:featuredmedia":[{"embeddable":true,"href":"https:\/\/shinobikimonos.com\/en\/wp-json\/wp\/v2\/media\/1263"}],"wp:attachment":[{"href":"https:\/\/shinobikimonos.com\/en\/wp-json\/wp\/v2\/media?parent=362"}],"wp:term":[{"taxonomy":"product_brand","embeddable":true,"href":"https:\/\/shinobikimonos.com\/en\/wp-json\/wp\/v2\/product_brand?post=362"},{"taxonomy":"product_cat","embeddable":true,"href":"https:\/\/shinobikimonos.com\/en\/wp-json\/wp\/v2\/product_cat?post=362"},{"taxonomy":"product_tag","embeddable":true,"href":"https:\/\/shinobikimonos.com\/en\/wp-json\/wp\/v2\/product_tag?post=362"}],"curies":[{"name":"wp","href":"https:\/\/api.w.org\/{rel}","templated":true}]}}