{"id":357,"date":"2016-03-18T08:09:48","date_gmt":"2016-03-18T11:09:48","guid":{"rendered":"http:\/\/shinobikimonos.com\/?post_type=product&#038;p=357"},"modified":"2020-05-07T03:14:15","modified_gmt":"2020-05-07T06:14:15","slug":"%e9%a0%ad%e5%b7%be-zukin","status":"publish","type":"product","link":"https:\/\/shinobikimonos.com\/en\/virtual-store\/%e9%a0%ad%e5%b7%be-zukin\/","title":{"rendered":"Zukin"},"content":{"rendered":"<ul>\n<li>Traditional japanese modeling.<\/li>\n<li>Manufactured in excellent fabric with sweat and does not affect breathing, smell and hearing.<\/li>\n<li>Made the traditional way which is a single handkerchief measuring 2m in length (the aspect hood is given by way of tie).<\/li>\n<\/ul>\n<p style=\"text-align: center;\">","protected":false},"excerpt":{"rendered":"<h1><img decoding=\"async\" src=\"http:\/\/shinobikimonos.com.br\/arquivos\/kanji\/Zukin-Kanji.png\" \/><\/h1>","protected":false},"featured_media":1863,"comment_status":"open","ping_status":"closed","template":"","meta":[],"product_brand":[],"product_cat":[10],"product_tag":[36,41,37,35],"class_list":{"0":"post-357","1":"product","2":"type-product","3":"status-publish","4":"has-post-thumbnail","6":"product_cat-acessorios","7":"product_tag-capuz-ninja","8":"product_tag-ninjutsu","9":"product_tag-touca-ninja","10":"product_tag-zukin","12":"first","13":"outofstock","14":"taxable","15":"shipping-taxable","16":"purchasable","17":"product-type-simple"},"yoast_head":"<!-- This site is optimized with the Yoast SEO plugin v27.0 - https:\/\/yoast.com\/product\/yoast-seo-wordpress\/ -->\n<title>Zukin (Capuz Ninja) | Shinobi Kimonos | O Kimono Ideal para Ninjutsu<\/title>\n<meta name=\"description\" content=\"- Modelagem Tradicional Japonesa. - Confeccionada em tecido com excelente transpira\u00e7\u00e3o e que n\u00e3o prejudica a respira\u00e7\u00e3o, olfato e audi\u00e7\u00e3o.\" \/>\n<meta name=\"robots\" content=\"index, follow, max-snippet:-1, max-image-preview:large, max-video-preview:-1\" \/>\n<link rel=\"canonical\" href=\"https:\/\/shinobikimonos.com\/en\/virtual-store\/\u982d\u5dfe-zukin\/\" \/>\n<meta property=\"og:locale\" content=\"en_US\" \/>\n<meta property=\"og:type\" content=\"article\" \/>\n<meta property=\"og:title\" content=\"Zukin | Shinobi Kimonos\" \/>\n<meta property=\"og:description\" content=\"- Modelagem Tradicional Japonesa. - Confeccionada em tecido com excelente transpira\u00e7\u00e3o e que n\u00e3o prejudica a respira\u00e7\u00e3o, olfato e audi\u00e7\u00e3o.\" \/>\n<meta property=\"og:url\" content=\"https:\/\/shinobikimonos.com\/en\/virtual-store\/\u982d\u5dfe-zukin\/\" \/>\n<meta property=\"article:modified_time\" content=\"2020-05-07T06:14:15+00:00\" \/>\n<meta name=\"twitter:card\" content=\"summary_large_image\" \/>\n<meta name=\"twitter:image\" content=\"https:\/\/shinobikimonos.com\/wp-content\/uploads\/2016\/03\/zukin-1.jpg\" \/>\n<script type=\"application\/ld+json\" class=\"yoast-schema-graph\">{\"@context\":\"https:\/\/schema.org\",\"@graph\":[{\"@type\":\"WebPage\",\"@id\":\"https:\/\/shinobikimonos.com\/virtual-store\/%e9%a0%ad%e5%b7%be-zukin\/\",\"url\":\"https:\/\/shinobikimonos.com\/virtual-store\/%e9%a0%ad%e5%b7%be-zukin\/\",\"name\":\"Zukin (Capuz Ninja) | Shinobi Kimonos | O Kimono Ideal para Ninjutsu\",\"isPartOf\":{\"@id\":\"https:\/\/shinobikimonos.com\/#website\"},\"primaryImageOfPage\":{\"@id\":\"https:\/\/shinobikimonos.com\/virtual-store\/%e9%a0%ad%e5%b7%be-zukin\/#primaryimage\"},\"image\":{\"@id\":\"https:\/\/shinobikimonos.com\/virtual-store\/%e9%a0%ad%e5%b7%be-zukin\/#primaryimage\"},\"thumbnailUrl\":\"https:\/\/shinobikimonos.com\/wp-content\/uploads\/2016\/03\/zukin-1.jpg\",\"datePublished\":\"2016-03-18T11:09:48+00:00\",\"dateModified\":\"2020-05-07T06:14:15+00:00\",\"description\":\"- Modelagem Tradicional Japonesa. - Confeccionada em tecido com excelente transpira\u00e7\u00e3o e que n\u00e3o prejudica a respira\u00e7\u00e3o, olfato e audi\u00e7\u00e3o.\",\"breadcrumb\":{\"@id\":\"https:\/\/shinobikimonos.com\/virtual-store\/%e9%a0%ad%e5%b7%be-zukin\/#breadcrumb\"},\"inLanguage\":\"en-US\",\"potentialAction\":[{\"@type\":\"ReadAction\",\"target\":[\"https:\/\/shinobikimonos.com\/virtual-store\/%e9%a0%ad%e5%b7%be-zukin\/\"]}]},{\"@type\":\"ImageObject\",\"inLanguage\":\"en-US\",\"@id\":\"https:\/\/shinobikimonos.com\/virtual-store\/%e9%a0%ad%e5%b7%be-zukin\/#primaryimage\",\"url\":\"https:\/\/shinobikimonos.com\/wp-content\/uploads\/2016\/03\/zukin-1.jpg\",\"contentUrl\":\"https:\/\/shinobikimonos.com\/wp-content\/uploads\/2016\/03\/zukin-1.jpg\",\"width\":915,\"height\":1500},{\"@type\":\"BreadcrumbList\",\"@id\":\"https:\/\/shinobikimonos.com\/virtual-store\/%e9%a0%ad%e5%b7%be-zukin\/#breadcrumb\",\"itemListElement\":[{\"@type\":\"ListItem\",\"position\":1,\"name\":\"Loja\",\"item\":\"https:\/\/shinobikimonos.com\/virtual-store\/\"},{\"@type\":\"ListItem\",\"position\":2,\"name\":\"Zukin\"}]},{\"@type\":\"WebSite\",\"@id\":\"https:\/\/shinobikimonos.com\/#website\",\"url\":\"https:\/\/shinobikimonos.com\/\",\"name\":\"\",\"description\":\"\",\"potentialAction\":[{\"@type\":\"SearchAction\",\"target\":{\"@type\":\"EntryPoint\",\"urlTemplate\":\"https:\/\/shinobikimonos.com\/?s={search_term_string}\"},\"query-input\":{\"@type\":\"PropertyValueSpecification\",\"valueRequired\":true,\"valueName\":\"search_term_string\"}}],\"inLanguage\":\"en-US\"}]}<\/script>\n<!-- \/ Yoast SEO plugin. -->","yoast_head_json":{"title":"Zukin (Capuz Ninja) | Shinobi Kimonos | O Kimono Ideal para Ninjutsu","description":"- Modelagem Tradicional Japonesa. - Confeccionada em tecido com excelente transpira\u00e7\u00e3o e que n\u00e3o prejudica a respira\u00e7\u00e3o, olfato e audi\u00e7\u00e3o.","robots":{"index":"index","follow":"follow","max-snippet":"max-snippet:-1","max-image-preview":"max-image-preview:large","max-video-preview":"max-video-preview:-1"},"canonical":"https:\/\/shinobikimonos.com\/en\/virtual-store\/\u982d\u5dfe-zukin\/","og_locale":"en_US","og_type":"article","og_title":"Zukin | Shinobi Kimonos","og_description":"- Modelagem Tradicional Japonesa. - Confeccionada em tecido com excelente transpira\u00e7\u00e3o e que n\u00e3o prejudica a respira\u00e7\u00e3o, olfato e audi\u00e7\u00e3o.","og_url":"https:\/\/shinobikimonos.com\/en\/virtual-store\/\u982d\u5dfe-zukin\/","article_modified_time":"2020-05-07T06:14:15+00:00","twitter_card":"summary_large_image","twitter_image":"https:\/\/shinobikimonos.com\/wp-content\/uploads\/2016\/03\/zukin-1.jpg","schema":{"@context":"https:\/\/schema.org","@graph":[{"@type":"WebPage","@id":"https:\/\/shinobikimonos.com\/virtual-store\/%e9%a0%ad%e5%b7%be-zukin\/","url":"https:\/\/shinobikimonos.com\/virtual-store\/%e9%a0%ad%e5%b7%be-zukin\/","name":"Zukin (Capuz Ninja) | Shinobi Kimonos | O Kimono Ideal para Ninjutsu","isPartOf":{"@id":"https:\/\/shinobikimonos.com\/#website"},"primaryImageOfPage":{"@id":"https:\/\/shinobikimonos.com\/virtual-store\/%e9%a0%ad%e5%b7%be-zukin\/#primaryimage"},"image":{"@id":"https:\/\/shinobikimonos.com\/virtual-store\/%e9%a0%ad%e5%b7%be-zukin\/#primaryimage"},"thumbnailUrl":"https:\/\/shinobikimonos.com\/wp-content\/uploads\/2016\/03\/zukin-1.jpg","datePublished":"2016-03-18T11:09:48+00:00","dateModified":"2020-05-07T06:14:15+00:00","description":"- Modelagem Tradicional Japonesa. - Confeccionada em tecido com excelente transpira\u00e7\u00e3o e que n\u00e3o prejudica a respira\u00e7\u00e3o, olfato e audi\u00e7\u00e3o.","breadcrumb":{"@id":"https:\/\/shinobikimonos.com\/virtual-store\/%e9%a0%ad%e5%b7%be-zukin\/#breadcrumb"},"inLanguage":"en-US","potentialAction":[{"@type":"ReadAction","target":["https:\/\/shinobikimonos.com\/virtual-store\/%e9%a0%ad%e5%b7%be-zukin\/"]}]},{"@type":"ImageObject","inLanguage":"en-US","@id":"https:\/\/shinobikimonos.com\/virtual-store\/%e9%a0%ad%e5%b7%be-zukin\/#primaryimage","url":"https:\/\/shinobikimonos.com\/wp-content\/uploads\/2016\/03\/zukin-1.jpg","contentUrl":"https:\/\/shinobikimonos.com\/wp-content\/uploads\/2016\/03\/zukin-1.jpg","width":915,"height":1500},{"@type":"BreadcrumbList","@id":"https:\/\/shinobikimonos.com\/virtual-store\/%e9%a0%ad%e5%b7%be-zukin\/#breadcrumb","itemListElement":[{"@type":"ListItem","position":1,"name":"Loja","item":"https:\/\/shinobikimonos.com\/virtual-store\/"},{"@type":"ListItem","position":2,"name":"Zukin"}]},{"@type":"WebSite","@id":"https:\/\/shinobikimonos.com\/#website","url":"https:\/\/shinobikimonos.com\/","name":"","description":"","potentialAction":[{"@type":"SearchAction","target":{"@type":"EntryPoint","urlTemplate":"https:\/\/shinobikimonos.com\/?s={search_term_string}"},"query-input":{"@type":"PropertyValueSpecification","valueRequired":true,"valueName":"search_term_string"}}],"inLanguage":"en-US"}]}},"_links":{"self":[{"href":"https:\/\/shinobikimonos.com\/en\/wp-json\/wp\/v2\/product\/357","targetHints":{"allow":["GET"]}}],"collection":[{"href":"https:\/\/shinobikimonos.com\/en\/wp-json\/wp\/v2\/product"}],"about":[{"href":"https:\/\/shinobikimonos.com\/en\/wp-json\/wp\/v2\/types\/product"}],"replies":[{"embeddable":true,"href":"https:\/\/shinobikimonos.com\/en\/wp-json\/wp\/v2\/comments?post=357"}],"wp:featuredmedia":[{"embeddable":true,"href":"https:\/\/shinobikimonos.com\/en\/wp-json\/wp\/v2\/media\/1863"}],"wp:attachment":[{"href":"https:\/\/shinobikimonos.com\/en\/wp-json\/wp\/v2\/media?parent=357"}],"wp:term":[{"taxonomy":"product_brand","embeddable":true,"href":"https:\/\/shinobikimonos.com\/en\/wp-json\/wp\/v2\/product_brand?post=357"},{"taxonomy":"product_cat","embeddable":true,"href":"https:\/\/shinobikimonos.com\/en\/wp-json\/wp\/v2\/product_cat?post=357"},{"taxonomy":"product_tag","embeddable":true,"href":"https:\/\/shinobikimonos.com\/en\/wp-json\/wp\/v2\/product_tag?post=357"}],"curies":[{"name":"wp","href":"https:\/\/api.w.org\/{rel}","templated":true}]}}