{"id":342,"date":"2016-03-18T06:24:42","date_gmt":"2016-03-18T09:24:42","guid":{"rendered":"http:\/\/shinobikimonos.com\/produto\/%e7%a8%bd%e5%8f%a4%e7%9d%80-keikogi-basico\/"},"modified":"2019-11-04T09:40:26","modified_gmt":"2019-11-04T11:40:26","slug":"%e7%a8%bd%e5%8f%a4%e7%9d%80-keikogi-light","status":"publish","type":"product","link":"https:\/\/shinobikimonos.com\/en\/virtual-store\/%e7%a8%bd%e5%8f%a4%e7%9d%80-keikogi-light\/","title":{"rendered":"Keikogi (Light)"},"content":{"rendered":"<ul>\n<li>Ideal for beginners and hot days.<\/li>\n<li>Traditional japanese modeling.<\/li>\n<li>Sleeves shorter as before (to prevent tangling arms).<\/li>\n<li>Sewn with super tough poliester line.<\/li>\n<li>Fabric: Medium\u00a0Denim 100% cotton.<\/li>\n<li>Tabi (Ninja shoes) not included.<\/li>\n<\/ul>\n<p><img fetchpriority=\"high\" decoding=\"async\" class=\"aligncenter size-medium\" src=\"https:\/\/shinobikimonos.com\/arquivos\/Medidas-Keikogi-Shinobi-Kimonos.png\" width=\"782\" height=\"611\" \/><\/p>\n<p><strong>PS.:<\/strong><\/p>\n<ul>\n<li>Residual shrunk of approximately 5%.<\/li>\n<li>Dry in the shade, under no circumstances should you use a dryer machine or similar.<\/li>\n<\/ul>","protected":false},"excerpt":{"rendered":"<h1><img decoding=\"async\" class=\"alignnone size-medium\" src=\"http:\/\/shinobikimonos.com.br\/arquivos\/kanji\/Keikogi-Kanji.png\" alt=\"\" width=\"242\" height=\"52\" \/><\/h1>","protected":false},"featured_media":2217,"comment_status":"open","ping_status":"closed","template":"","meta":[],"product_brand":[],"product_cat":[9],"product_tag":[39,38,28,41],"class_list":{"0":"post-342","1":"product","2":"type-product","3":"status-publish","4":"has-post-thumbnail","6":"product_cat-keikogi","7":"product_tag-keikogi","8":"product_tag-kimono","9":"product_tag-ninja","10":"product_tag-ninjutsu","11":"pa_faixa-branca-nao","12":"pa_faixa-branca-sim","13":"pa_tamanho-m1","14":"pa_tamanho-m2","15":"pa_tamanho-m3","16":"pa_tamanho-m4","17":"pa_tamanho-a1","18":"pa_tamanho-a2","19":"pa_tamanho-a3","20":"pa_tamanho-a4","22":"first","23":"outofstock","24":"taxable","25":"shipping-taxable","26":"purchasable","27":"product-type-variable"},"yoast_head":"<!-- This site is optimized with the Yoast SEO plugin v27.0 - https:\/\/yoast.com\/product\/yoast-seo-wordpress\/ -->\n<title>Keikogi Light (Kimono de Ninjutsu) | Shinobi Kimonos<\/title>\n<meta name=\"description\" content=\"Keikogi de modelagem aut\u00eantica e exclusiva desenvolvidos com qualidade por instrutores de Ninjutsu atrav\u00e9s de minuciosas pesquisas em museus do Jap\u00e3o.\" \/>\n<meta name=\"robots\" content=\"index, follow, max-snippet:-1, max-image-preview:large, max-video-preview:-1\" \/>\n<link rel=\"canonical\" href=\"https:\/\/shinobikimonos.com\/en\/virtual-store\/\u7a3d\u53e4\u7740-keikogi-light\/\" \/>\n<meta property=\"og:locale\" content=\"en_US\" \/>\n<meta property=\"og:type\" content=\"article\" \/>\n<meta property=\"og:title\" content=\"Keikogi B\u00e1sico | Shinobi Kimonos\" \/>\n<meta property=\"og:description\" content=\"Keikogi de modelagem aut\u00eantica e exclusiva desenvolvidos com qualidade por instrutores de Ninjutsu atrav\u00e9s de minuciosas pesquisas em museus do Jap\u00e3o.\" \/>\n<meta property=\"og:url\" content=\"https:\/\/shinobikimonos.com\/en\/virtual-store\/\u7a3d\u53e4\u7740-keikogi-light\/\" \/>\n<meta property=\"article:modified_time\" content=\"2019-11-04T11:40:26+00:00\" \/>\n<meta name=\"twitter:card\" content=\"summary_large_image\" \/>\n<meta name=\"twitter:image\" content=\"https:\/\/shinobikimonos.com\/wp-content\/uploads\/2016\/03\/keikogi-basico01-1.jpg\" \/>\n<script type=\"application\/ld+json\" class=\"yoast-schema-graph\">{\"@context\":\"https:\/\/schema.org\",\"@graph\":[{\"@type\":\"WebPage\",\"@id\":\"https:\/\/shinobikimonos.com\/virtual-store\/%e7%a8%bd%e5%8f%a4%e7%9d%80-keikogi-light\/\",\"url\":\"https:\/\/shinobikimonos.com\/virtual-store\/%e7%a8%bd%e5%8f%a4%e7%9d%80-keikogi-light\/\",\"name\":\"Keikogi Light (Kimono de Ninjutsu) | Shinobi Kimonos\",\"isPartOf\":{\"@id\":\"https:\/\/shinobikimonos.com\/#website\"},\"primaryImageOfPage\":{\"@id\":\"https:\/\/shinobikimonos.com\/virtual-store\/%e7%a8%bd%e5%8f%a4%e7%9d%80-keikogi-light\/#primaryimage\"},\"image\":{\"@id\":\"https:\/\/shinobikimonos.com\/virtual-store\/%e7%a8%bd%e5%8f%a4%e7%9d%80-keikogi-light\/#primaryimage\"},\"thumbnailUrl\":\"https:\/\/shinobikimonos.com\/wp-content\/uploads\/2016\/03\/keikogi-basico01-1.jpg\",\"datePublished\":\"2016-03-18T09:24:42+00:00\",\"dateModified\":\"2019-11-04T11:40:26+00:00\",\"description\":\"Keikogi de modelagem aut\u00eantica e exclusiva desenvolvidos com qualidade por instrutores de Ninjutsu atrav\u00e9s de minuciosas pesquisas em museus do Jap\u00e3o.\",\"breadcrumb\":{\"@id\":\"https:\/\/shinobikimonos.com\/virtual-store\/%e7%a8%bd%e5%8f%a4%e7%9d%80-keikogi-light\/#breadcrumb\"},\"inLanguage\":\"en-US\",\"potentialAction\":[{\"@type\":\"ReadAction\",\"target\":[\"https:\/\/shinobikimonos.com\/virtual-store\/%e7%a8%bd%e5%8f%a4%e7%9d%80-keikogi-light\/\"]}]},{\"@type\":\"ImageObject\",\"inLanguage\":\"en-US\",\"@id\":\"https:\/\/shinobikimonos.com\/virtual-store\/%e7%a8%bd%e5%8f%a4%e7%9d%80-keikogi-light\/#primaryimage\",\"url\":\"https:\/\/shinobikimonos.com\/wp-content\/uploads\/2016\/03\/keikogi-basico01-1.jpg\",\"contentUrl\":\"https:\/\/shinobikimonos.com\/wp-content\/uploads\/2016\/03\/keikogi-basico01-1.jpg\",\"width\":915,\"height\":1500},{\"@type\":\"BreadcrumbList\",\"@id\":\"https:\/\/shinobikimonos.com\/virtual-store\/%e7%a8%bd%e5%8f%a4%e7%9d%80-keikogi-light\/#breadcrumb\",\"itemListElement\":[{\"@type\":\"ListItem\",\"position\":1,\"name\":\"Loja\",\"item\":\"https:\/\/shinobikimonos.com\/virtual-store\/\"},{\"@type\":\"ListItem\",\"position\":2,\"name\":\"Keikogi Light\"}]},{\"@type\":\"WebSite\",\"@id\":\"https:\/\/shinobikimonos.com\/#website\",\"url\":\"https:\/\/shinobikimonos.com\/\",\"name\":\"\",\"description\":\"\",\"potentialAction\":[{\"@type\":\"SearchAction\",\"target\":{\"@type\":\"EntryPoint\",\"urlTemplate\":\"https:\/\/shinobikimonos.com\/?s={search_term_string}\"},\"query-input\":{\"@type\":\"PropertyValueSpecification\",\"valueRequired\":true,\"valueName\":\"search_term_string\"}}],\"inLanguage\":\"en-US\"}]}<\/script>\n<!-- \/ Yoast SEO plugin. -->","yoast_head_json":{"title":"Keikogi Light (Kimono de Ninjutsu) | Shinobi Kimonos","description":"Keikogi de modelagem aut\u00eantica e exclusiva desenvolvidos com qualidade por instrutores de Ninjutsu atrav\u00e9s de minuciosas pesquisas em museus do Jap\u00e3o.","robots":{"index":"index","follow":"follow","max-snippet":"max-snippet:-1","max-image-preview":"max-image-preview:large","max-video-preview":"max-video-preview:-1"},"canonical":"https:\/\/shinobikimonos.com\/en\/virtual-store\/\u7a3d\u53e4\u7740-keikogi-light\/","og_locale":"en_US","og_type":"article","og_title":"Keikogi B\u00e1sico | Shinobi Kimonos","og_description":"Keikogi de modelagem aut\u00eantica e exclusiva desenvolvidos com qualidade por instrutores de Ninjutsu atrav\u00e9s de minuciosas pesquisas em museus do Jap\u00e3o.","og_url":"https:\/\/shinobikimonos.com\/en\/virtual-store\/\u7a3d\u53e4\u7740-keikogi-light\/","article_modified_time":"2019-11-04T11:40:26+00:00","twitter_card":"summary_large_image","twitter_image":"https:\/\/shinobikimonos.com\/wp-content\/uploads\/2016\/03\/keikogi-basico01-1.jpg","schema":{"@context":"https:\/\/schema.org","@graph":[{"@type":"WebPage","@id":"https:\/\/shinobikimonos.com\/virtual-store\/%e7%a8%bd%e5%8f%a4%e7%9d%80-keikogi-light\/","url":"https:\/\/shinobikimonos.com\/virtual-store\/%e7%a8%bd%e5%8f%a4%e7%9d%80-keikogi-light\/","name":"Keikogi Light (Kimono de Ninjutsu) | Shinobi Kimonos","isPartOf":{"@id":"https:\/\/shinobikimonos.com\/#website"},"primaryImageOfPage":{"@id":"https:\/\/shinobikimonos.com\/virtual-store\/%e7%a8%bd%e5%8f%a4%e7%9d%80-keikogi-light\/#primaryimage"},"image":{"@id":"https:\/\/shinobikimonos.com\/virtual-store\/%e7%a8%bd%e5%8f%a4%e7%9d%80-keikogi-light\/#primaryimage"},"thumbnailUrl":"https:\/\/shinobikimonos.com\/wp-content\/uploads\/2016\/03\/keikogi-basico01-1.jpg","datePublished":"2016-03-18T09:24:42+00:00","dateModified":"2019-11-04T11:40:26+00:00","description":"Keikogi de modelagem aut\u00eantica e exclusiva desenvolvidos com qualidade por instrutores de Ninjutsu atrav\u00e9s de minuciosas pesquisas em museus do Jap\u00e3o.","breadcrumb":{"@id":"https:\/\/shinobikimonos.com\/virtual-store\/%e7%a8%bd%e5%8f%a4%e7%9d%80-keikogi-light\/#breadcrumb"},"inLanguage":"en-US","potentialAction":[{"@type":"ReadAction","target":["https:\/\/shinobikimonos.com\/virtual-store\/%e7%a8%bd%e5%8f%a4%e7%9d%80-keikogi-light\/"]}]},{"@type":"ImageObject","inLanguage":"en-US","@id":"https:\/\/shinobikimonos.com\/virtual-store\/%e7%a8%bd%e5%8f%a4%e7%9d%80-keikogi-light\/#primaryimage","url":"https:\/\/shinobikimonos.com\/wp-content\/uploads\/2016\/03\/keikogi-basico01-1.jpg","contentUrl":"https:\/\/shinobikimonos.com\/wp-content\/uploads\/2016\/03\/keikogi-basico01-1.jpg","width":915,"height":1500},{"@type":"BreadcrumbList","@id":"https:\/\/shinobikimonos.com\/virtual-store\/%e7%a8%bd%e5%8f%a4%e7%9d%80-keikogi-light\/#breadcrumb","itemListElement":[{"@type":"ListItem","position":1,"name":"Loja","item":"https:\/\/shinobikimonos.com\/virtual-store\/"},{"@type":"ListItem","position":2,"name":"Keikogi Light"}]},{"@type":"WebSite","@id":"https:\/\/shinobikimonos.com\/#website","url":"https:\/\/shinobikimonos.com\/","name":"","description":"","potentialAction":[{"@type":"SearchAction","target":{"@type":"EntryPoint","urlTemplate":"https:\/\/shinobikimonos.com\/?s={search_term_string}"},"query-input":{"@type":"PropertyValueSpecification","valueRequired":true,"valueName":"search_term_string"}}],"inLanguage":"en-US"}]}},"_links":{"self":[{"href":"https:\/\/shinobikimonos.com\/en\/wp-json\/wp\/v2\/product\/342","targetHints":{"allow":["GET"]}}],"collection":[{"href":"https:\/\/shinobikimonos.com\/en\/wp-json\/wp\/v2\/product"}],"about":[{"href":"https:\/\/shinobikimonos.com\/en\/wp-json\/wp\/v2\/types\/product"}],"replies":[{"embeddable":true,"href":"https:\/\/shinobikimonos.com\/en\/wp-json\/wp\/v2\/comments?post=342"}],"wp:featuredmedia":[{"embeddable":true,"href":"https:\/\/shinobikimonos.com\/en\/wp-json\/wp\/v2\/media\/2217"}],"wp:attachment":[{"href":"https:\/\/shinobikimonos.com\/en\/wp-json\/wp\/v2\/media?parent=342"}],"wp:term":[{"taxonomy":"product_brand","embeddable":true,"href":"https:\/\/shinobikimonos.com\/en\/wp-json\/wp\/v2\/product_brand?post=342"},{"taxonomy":"product_cat","embeddable":true,"href":"https:\/\/shinobikimonos.com\/en\/wp-json\/wp\/v2\/product_cat?post=342"},{"taxonomy":"product_tag","embeddable":true,"href":"https:\/\/shinobikimonos.com\/en\/wp-json\/wp\/v2\/product_tag?post=342"}],"curies":[{"name":"wp","href":"https:\/\/api.w.org\/{rel}","templated":true}]}}