{"id":1178,"date":"2016-05-19T18:19:12","date_gmt":"2016-05-19T21:19:12","guid":{"rendered":"http:\/\/shinobikimonos.com\/virtual-store\/%e4%bc%8a%e8%b4%ba%e8%a2%b4-iga-bakama\/"},"modified":"2020-03-15T08:19:20","modified_gmt":"2020-03-15T11:19:20","slug":"%e4%bc%8a%e8%b4%ba%e8%a2%b4-iga-bakama","status":"publish","type":"product","link":"https:\/\/shinobikimonos.com\/en\/virtual-store\/%e4%bc%8a%e8%b4%ba%e8%a2%b4-iga-bakama\/","title":{"rendered":"Iga Bakama"},"content":{"rendered":"<ul>\n<li>Traditional japanese modeling.<\/li>\n<li>Sewn with super tough poliester line.<\/li>\n<li>Traditional pants from Iga (iga-bakama).<\/li>\n<li>Fabric: High quality medium denim 100% cotton.<\/li>\n<li>Excellent durability in practice.<\/li>\n<li>Tabi (Ninja shoes) not included.<\/li>\n<\/ul>\n<table border=\"0\" cellspacing=\"0\" cellpadding=\"0\">\n<tbody>\n<tr>\n<td align=\"center\"><\/td>\n<\/tr>\n<tr>\n<td>\n<table border=\"0\" width=\"300\" cellspacing=\"0\" cellpadding=\"0\">\n<tbody>\n<tr>\n<td bgcolor=\"#990000\" height=\"22\">\n<div class=\"style8\" align=\"center\"><strong style=\"color: #fff;\">IGA BAKAMA SIZE<\/strong><\/div>\n<\/td>\n<\/tr>\n<tr>\n<td>\n<table id=\"tabela2\" border=\"1\" width=\"100%\" cellspacing=\"0\" cellpadding=\"0\" align=\"center\">\n<tbody>\n<tr>\n<td bgcolor=\"#333333\">\n<div class=\"style8\" align=\"center\"><span style=\"color: #ffffff;\">Size<\/span><\/div>\n<\/td>\n<td bgcolor=\"#333333\">\n<div class=\"style8\" align=\"center\"><span style=\"color: #ffffff;\">Height<\/span><\/div>\n<\/td>\n<td bgcolor=\"#333333\">\n<div class=\"style8\" align=\"center\"><span style=\"color: #ffffff;\">A<\/span><\/div>\n<\/td>\n<td bgcolor=\"#333333\">\n<div class=\"style8\" align=\"center\"><span style=\"color: #ffffff;\">B<\/span><\/div>\n<\/td>\n<td bgcolor=\"#333333\">\n<div class=\"style8\" align=\"center\"><span style=\"color: #ffffff;\">C<\/span><\/div>\n<\/td>\n<\/tr>\n<tr>\n<td style=\"color: #000000;\" bgcolor=\"#ffffff\">\n<div class=\"style9\" align=\"center\"><span style=\"color: #000000;\">FREE<\/span><\/div>\n<\/td>\n<td style=\"color: #000000;\" bgcolor=\"#ffffff\">\n<div class=\"style9\" align=\"center\"><span style=\"color: #000000;\">5\u20193\u2033 to 6\u20192\u00be\u201d<\/span><\/div>\n<\/td>\n<td style=\"color: #000000;\" bgcolor=\"#ffffff\">\n<div class=\"style9\" align=\"center\">1,<span style=\"color: #000000;\">34m<\/span><\/div>\n<\/td>\n<td style=\"color: #000000;\" bgcolor=\"#ffffff\">\n<div class=\"style9\" align=\"center\"><span style=\"color: #000000;\">22,8\u2033<\/span><\/div>\n<\/td>\n<td style=\"color: #000000;\" bgcolor=\"#ffffff\">\n<div class=\"style9\" align=\"center\"><span style=\"color: #000000;\">33,8\u2033<\/span><\/div>\n<\/td>\n<\/tr>\n<tr>\n<td colspan=\"5\" align=\"center\" bgcolor=\"#333333\"><\/td>\n<\/tr>\n<\/tbody>\n<\/table>\n<\/td>\n<\/tr>\n<\/tbody>\n<\/table>\n<\/td>\n<\/tr>\n<\/tbody>\n<\/table>\n<p><strong>PS.:<\/strong><\/p>\n<ul>\n<li>Residual shrunk of approximately 5%.<\/li>\n<li>Dry in the shade, under no circumstances should you use a dryer machine or similar.<\/li>\n<\/ul>","protected":false},"excerpt":{"rendered":"<h1><img decoding=\"async\" src=\"http:\/\/shinobikimonos.com.br\/arquivos\/kanji\/Iga-Bakama-Kanji.png\" \/><\/h1>","protected":false},"featured_media":1907,"comment_status":"open","ping_status":"closed","template":"","meta":[],"product_brand":[],"product_cat":[8],"product_tag":[56,55,39,38,40,28,41,42],"class_list":{"0":"post-1178","1":"product","2":"type-product","3":"status-publish","4":"has-post-thumbnail","6":"product_cat-shinobi-shozoku","7":"product_tag-bakama","8":"product_tag-iga-bakama","9":"product_tag-keikogi","10":"product_tag-kimono","11":"product_tag-kimono-ninja","12":"product_tag-ninja","13":"product_tag-ninjutsu","14":"product_tag-shinobi-shozoku","15":"pa_tamanho-1-60m-a-1-90m","17":"first","18":"outofstock","19":"featured","20":"taxable","21":"shipping-taxable","22":"purchasable","23":"product-type-simple"},"yoast_head":"<!-- This site is optimized with the Yoast SEO plugin v27.0 - https:\/\/yoast.com\/product\/yoast-seo-wordpress\/ -->\n<title>Iga-Bakama | Shinobi Kimonos | O Kimono Ideal para Ninjutsu<\/title>\n<meta name=\"description\" content=\"Modelagem aut\u00eantica e exclusiva desenvolvidos com qualidade por instrutores de Ninjutsu atrav\u00e9s de minuciosas pesquisas em museus do Jap\u00e3o.\" \/>\n<meta name=\"robots\" content=\"index, follow, max-snippet:-1, max-image-preview:large, max-video-preview:-1\" \/>\n<link rel=\"canonical\" href=\"https:\/\/shinobikimonos.com\/en\/virtual-store\/\u4f0a\u8d3a\u88b4-iga-bakama\/\" \/>\n<meta property=\"og:locale\" content=\"en_US\" \/>\n<meta property=\"og:type\" content=\"article\" \/>\n<meta property=\"og:title\" content=\"Iga-Bakama | Shinobi Kimonos\" \/>\n<meta property=\"og:description\" content=\"Modelagem aut\u00eantica e exclusiva desenvolvidos com qualidade por instrutores de Ninjutsu atrav\u00e9s de minuciosas pesquisas em museus do Jap\u00e3o.\" \/>\n<meta property=\"og:url\" content=\"https:\/\/shinobikimonos.com\/en\/virtual-store\/\u4f0a\u8d3a\u88b4-iga-bakama\/\" \/>\n<meta property=\"article:modified_time\" content=\"2020-03-15T11:19:20+00:00\" \/>\n<meta name=\"twitter:card\" content=\"summary_large_image\" \/>\n<meta name=\"twitter:image\" content=\"https:\/\/shinobikimonos.com\/wp-content\/uploads\/2016\/05\/iga-bakama01.jpg\" \/>\n<script type=\"application\/ld+json\" class=\"yoast-schema-graph\">{\"@context\":\"https:\/\/schema.org\",\"@graph\":[{\"@type\":\"WebPage\",\"@id\":\"https:\/\/shinobikimonos.com\/virtual-store\/%e4%bc%8a%e8%b4%ba%e8%a2%b4-iga-bakama\/\",\"url\":\"https:\/\/shinobikimonos.com\/virtual-store\/%e4%bc%8a%e8%b4%ba%e8%a2%b4-iga-bakama\/\",\"name\":\"Iga-Bakama | Shinobi Kimonos | O Kimono Ideal para Ninjutsu\",\"isPartOf\":{\"@id\":\"https:\/\/shinobikimonos.com\/#website\"},\"primaryImageOfPage\":{\"@id\":\"https:\/\/shinobikimonos.com\/virtual-store\/%e4%bc%8a%e8%b4%ba%e8%a2%b4-iga-bakama\/#primaryimage\"},\"image\":{\"@id\":\"https:\/\/shinobikimonos.com\/virtual-store\/%e4%bc%8a%e8%b4%ba%e8%a2%b4-iga-bakama\/#primaryimage\"},\"thumbnailUrl\":\"https:\/\/shinobikimonos.com\/wp-content\/uploads\/2016\/05\/iga-bakama01.jpg\",\"datePublished\":\"2016-05-19T21:19:12+00:00\",\"dateModified\":\"2020-03-15T11:19:20+00:00\",\"description\":\"Modelagem aut\u00eantica e exclusiva desenvolvidos com qualidade por instrutores de Ninjutsu atrav\u00e9s de minuciosas pesquisas em museus do Jap\u00e3o.\",\"breadcrumb\":{\"@id\":\"https:\/\/shinobikimonos.com\/virtual-store\/%e4%bc%8a%e8%b4%ba%e8%a2%b4-iga-bakama\/#breadcrumb\"},\"inLanguage\":\"en-US\",\"potentialAction\":[{\"@type\":\"ReadAction\",\"target\":[\"https:\/\/shinobikimonos.com\/virtual-store\/%e4%bc%8a%e8%b4%ba%e8%a2%b4-iga-bakama\/\"]}]},{\"@type\":\"ImageObject\",\"inLanguage\":\"en-US\",\"@id\":\"https:\/\/shinobikimonos.com\/virtual-store\/%e4%bc%8a%e8%b4%ba%e8%a2%b4-iga-bakama\/#primaryimage\",\"url\":\"https:\/\/shinobikimonos.com\/wp-content\/uploads\/2016\/05\/iga-bakama01.jpg\",\"contentUrl\":\"https:\/\/shinobikimonos.com\/wp-content\/uploads\/2016\/05\/iga-bakama01.jpg\",\"width\":915,\"height\":1500},{\"@type\":\"BreadcrumbList\",\"@id\":\"https:\/\/shinobikimonos.com\/virtual-store\/%e4%bc%8a%e8%b4%ba%e8%a2%b4-iga-bakama\/#breadcrumb\",\"itemListElement\":[{\"@type\":\"ListItem\",\"position\":1,\"name\":\"Loja\",\"item\":\"https:\/\/shinobikimonos.com\/virtual-store\/\"},{\"@type\":\"ListItem\",\"position\":2,\"name\":\"Iga Bakama\"}]},{\"@type\":\"WebSite\",\"@id\":\"https:\/\/shinobikimonos.com\/#website\",\"url\":\"https:\/\/shinobikimonos.com\/\",\"name\":\"\",\"description\":\"\",\"potentialAction\":[{\"@type\":\"SearchAction\",\"target\":{\"@type\":\"EntryPoint\",\"urlTemplate\":\"https:\/\/shinobikimonos.com\/?s={search_term_string}\"},\"query-input\":{\"@type\":\"PropertyValueSpecification\",\"valueRequired\":true,\"valueName\":\"search_term_string\"}}],\"inLanguage\":\"en-US\"}]}<\/script>\n<!-- \/ Yoast SEO plugin. -->","yoast_head_json":{"title":"Iga-Bakama | Shinobi Kimonos | O Kimono Ideal para Ninjutsu","description":"Modelagem aut\u00eantica e exclusiva desenvolvidos com qualidade por instrutores de Ninjutsu atrav\u00e9s de minuciosas pesquisas em museus do Jap\u00e3o.","robots":{"index":"index","follow":"follow","max-snippet":"max-snippet:-1","max-image-preview":"max-image-preview:large","max-video-preview":"max-video-preview:-1"},"canonical":"https:\/\/shinobikimonos.com\/en\/virtual-store\/\u4f0a\u8d3a\u88b4-iga-bakama\/","og_locale":"en_US","og_type":"article","og_title":"Iga-Bakama | Shinobi Kimonos","og_description":"Modelagem aut\u00eantica e exclusiva desenvolvidos com qualidade por instrutores de Ninjutsu atrav\u00e9s de minuciosas pesquisas em museus do Jap\u00e3o.","og_url":"https:\/\/shinobikimonos.com\/en\/virtual-store\/\u4f0a\u8d3a\u88b4-iga-bakama\/","article_modified_time":"2020-03-15T11:19:20+00:00","twitter_card":"summary_large_image","twitter_image":"https:\/\/shinobikimonos.com\/wp-content\/uploads\/2016\/05\/iga-bakama01.jpg","schema":{"@context":"https:\/\/schema.org","@graph":[{"@type":"WebPage","@id":"https:\/\/shinobikimonos.com\/virtual-store\/%e4%bc%8a%e8%b4%ba%e8%a2%b4-iga-bakama\/","url":"https:\/\/shinobikimonos.com\/virtual-store\/%e4%bc%8a%e8%b4%ba%e8%a2%b4-iga-bakama\/","name":"Iga-Bakama | Shinobi Kimonos | O Kimono Ideal para Ninjutsu","isPartOf":{"@id":"https:\/\/shinobikimonos.com\/#website"},"primaryImageOfPage":{"@id":"https:\/\/shinobikimonos.com\/virtual-store\/%e4%bc%8a%e8%b4%ba%e8%a2%b4-iga-bakama\/#primaryimage"},"image":{"@id":"https:\/\/shinobikimonos.com\/virtual-store\/%e4%bc%8a%e8%b4%ba%e8%a2%b4-iga-bakama\/#primaryimage"},"thumbnailUrl":"https:\/\/shinobikimonos.com\/wp-content\/uploads\/2016\/05\/iga-bakama01.jpg","datePublished":"2016-05-19T21:19:12+00:00","dateModified":"2020-03-15T11:19:20+00:00","description":"Modelagem aut\u00eantica e exclusiva desenvolvidos com qualidade por instrutores de Ninjutsu atrav\u00e9s de minuciosas pesquisas em museus do Jap\u00e3o.","breadcrumb":{"@id":"https:\/\/shinobikimonos.com\/virtual-store\/%e4%bc%8a%e8%b4%ba%e8%a2%b4-iga-bakama\/#breadcrumb"},"inLanguage":"en-US","potentialAction":[{"@type":"ReadAction","target":["https:\/\/shinobikimonos.com\/virtual-store\/%e4%bc%8a%e8%b4%ba%e8%a2%b4-iga-bakama\/"]}]},{"@type":"ImageObject","inLanguage":"en-US","@id":"https:\/\/shinobikimonos.com\/virtual-store\/%e4%bc%8a%e8%b4%ba%e8%a2%b4-iga-bakama\/#primaryimage","url":"https:\/\/shinobikimonos.com\/wp-content\/uploads\/2016\/05\/iga-bakama01.jpg","contentUrl":"https:\/\/shinobikimonos.com\/wp-content\/uploads\/2016\/05\/iga-bakama01.jpg","width":915,"height":1500},{"@type":"BreadcrumbList","@id":"https:\/\/shinobikimonos.com\/virtual-store\/%e4%bc%8a%e8%b4%ba%e8%a2%b4-iga-bakama\/#breadcrumb","itemListElement":[{"@type":"ListItem","position":1,"name":"Loja","item":"https:\/\/shinobikimonos.com\/virtual-store\/"},{"@type":"ListItem","position":2,"name":"Iga Bakama"}]},{"@type":"WebSite","@id":"https:\/\/shinobikimonos.com\/#website","url":"https:\/\/shinobikimonos.com\/","name":"","description":"","potentialAction":[{"@type":"SearchAction","target":{"@type":"EntryPoint","urlTemplate":"https:\/\/shinobikimonos.com\/?s={search_term_string}"},"query-input":{"@type":"PropertyValueSpecification","valueRequired":true,"valueName":"search_term_string"}}],"inLanguage":"en-US"}]}},"_links":{"self":[{"href":"https:\/\/shinobikimonos.com\/en\/wp-json\/wp\/v2\/product\/1178","targetHints":{"allow":["GET"]}}],"collection":[{"href":"https:\/\/shinobikimonos.com\/en\/wp-json\/wp\/v2\/product"}],"about":[{"href":"https:\/\/shinobikimonos.com\/en\/wp-json\/wp\/v2\/types\/product"}],"replies":[{"embeddable":true,"href":"https:\/\/shinobikimonos.com\/en\/wp-json\/wp\/v2\/comments?post=1178"}],"wp:featuredmedia":[{"embeddable":true,"href":"https:\/\/shinobikimonos.com\/en\/wp-json\/wp\/v2\/media\/1907"}],"wp:attachment":[{"href":"https:\/\/shinobikimonos.com\/en\/wp-json\/wp\/v2\/media?parent=1178"}],"wp:term":[{"taxonomy":"product_brand","embeddable":true,"href":"https:\/\/shinobikimonos.com\/en\/wp-json\/wp\/v2\/product_brand?post=1178"},{"taxonomy":"product_cat","embeddable":true,"href":"https:\/\/shinobikimonos.com\/en\/wp-json\/wp\/v2\/product_cat?post=1178"},{"taxonomy":"product_tag","embeddable":true,"href":"https:\/\/shinobikimonos.com\/en\/wp-json\/wp\/v2\/product_tag?post=1178"}],"curies":[{"name":"wp","href":"https:\/\/api.w.org\/{rel}","templated":true}]}}