{"id":6155,"date":"2019-08-25T18:30:11","date_gmt":"2019-08-25T21:30:11","guid":{"rendered":"https:\/\/shinobikimonos.com\/?page_id=6155"},"modified":"2019-08-25T18:33:03","modified_gmt":"2019-08-25T21:33:03","slug":"cadastro-de-professor","status":"publish","type":"page","link":"https:\/\/shinobikimonos.com\/en\/cadastro-de-professor\/","title":{"rendered":"Cadastro de Professor"},"content":{"rendered":"<p>[vc_row css=&#8221;.vc_custom_1566768763185{background-color: #ffffff !important;}&#8221;][vc_column][vc_column_text]<\/p>\r\n\n<div class=\"um um-register um-6152\">\n\t<div class=\"um-form\" data-mode=\"register\">\n\t\t<form method=\"post\" action=\"\">\n\t\t\t<div class=\"um-row _um_row_1 \" style=\"margin: 0 0 30px 0;\"><div class=\"um-col-121\"><div  id=\"um_field_6152_user_login\" class=\"um-field um-field-text  um-field-user_login um-field-text um-field-type_text\" data-key=\"user_login\"><div class=\"um-field-label\"><div class=\"um-field-label-icon\"><i class=\"um-faicon-user\" aria-label=\"Nome de Usu\u00e1rio\"><\/i><\/div><label for=\"user_login-6152\">Nome de Usu\u00e1rio<\/label><div class=\"um-clear\"><\/div><\/div><div class=\"um-field-area\"><input  autocomplete=\"off\" class=\"um-form-field valid \" type=\"text\" name=\"user_login-6152\" id=\"user_login-6152\" value=\"\" placeholder=\"\" data-validate=\"unique_username\" data-key=\"user_login\"  aria-invalid=\"false\" \/>\n\n\t\t\t\t\t\t<\/div><\/div><div  id=\"um_field_6152_user_email\" class=\"um-field um-field-text  um-field-user_email um-field-text um-field-type_text\" data-key=\"user_email\"><div class=\"um-field-label\"><div class=\"um-field-label-icon\"><i class=\"um-icon-email\" aria-label=\"e-mail\"><\/i><\/div><label for=\"user_email-6152\">e-mail<\/label><div class=\"um-clear\"><\/div><\/div><div class=\"um-field-area\"><input  autocomplete=\"off\" class=\"um-form-field valid \" type=\"text\" name=\"user_email-6152\" id=\"user_email-6152\" value=\"\" placeholder=\"\" data-validate=\"unique_email\" data-key=\"user_email\"  aria-invalid=\"false\" \/>\n\n\t\t\t\t\t\t<\/div><\/div><\/div><div class=\"um-col-122\"><div  id=\"um_field_6152_user_password\" class=\"um-field um-field-password  um-field-user_password um-field-password um-field-type_password\" data-key=\"user_password\"><div class=\"um-field-label\"><div class=\"um-field-label-icon\"><i class=\"um-icon-key\" aria-label=\"Senha\"><\/i><\/div><label for=\"user_password-6152\">Senha<\/label><div class=\"um-clear\"><\/div><\/div><div class=\"um-field-area\"><input class=\"um-form-field valid \" type=\"password\" name=\"user_password-6152\" id=\"user_password-6152\" value=\"\" placeholder=\"\" data-validate=\"\" data-key=\"user_password\"  aria-invalid=\"false\" \/>\n\n\t\t\t\t\t\t\t<\/div><\/div><div  id=\"um_field_6152_confirm_user_password\" class=\"um-field um-field-password  um-field-user_password um-field-password um-field-type_password\" data-key=\"confirm_user_password\"><div class=\"um-field-label\"><div class=\"um-field-label-icon\"><i class=\"um-icon-key\" aria-label=\"Confirm Senha\"><\/i><\/div><label for=\"confirm_user_password-6152\">Confirm Senha<\/label><div class=\"um-clear\"><\/div><\/div><div class=\"um-field-area\"><input class=\"um-form-field valid \" type=\"password\" name=\"confirm_user_password-6152\" id=\"confirm_user_password-6152\" value=\"\" placeholder=\"Confirm Senha\" data-validate=\"\" data-key=\"confirm_user_password\"  aria-invalid=\"false\" \/><\/div><\/div><\/div><div class=\"um-clear\"><\/div><\/div><div class=\"um-row _um_row_2 \" style=\"margin: 0 0 30px 0;\"><div class=\"um-col-121\"><div  id=\"um_field_6152_first_name\" class=\"um-field um-field-text  um-field-first_name um-field-text um-field-type_text\" data-key=\"first_name\"><div class=\"um-field-label\"><label for=\"first_name-6152\">Nome<\/label><div class=\"um-clear\"><\/div><\/div><div class=\"um-field-area\"><input  autocomplete=\"off\" class=\"um-form-field valid \" type=\"text\" name=\"first_name-6152\" id=\"first_name-6152\" value=\"\" placeholder=\"\" data-validate=\"\" data-key=\"first_name\"  aria-invalid=\"false\" \/>\n\n\t\t\t\t\t\t<\/div><\/div><\/div><div class=\"um-col-122\"><div  id=\"um_field_6152_last_name\" class=\"um-field um-field-text  um-field-last_name um-field-text um-field-type_text\" data-key=\"last_name\"><div class=\"um-field-label\"><label for=\"last_name-6152\">Sobrenome<\/label><div class=\"um-clear\"><\/div><\/div><div class=\"um-field-area\"><input  autocomplete=\"off\" class=\"um-form-field valid \" type=\"text\" name=\"last_name-6152\" id=\"last_name-6152\" value=\"\" placeholder=\"\" data-validate=\"\" data-key=\"last_name\"  aria-invalid=\"false\" \/>\n\n\t\t\t\t\t\t<\/div><\/div><\/div><div class=\"um-clear\"><\/div><\/div><div class=\"um-row _um_row_3 \" style=\"margin: 0 0 30px 0;\"><div class=\"um-col-121\"><div  id=\"um_field_6152_nickname\" class=\"um-field um-field-text  um-field-nickname um-field-text um-field-type_text\" data-key=\"nickname\"><div class=\"um-field-label\"><label for=\"nickname-6152\">Como gostaria de ser chamado?<\/label><div class=\"um-clear\"><\/div><\/div><div class=\"um-field-area\"><input  autocomplete=\"off\" class=\"um-form-field valid \" type=\"text\" name=\"nickname-6152\" id=\"nickname-6152\" value=\"\" placeholder=\"\" data-validate=\"\" data-key=\"nickname\"  aria-invalid=\"false\" \/>\n\n\t\t\t\t\t\t<\/div><\/div><\/div><div class=\"um-col-122\"><div  id=\"um_field_6152_birth_date\" class=\"um-field um-field-date  um-field-birth_date um-field-date um-field-type_date\" data-key=\"birth_date\"><div class=\"um-field-label\"><div class=\"um-field-label-icon\"><i class=\"um-faicon-calendar\" aria-label=\"Data de Nascimento\"><\/i><\/div><label for=\"birth_date-6152\">Data de Nascimento<\/label><div class=\"um-clear\"><\/div><\/div><div class=\"um-field-area\"><input   class=\"um-form-field valid um-datepicker \" type=\"text\" name=\"birth_date-6152\" id=\"birth_date-6152\" value=\"\" placeholder=\"\" data-validate=\"\" data-key=\"birth_date\" data-range=\"years\" data-years=\"115\" data-years_x=\"past\" data-disabled_weekdays=\"\" data-date_min=\"1911,4,29\" data-date_max=\"2026,4,29\" data-format=\"d mmmm yyyy\" data-value=\"\"  aria-invalid=\"false\" \/>\n\n\t\t\t\t\t\t<\/div><\/div><\/div><div class=\"um-clear\"><\/div><\/div><div class=\"um-row _um_row_4 \" style=\"margin: 0 0 30px 0;\"><div class=\"um-col-121\"><div  id=\"um_field_6152_cpf\" class=\"um-field um-field-number  um-field-cpf um-field-number um-field-type_number\" data-key=\"cpf\"><div class=\"um-field-label\"><label for=\"cpf-6152\">CPF<\/label><div class=\"um-clear\"><\/div><\/div><div class=\"um-field-area\"><input  class=\"um-form-field valid \" type=\"number\" name=\"cpf-6152\" id=\"cpf-6152\" value=\"\" placeholder=\"\" data-validate=\"\" data-key=\"cpf\"  min=\"9\"   aria-invalid=\"false\" \/>\n\n\t\t\t\t\t\t<\/div><\/div><\/div><div class=\"um-col-122\"><div  id=\"um_field_6152_cnpj\" class=\"um-field um-field-number  um-field-cnpj um-field-number um-field-type_number\" data-key=\"cnpj\"><div class=\"um-field-label\"><label for=\"cnpj-6152\">CNPJ<\/label><div class=\"um-clear\"><\/div><\/div><div class=\"um-field-area\"><input  class=\"um-form-field valid not-required \" type=\"number\" name=\"cnpj-6152\" id=\"cnpj-6152\" value=\"\" placeholder=\"\" data-validate=\"\" data-key=\"cnpj\"  min=\"9\"   aria-invalid=\"false\" \/>\n\n\t\t\t\t\t\t<\/div><\/div><\/div><div class=\"um-clear\"><\/div><\/div><div class=\"um-row _um_row_5 \" style=\"margin: 0 0 30px 0;\"><div class=\"um-col-121\"><div  id=\"um_field_6152_cadastro-professor\" class=\"um-field um-field-select  um-field-cadastro-professor um-field-select um-field-type_select\" data-key=\"cadastro-professor\"><div class=\"um-field-label\"><label for=\"cadastro-professor-6152\">Em qual organiza\u00e7\u00e3o voc\u00ea \u00e9 professor?<\/label><div class=\"um-clear\"><\/div><\/div><div class=\"um-field-area  \"><select data-default=\"\"     name=\"cadastro-professor\" id=\"cadastro-professor\" data-validate=\"\" data-key=\"cadastro-professor\" class=\"um-form-field valid um-s1 \" style=\"width: 100%\" data-placeholder=\"\"   aria-invalid=\"false\" ><option value=\"\"><\/option><option value=\"Bujinkan\" >Bujinkan<\/option><option value=\"Genbukan\" >Genbukan<\/option><option value=\"Jinenkan\" >Jinenkan<\/option><option value=\"Outra\" >Outra<\/option><\/select><\/div><\/div><\/div><div class=\"um-col-122\"><div  id=\"um_field_6152_outra\" class=\"um-field um-field-text  um-is-conditional um-field-outra um-field-text um-field-type_text\" data-key=\"outra\" data-cond-0-action=\"show\" data-cond-0-field=\"cadastro-professor\" data-cond-0-operator=\"equals to\" data-cond-0-value=\"Outra\"><div class=\"um-field-label\"><label for=\"outra-6152\">A organiza\u00e7\u00e3o escolhida foi outra, qual?<\/label><div class=\"um-clear\"><\/div><\/div><div class=\"um-field-area\"><input  autocomplete=\"off\" class=\"um-form-field valid not-required \" type=\"text\" name=\"outra-6152\" id=\"outra-6152\" value=\"\" placeholder=\"\" data-validate=\"\" data-key=\"outra\"  aria-invalid=\"false\" \/>\n\n\t\t\t\t\t\t<\/div><\/div><\/div><div class=\"um-clear\"><\/div><\/div><div class=\"um-row _um_row_6 \" style=\"margin: 0 0 30px 0;\"><div class=\"um-col-121\"><div  id=\"um_field_6152_dojo\" class=\"um-field um-field-text  um-field-dojo um-field-text um-field-type_text\" data-key=\"dojo\"><div class=\"um-field-label\"><label for=\"dojo-6152\">Qual \u00e9 o nome do seu D\u014dj\u014d?<\/label><div class=\"um-clear\"><\/div><\/div><div class=\"um-field-area\"><input  autocomplete=\"off\" class=\"um-form-field valid \" type=\"text\" name=\"dojo-6152\" id=\"dojo-6152\" value=\"\" placeholder=\"\" data-validate=\"\" data-key=\"dojo\"  aria-invalid=\"false\" \/>\n\n\t\t\t\t\t\t<\/div><\/div><\/div><div class=\"um-col-122\"><div  id=\"um_field_6152_user_url\" class=\"um-field um-field-url  um-field-user_url um-field-url um-field-type_url\" data-key=\"user_url\"><div class=\"um-field-label\"><label for=\"user_url-6152\">Site<\/label><div class=\"um-clear\"><\/div><\/div><div class=\"um-field-area\"><input    class=\"um-form-field valid not-required \" type=\"text\" name=\"user_url-6152\" id=\"user_url-6152\" value=\"\" placeholder=\"\" data-validate=\"url\" data-key=\"user_url\"  aria-invalid=\"false\" \/>\n\n\t\t\t\t\t\t<\/div><\/div><\/div><div class=\"um-clear\"><\/div><\/div><div class=\"um-row _um_row_7 \" style=\"margin: 0 0 30px 0;\"><div class=\"um-col-121\"><div  id=\"um_field_6152_facebook\" class=\"um-field um-field-url  um-field-facebook um-field-url um-field-type_url\" data-key=\"facebook\"><div class=\"um-field-label\"><div class=\"um-field-label-icon\"><i class=\"um-faicon-facebook\" aria-label=\"Facebook\"><\/i><\/div><label for=\"facebook-6152\">Facebook<\/label><div class=\"um-clear\"><\/div><\/div><div class=\"um-field-area\"><input    class=\"um-form-field valid \" type=\"text\" name=\"facebook-6152\" id=\"facebook-6152\" value=\"\" placeholder=\"\" data-validate=\"facebook_url\" data-key=\"facebook\"  aria-invalid=\"false\" \/>\n\n\t\t\t\t\t\t<\/div><\/div><\/div><div class=\"um-col-122\"><div  id=\"um_field_6152_instagram\" class=\"um-field um-field-url  um-field-instagram um-field-url um-field-type_url\" data-key=\"instagram\"><div class=\"um-field-label\"><div class=\"um-field-label-icon\"><i class=\"um-faicon-instagram\" aria-label=\"Instagram\"><\/i><\/div><label for=\"instagram-6152\">Instagram<\/label><div class=\"um-clear\"><\/div><\/div><div class=\"um-field-area\"><input    class=\"um-form-field valid \" type=\"text\" name=\"instagram-6152\" id=\"instagram-6152\" value=\"\" placeholder=\"\" data-validate=\"instagram_url\" data-key=\"instagram\"  aria-invalid=\"false\" \/>\n\n\t\t\t\t\t\t<\/div><\/div><\/div><div class=\"um-clear\"><\/div><\/div><div class=\"um-row _um_row_8 \" style=\"margin: 0 0 30px 0;\"><div class=\"um-col-1\"><div  id=\"um_field_6152_mobile_number\" class=\"um-field um-field-text  um-field-mobile_number um-field-text um-field-type_text\" data-key=\"mobile_number\"><div class=\"um-field-label\"><div class=\"um-field-label-icon\"><i class=\"um-icon-social-whatsapp\" aria-label=\"Celular \/ WhatsApp\"><\/i><\/div><label for=\"mobile_number-6152\">Celular \/ WhatsApp<\/label><div class=\"um-clear\"><\/div><\/div><div class=\"um-field-area\"><input  autocomplete=\"off\" class=\"um-form-field valid \" type=\"text\" name=\"mobile_number-6152\" id=\"mobile_number-6152\" value=\"\" placeholder=\"\" data-validate=\"phone_number\" data-key=\"mobile_number\"  aria-invalid=\"false\" \/>\n\n\t\t\t\t\t\t<\/div><\/div><\/div><\/div>\n<!-- This file should primarily consist of HTML with a little bit of PHP. -->\n<div class=\"um-field um-field-type_terms_conditions\" data-key=\"use_terms_conditions_agreement\" style=\"display:block;padding:0;\">\n\t<div class=\"um-field-area\">\n\t\t<div class=\"um-gdpr-content\" style=\"display:none;\">\n\t\t\t<p>[vc_row css_animation=&#8221;fadeIn&#8221; css=&#8221;.vc_custom_1492772871591{background-color: #ffffff !important;}&#8221;][vc_column][vc_column_text css_animation=&#8221;none&#8221;]Se\u00a0voc\u00ea \u00e9 professor, temos um desconto especial para voc\u00ea, assim voc\u00ea poder\u00e1 encomendar nossos produtos para seus alunos.<br \/>\nO sistema \u00e9\u00a0automatizado, simples e muito eficiente.<\/p>\n<p>Para obter os descontos praticados na tabela de de professores\u00a0<strong>Shinobi Kimonos<\/strong>, basta\u00a0respeitar o valor m\u00ednimo de compra e por final selecionar o m\u00e9todo de envio\u00a0desejado.<\/p>\n<p>&nbsp;<\/p>\n<h2 style=\"text-align: center\"><strong><span style=\"color: #000000\">PROFESSOR: Pedido M\u00ednimo:<\/span>\u00a0<span style=\"color: #408c2b\">5\u00a0produtos<\/span><\/strong><\/h2>\n<h3 style=\"text-align: center\"><span style=\"color: #000000\">O pedido dever\u00e1 possuir\u00a0no m\u00ednimo<\/span> <span style=\"color: #408c2b\"><strong>5 produtos<\/strong><\/span>.<\/h3>\n<hr \/>\n<h2 style=\"text-align: center\"><span style=\"color: #000000\"><strong>PERGUNTAS FREQUENTES<\/strong><\/span><\/h2>\n<ol>\n<li>\n<h3><strong>Como fa\u00e7o para come\u00e7ar a comprar com desconto de professor?<\/strong><\/h3>\n<p>Basta fazer um breve cadastro em nosso site <a href=\"https:\/\/shinobikimonos.com\/cadastro-de-professor\/\"><strong>clicando aqui<\/strong><\/a>.<\/p>\n<hr \/>\n<\/li>\n<li>\n<h3><strong>Irei receber uma tabela?<\/strong><\/h3>\n<p>N\u00e3o temos tabela. Logo que alterado seu &#8220;status&#8221; para professor, basta voc\u00ea logar no site que automaticamente os valores estar\u00e3o alterados.<\/p>\n<hr \/>\n<\/li>\n<li>\n<h3><strong>Qual o pedido m\u00ednimo?<br \/>\n<\/strong><\/h3>\n<p>A quantidade\u00a0m\u00ednima\u00a0dever\u00e1 ser de <strong><strong><span style=\"color: #408c2b\">5 produtos<\/span>.<\/strong><\/strong><\/p>\n<hr \/>\n<\/li>\n<li>\n<h3><strong>Preciso de CNPJ?<\/strong><\/h3>\n<p>N\u00e3o, voc\u00ea pode se cadastrar com o CPF sem problemas.<\/p>\n<hr \/>\n<\/li>\n<li>\n<h3><strong>Qual desconto terei comprando como professor?<\/strong><\/h3>\n<p>O desconto \u00e9 vari\u00e1vel dependendo do produto sendo em m\u00e9dia de <strong>5%<\/strong> a <strong>25%<\/strong> dependendo da quantidade de cada produto escolhido.<\/p>\n<hr \/>\n<\/li>\n<li>\n<h3><strong>Qual o valor do frete?<\/strong><\/h3>\n<p>Nos pedidos para revenda o frete \u00e9 cobrado e pode ser simulado em nosso site.<\/p>\n<hr \/>\n<\/li>\n<li>\n<h3><strong>Quais as formas de pagamento?<\/strong><\/h3>\n<p>Os pedidos podem ser pagos \u00e0 vista por boleto, d\u00e9bito, transfer\u00eancia ou parcelado no cart\u00e3o, conforme os valores que ser\u00e3o apresentados no site. Tamb\u00e9m temos as op\u00e7\u00f5es de <strong>Pagamentos por dep\u00f3sito\/transfer\u00eancia direta<\/strong> para o <strong>Banco Bradesco<\/strong> ou transfer\u00eancia <strong>DOC\/TED<\/strong> para o <strong>Banco Neon<\/strong>.<\/li>\n<\/ol>\n<p>[\/vc_column_text][\/vc_column][\/vc_row]<\/p>\n\t\t<\/div>\n\t\t<a href=\"javascript:void(0);\" class=\"um-toggle-gdpr\" data-toggle-state=\"hidden\"\n\t\t\tdata-toggle-show=\"Ver Termos e Condi\u00e7\u00f5es\"\n\t\t\tdata-toggle-hide=\"Ocultar Termos e Condi\u00e7\u00f5es\">\n\t\t\tVer Termos e Condi\u00e7\u00f5es\t\t<\/a>\n\t<\/div>\n\t<div class=\"um-field-area\">\n\t\t<label class=\"um-field-checkbox\">\n\t\t\t<input type=\"checkbox\" name=\"use_gdpr_agreement\" value=\"1\">\n\t\t\t<span class=\"um-field-checkbox-state\"><i class=\"um-icon-android-checkbox-outline-blank\"><\/i><\/span>\n\t\t\t<span class=\"um-field-checkbox-option\">Eu Aceito os Termos e Condi\u00e7\u00f5es<\/span>\n\t\t<\/label>\n\t\t<div class=\"um-clear\"><\/div>\n\t\t\t\t<div class=\"um-clear\"><\/div>\n\t<\/div>\n<\/div>\n\t<input type=\"hidden\" name=\"form_id\" id=\"form_id_6152\" value=\"6152\" \/>\n\t\t<p class=\"um_request_name\">\n\t\t<label for=\"um_request_6152\">Only fill in if you are not human<\/label>\n\t\t<input type=\"hidden\" name=\"um_request\" id=\"um_request_6152\" class=\"input\" value=\"\" size=\"25\" autocomplete=\"off\" \/>\n\t<\/p>\n\t<input type=\"hidden\" id=\"_wpnonce\" name=\"_wpnonce\" value=\"7b101ed8f1\" \/><input type=\"hidden\" name=\"_wp_http_referer\" value=\"\/en\/wp-json\/wp\/v2\/pages\/6155\" \/>\n\t<div class=\"um-col-alt\">\n\n\t\t\n\t\t\t<div class=\"um-center\">\n\t\t\t\t<input type=\"submit\" value=\"CADASTRAR\" class=\"um-button\" id=\"um-submit-btn\" \/>\n\t\t\t<\/div>\n\n\t\t\n\t\t<div class=\"um-clear\"><\/div>\n\n\t<\/div>\n\n\t\t\t<\/form>\n\t<\/div>\n<\/div>\n<style>\n\t\t\t.um-6152.um {\n\t\t\tmax-width: 650px;\n\t\t}\n\t\t<\/style>\n\r\n<p>[\/vc_column_text][\/vc_column][\/vc_row]<\/p>","protected":false},"excerpt":{"rendered":"<p>[vc_row css=&#8221;.vc_custom_1566768763185{background-color: #ffffff !important;}&#8221;][vc_column][vc_column_text] [\/vc_column_text][\/vc_column][\/vc_row]<\/p>\n","protected":false},"author":1,"featured_media":0,"parent":0,"menu_order":0,"comment_status":"closed","ping_status":"closed","template":"","meta":{"footnotes":""},"class_list":["post-6155","page","type-page","status-publish","hentry"],"yoast_head":"<!-- This site is optimized with the Yoast SEO plugin v27.0 - https:\/\/yoast.com\/product\/yoast-seo-wordpress\/ -->\n<title>Cadastro de Professor -<\/title>\n<meta name=\"robots\" content=\"index, follow, max-snippet:-1, max-image-preview:large, max-video-preview:-1\" \/>\n<link rel=\"canonical\" href=\"https:\/\/shinobikimonos.com\/en\/cadastro-de-professor\/\" \/>\n<meta property=\"og:locale\" content=\"en_US\" \/>\n<meta property=\"og:type\" content=\"article\" \/>\n<meta property=\"og:title\" content=\"Cadastro de Professor -\" \/>\n<meta property=\"og:description\" content=\"[vc_row css=&#8221;.vc_custom_1566768763185{background-color: #ffffff !important;}&#8221;][vc_column][vc_column_text] [\/vc_column_text][\/vc_column][\/vc_row]\" \/>\n<meta property=\"og:url\" content=\"https:\/\/shinobikimonos.com\/en\/cadastro-de-professor\/\" \/>\n<meta property=\"article:modified_time\" content=\"2019-08-25T21:33:03+00:00\" \/>\n<meta name=\"twitter:card\" content=\"summary_large_image\" \/>\n<script type=\"application\/ld+json\" class=\"yoast-schema-graph\">{\"@context\":\"https:\/\/schema.org\",\"@graph\":[{\"@type\":\"WebPage\",\"@id\":\"https:\/\/shinobikimonos.com\/cadastro-de-professor\/\",\"url\":\"https:\/\/shinobikimonos.com\/cadastro-de-professor\/\",\"name\":\"Cadastro de Professor -\",\"isPartOf\":{\"@id\":\"https:\/\/shinobikimonos.com\/#website\"},\"datePublished\":\"2019-08-25T21:30:11+00:00\",\"dateModified\":\"2019-08-25T21:33:03+00:00\",\"inLanguage\":\"en-US\",\"potentialAction\":[{\"@type\":\"ReadAction\",\"target\":[\"https:\/\/shinobikimonos.com\/cadastro-de-professor\/\"]}]},{\"@type\":\"WebSite\",\"@id\":\"https:\/\/shinobikimonos.com\/#website\",\"url\":\"https:\/\/shinobikimonos.com\/\",\"name\":\"\",\"description\":\"\",\"potentialAction\":[{\"@type\":\"SearchAction\",\"target\":{\"@type\":\"EntryPoint\",\"urlTemplate\":\"https:\/\/shinobikimonos.com\/?s={search_term_string}\"},\"query-input\":{\"@type\":\"PropertyValueSpecification\",\"valueRequired\":true,\"valueName\":\"search_term_string\"}}],\"inLanguage\":\"en-US\"}]}<\/script>\n<!-- \/ Yoast SEO plugin. -->","yoast_head_json":{"title":"Cadastro de Professor -","robots":{"index":"index","follow":"follow","max-snippet":"max-snippet:-1","max-image-preview":"max-image-preview:large","max-video-preview":"max-video-preview:-1"},"canonical":"https:\/\/shinobikimonos.com\/en\/cadastro-de-professor\/","og_locale":"en_US","og_type":"article","og_title":"Cadastro de Professor -","og_description":"[vc_row css=&#8221;.vc_custom_1566768763185{background-color: #ffffff !important;}&#8221;][vc_column][vc_column_text] [\/vc_column_text][\/vc_column][\/vc_row]","og_url":"https:\/\/shinobikimonos.com\/en\/cadastro-de-professor\/","article_modified_time":"2019-08-25T21:33:03+00:00","twitter_card":"summary_large_image","schema":{"@context":"https:\/\/schema.org","@graph":[{"@type":"WebPage","@id":"https:\/\/shinobikimonos.com\/cadastro-de-professor\/","url":"https:\/\/shinobikimonos.com\/cadastro-de-professor\/","name":"Cadastro de Professor -","isPartOf":{"@id":"https:\/\/shinobikimonos.com\/#website"},"datePublished":"2019-08-25T21:30:11+00:00","dateModified":"2019-08-25T21:33:03+00:00","inLanguage":"en-US","potentialAction":[{"@type":"ReadAction","target":["https:\/\/shinobikimonos.com\/cadastro-de-professor\/"]}]},{"@type":"WebSite","@id":"https:\/\/shinobikimonos.com\/#website","url":"https:\/\/shinobikimonos.com\/","name":"","description":"","potentialAction":[{"@type":"SearchAction","target":{"@type":"EntryPoint","urlTemplate":"https:\/\/shinobikimonos.com\/?s={search_term_string}"},"query-input":{"@type":"PropertyValueSpecification","valueRequired":true,"valueName":"search_term_string"}}],"inLanguage":"en-US"}]}},"_links":{"self":[{"href":"https:\/\/shinobikimonos.com\/en\/wp-json\/wp\/v2\/pages\/6155","targetHints":{"allow":["GET"]}}],"collection":[{"href":"https:\/\/shinobikimonos.com\/en\/wp-json\/wp\/v2\/pages"}],"about":[{"href":"https:\/\/shinobikimonos.com\/en\/wp-json\/wp\/v2\/types\/page"}],"author":[{"embeddable":true,"href":"https:\/\/shinobikimonos.com\/en\/wp-json\/wp\/v2\/users\/1"}],"replies":[{"embeddable":true,"href":"https:\/\/shinobikimonos.com\/en\/wp-json\/wp\/v2\/comments?post=6155"}],"version-history":[{"count":3,"href":"https:\/\/shinobikimonos.com\/en\/wp-json\/wp\/v2\/pages\/6155\/revisions"}],"predecessor-version":[{"id":6161,"href":"https:\/\/shinobikimonos.com\/en\/wp-json\/wp\/v2\/pages\/6155\/revisions\/6161"}],"wp:attachment":[{"href":"https:\/\/shinobikimonos.com\/en\/wp-json\/wp\/v2\/media?parent=6155"}],"curies":[{"name":"wp","href":"https:\/\/api.w.org\/{rel}","templated":true}]}}