{"id":531,"date":"2016-03-28T20:20:31","date_gmt":"2016-03-28T20:20:31","guid":{"rendered":"http:\/\/shinobikimonos.com\/?page_id=531"},"modified":"2026-02-23T02:50:17","modified_gmt":"2026-02-23T02:50:17","slug":"como-comprar","status":"publish","type":"page","link":"https:\/\/shinobikimonos.com\/en\/como-comprar\/","title":{"rendered":"How to Buy"},"content":{"rendered":"<div data-elementor-type=\"wp-page\" data-elementor-id=\"531\" class=\"elementor elementor-531\" data-elementor-settings=\"{&quot;ha_cmc_init_switcher&quot;:&quot;no&quot;}\">\n\t\t\t\t\t\t<section class=\"elementor-section elementor-top-section elementor-element elementor-element-6f945592 elementor-section-boxed elementor-section-height-default elementor-section-height-default\" data-id=\"6f945592\" data-element_type=\"section\" data-e-type=\"section\" data-settings=\"{&quot;_ha_eqh_enable&quot;:false}\">\n\t\t\t\t\t\t<div class=\"elementor-container elementor-column-gap-default\">\n\t\t\t\t\t<div class=\"elementor-column elementor-col-100 elementor-top-column elementor-element elementor-element-604e08b2\" data-id=\"604e08b2\" data-element_type=\"column\" data-e-type=\"column\">\n\t\t\t<div class=\"elementor-widget-wrap elementor-element-populated\">\n\t\t\t\t\t\t<div class=\"elementor-element elementor-element-6bd12116 elementor-widget elementor-widget-text-editor\" data-id=\"6bd12116\" data-element_type=\"widget\" data-e-type=\"widget\" data-widget_type=\"text-editor.default\">\n\t\t\t\t<div class=\"elementor-widget-container\">\n\t\t\t\t\t\t\t\t\t<p><strong>PLACLNG AN ORDER ON OUR SITE:<br \/><\/strong><\/p><ul><li class=\"translation-block\">Avaliable products for sale are marked \"<strong>IN STOCK<\/strong>\" or \"<strong>AVALIABLE ON BACKORDER<\/strong>\".<\/li><li class=\"translation-block\">\"<strong>AVALIABLE ON BACKORDER<\/strong>\" products the average time is between<strong>10 to 20 days<\/strong> for delivery, depending on demand, <strong>this shipping time may vary for less or more<\/strong>.<\/li><li>By choosing the desired product, remember to select the desired options (size, type, etc.).<\/li><li class=\"translation-block\">Choose the desired quantity and click \"<strong>ADD TO CART<\/strong>\".<\/li><li>After that, you will be redirected to the Shopping Cart.<\/li><li class=\"translation-block\">Click \"<strong>CHECKOUT<\/strong>\" and you will be directed to the page where you will have the shipping and payment options.<\/li><\/ul><p>\u00a0<\/p><p><strong>SHIPPING TERMS<\/strong><\/p><ul><li class=\"translation-block\">Remember to fill in your address correctly, <strong>because we are not responsible for lost orders due to missing or error of information (wrong address) or not received by absence<\/strong>.\u00a0The value of the reshipping will be\u00a0paid by the customers.<\/li><li class=\"translation-block\">All orders are shipped with <strong>Insurance<\/strong>.<\/li><li class=\"translation-block\">The orders are posted every <strong>Friday<\/strong>.<\/li><li><strong>By purchasing on our site, you will be in accordance with the terms of delivery.<\/strong><\/li><li>Orders will only be processed after payment confirmation.<\/li><\/ul><p>\u00a0<\/p><p><strong>PAYMENT OPTIONS:<\/strong><\/p><p><img decoding=\"async\" class=\"alignleft wp-image-18001\" src=\"https:\/\/shinobikimonos.com\/wp-content\/uploads\/2026\/02\/logo_pix.png\" alt=\"\" width=\"135\" height=\"48\" srcset=\"https:\/\/shinobikimonos.com\/wp-content\/uploads\/2026\/02\/logo_pix.png 540w, https:\/\/shinobikimonos.com\/wp-content\/uploads\/2026\/02\/logo_pix-300x106.png 300w, https:\/\/shinobikimonos.com\/wp-content\/uploads\/2026\/02\/logo_pix-305x107.png 305w\" sizes=\"(max-width: 135px) 100vw, 135px\" \/>\u00a0<span style=\"color: #008000;\"><strong>5% de\u00a0<\/strong><\/span><span style=\"color: #008000;\"><strong>desconto<\/strong><\/span>.<br \/><br \/><\/p><hr \/><p><br \/><img decoding=\"async\" class=\"wp-image-17997 alignleft\" src=\"https:\/\/shinobikimonos.com\/wp-content\/uploads\/2026\/02\/mercado-pago.webp\" alt=\"\" width=\"135\" height=\"47\" srcset=\"https:\/\/shinobikimonos.com\/wp-content\/uploads\/2026\/02\/mercado-pago.webp 588w, https:\/\/shinobikimonos.com\/wp-content\/uploads\/2026\/02\/mercado-pago-300x105.webp 300w, https:\/\/shinobikimonos.com\/wp-content\/uploads\/2026\/02\/mercado-pago-305x107.webp 305w\" sizes=\"(max-width: 135px) 100vw, 135px\" \/><\/p><p><strong>Pix e Cart\u00e3o de Cr\u00e9dito (Parcelamento em at\u00e9 12x).<br \/><br \/><\/strong><\/p><hr \/><p><br \/><img decoding=\"async\" class=\"alignleft  wp-image-622\" src=\"https:\/\/shinobikimonos.com\/wp-content\/uploads\/2016\/04\/Paypal.png\" alt=\"\" width=\"138\" height=\"37\" \/><\/p><div class=\"textoCinza11\"><p><strong>Cart\u00e3o de Cr\u00e9dito (Pagamentos somente \u00e0 vista).<\/strong><\/p><\/div>\t\t\t\t\t\t\t\t<\/div>\n\t\t\t\t<\/div>\n\t\t\t\t\t<\/div>\n\t\t<\/div>\n\t\t\t\t\t<\/div>\n\t\t<\/section>\n\t\t\t\t<\/div>","protected":false},"excerpt":{"rendered":"<p>REALIZANDO COMPRAS EM NOSSO SITE: Os produtos dispon\u00edveis para venda est\u00e3o marcados como &#8220;DISPON\u00cdVEL&#8221; ou &#8220;SOB-ENCOMENDA&#8220;. Produtos &#8220;SOB-ENCOMENDA&#8221; demoram em m\u00e9dia de 10 a 20 dias para serem enviados, dependendo da demanda, este prazo pode variar para menos ou para mais. Ao escolher o produto desejado, lembre-se de selecionar as op\u00e7\u00f5es desejadas (tamanho, modelo, etc.). [&hellip;]<\/p>\n","protected":false},"author":1,"featured_media":0,"parent":0,"menu_order":0,"comment_status":"closed","ping_status":"closed","template":"","meta":{"footnotes":""},"class_list":["post-531","page","type-page","status-publish","hentry"],"yoast_head":"<!-- This site is optimized with the Yoast SEO plugin v27.0 - https:\/\/yoast.com\/product\/yoast-seo-wordpress\/ -->\n<title>Como Comprar -<\/title>\n<meta name=\"robots\" content=\"index, follow, max-snippet:-1, max-image-preview:large, max-video-preview:-1\" \/>\n<link rel=\"canonical\" href=\"https:\/\/shinobikimonos.com\/en\/como-comprar\/\" \/>\n<meta property=\"og:locale\" content=\"en_US\" \/>\n<meta property=\"og:type\" content=\"article\" \/>\n<meta property=\"og:title\" content=\"Como Comprar -\" \/>\n<meta property=\"og:description\" content=\"REALIZANDO COMPRAS EM NOSSO SITE: Os produtos dispon\u00edveis para venda est\u00e3o marcados como &#8220;DISPON\u00cdVEL&#8221; ou &#8220;SOB-ENCOMENDA&#8220;. Produtos &#8220;SOB-ENCOMENDA&#8221; demoram em m\u00e9dia de 10 a 20 dias para serem enviados, dependendo da demanda, este prazo pode variar para menos ou para mais. Ao escolher o produto desejado, lembre-se de selecionar as op\u00e7\u00f5es desejadas (tamanho, modelo, etc.). [&hellip;]\" \/>\n<meta property=\"og:url\" content=\"https:\/\/shinobikimonos.com\/en\/como-comprar\/\" \/>\n<meta property=\"article:modified_time\" content=\"2026-02-23T02:50:17+00:00\" \/>\n<meta property=\"og:image\" content=\"https:\/\/shinobikimonos.com\/wp-content\/uploads\/2026\/02\/logo_pix.png\" \/>\n\t<meta property=\"og:image:width\" content=\"540\" \/>\n\t<meta property=\"og:image:height\" content=\"190\" \/>\n\t<meta property=\"og:image:type\" content=\"image\/png\" \/>\n<meta name=\"twitter:card\" content=\"summary_large_image\" \/>\n<meta name=\"twitter:label1\" content=\"Est. reading time\" \/>\n\t<meta name=\"twitter:data1\" content=\"2 minutes\" \/>\n<script type=\"application\/ld+json\" class=\"yoast-schema-graph\">{\"@context\":\"https:\/\/schema.org\",\"@graph\":[{\"@type\":\"WebPage\",\"@id\":\"https:\/\/shinobikimonos.com\/como-comprar\/\",\"url\":\"https:\/\/shinobikimonos.com\/como-comprar\/\",\"name\":\"Como Comprar -\",\"isPartOf\":{\"@id\":\"https:\/\/shinobikimonos.com\/#website\"},\"primaryImageOfPage\":{\"@id\":\"https:\/\/shinobikimonos.com\/como-comprar\/#primaryimage\"},\"image\":{\"@id\":\"https:\/\/shinobikimonos.com\/como-comprar\/#primaryimage\"},\"thumbnailUrl\":\"https:\/\/shinobikimonos.com\/wp-content\/uploads\/2026\/02\/logo_pix.png\",\"datePublished\":\"2016-03-28T20:20:31+00:00\",\"dateModified\":\"2026-02-23T02:50:17+00:00\",\"inLanguage\":\"en-US\",\"potentialAction\":[{\"@type\":\"ReadAction\",\"target\":[\"https:\/\/shinobikimonos.com\/como-comprar\/\"]}]},{\"@type\":\"ImageObject\",\"inLanguage\":\"en-US\",\"@id\":\"https:\/\/shinobikimonos.com\/como-comprar\/#primaryimage\",\"url\":\"https:\/\/shinobikimonos.com\/wp-content\/uploads\/2026\/02\/logo_pix.png\",\"contentUrl\":\"https:\/\/shinobikimonos.com\/wp-content\/uploads\/2026\/02\/logo_pix.png\"},{\"@type\":\"WebSite\",\"@id\":\"https:\/\/shinobikimonos.com\/#website\",\"url\":\"https:\/\/shinobikimonos.com\/\",\"name\":\"\",\"description\":\"\",\"potentialAction\":[{\"@type\":\"SearchAction\",\"target\":{\"@type\":\"EntryPoint\",\"urlTemplate\":\"https:\/\/shinobikimonos.com\/?s={search_term_string}\"},\"query-input\":{\"@type\":\"PropertyValueSpecification\",\"valueRequired\":true,\"valueName\":\"search_term_string\"}}],\"inLanguage\":\"en-US\"}]}<\/script>\n<!-- \/ Yoast SEO plugin. -->","yoast_head_json":{"title":"Como Comprar -","robots":{"index":"index","follow":"follow","max-snippet":"max-snippet:-1","max-image-preview":"max-image-preview:large","max-video-preview":"max-video-preview:-1"},"canonical":"https:\/\/shinobikimonos.com\/en\/como-comprar\/","og_locale":"en_US","og_type":"article","og_title":"Como Comprar -","og_description":"REALIZANDO COMPRAS EM NOSSO SITE: Os produtos dispon\u00edveis para venda est\u00e3o marcados como &#8220;DISPON\u00cdVEL&#8221; ou &#8220;SOB-ENCOMENDA&#8220;. Produtos &#8220;SOB-ENCOMENDA&#8221; demoram em m\u00e9dia de 10 a 20 dias para serem enviados, dependendo da demanda, este prazo pode variar para menos ou para mais. Ao escolher o produto desejado, lembre-se de selecionar as op\u00e7\u00f5es desejadas (tamanho, modelo, etc.). [&hellip;]","og_url":"https:\/\/shinobikimonos.com\/en\/como-comprar\/","article_modified_time":"2026-02-23T02:50:17+00:00","og_image":[{"width":540,"height":190,"url":"https:\/\/shinobikimonos.com\/wp-content\/uploads\/2026\/02\/logo_pix.png","type":"image\/png"}],"twitter_card":"summary_large_image","twitter_misc":{"Est. reading time":"2 minutes"},"schema":{"@context":"https:\/\/schema.org","@graph":[{"@type":"WebPage","@id":"https:\/\/shinobikimonos.com\/como-comprar\/","url":"https:\/\/shinobikimonos.com\/como-comprar\/","name":"Como Comprar -","isPartOf":{"@id":"https:\/\/shinobikimonos.com\/#website"},"primaryImageOfPage":{"@id":"https:\/\/shinobikimonos.com\/como-comprar\/#primaryimage"},"image":{"@id":"https:\/\/shinobikimonos.com\/como-comprar\/#primaryimage"},"thumbnailUrl":"https:\/\/shinobikimonos.com\/wp-content\/uploads\/2026\/02\/logo_pix.png","datePublished":"2016-03-28T20:20:31+00:00","dateModified":"2026-02-23T02:50:17+00:00","inLanguage":"en-US","potentialAction":[{"@type":"ReadAction","target":["https:\/\/shinobikimonos.com\/como-comprar\/"]}]},{"@type":"ImageObject","inLanguage":"en-US","@id":"https:\/\/shinobikimonos.com\/como-comprar\/#primaryimage","url":"https:\/\/shinobikimonos.com\/wp-content\/uploads\/2026\/02\/logo_pix.png","contentUrl":"https:\/\/shinobikimonos.com\/wp-content\/uploads\/2026\/02\/logo_pix.png"},{"@type":"WebSite","@id":"https:\/\/shinobikimonos.com\/#website","url":"https:\/\/shinobikimonos.com\/","name":"","description":"","potentialAction":[{"@type":"SearchAction","target":{"@type":"EntryPoint","urlTemplate":"https:\/\/shinobikimonos.com\/?s={search_term_string}"},"query-input":{"@type":"PropertyValueSpecification","valueRequired":true,"valueName":"search_term_string"}}],"inLanguage":"en-US"}]}},"_links":{"self":[{"href":"https:\/\/shinobikimonos.com\/en\/wp-json\/wp\/v2\/pages\/531","targetHints":{"allow":["GET"]}}],"collection":[{"href":"https:\/\/shinobikimonos.com\/en\/wp-json\/wp\/v2\/pages"}],"about":[{"href":"https:\/\/shinobikimonos.com\/en\/wp-json\/wp\/v2\/types\/page"}],"author":[{"embeddable":true,"href":"https:\/\/shinobikimonos.com\/en\/wp-json\/wp\/v2\/users\/1"}],"replies":[{"embeddable":true,"href":"https:\/\/shinobikimonos.com\/en\/wp-json\/wp\/v2\/comments?post=531"}],"version-history":[{"count":9,"href":"https:\/\/shinobikimonos.com\/en\/wp-json\/wp\/v2\/pages\/531\/revisions"}],"predecessor-version":[{"id":18004,"href":"https:\/\/shinobikimonos.com\/en\/wp-json\/wp\/v2\/pages\/531\/revisions\/18004"}],"wp:attachment":[{"href":"https:\/\/shinobikimonos.com\/en\/wp-json\/wp\/v2\/media?parent=531"}],"curies":[{"name":"wp","href":"https:\/\/api.w.org\/{rel}","templated":true}]}}