{"id":2401,"date":"2018-03-12T06:24:03","date_gmt":"2018-03-12T09:24:03","guid":{"rendered":"https:\/\/shinobikimonos.com\/?page_id=2401\/"},"modified":"2018-03-12T06:24:03","modified_gmt":"2018-03-12T09:24:03","slug":"termos-e-condicoes","status":"publish","type":"page","link":"https:\/\/shinobikimonos.com\/en\/termos-e-condicoes\/","title":{"rendered":"Termos e Condi\u00e7\u00f5es"},"content":{"rendered":"<p><strong>PLACLNG AN ORDER ON OUR SITE:<br \/>\n<\/strong><\/p>\n<ul>\n<li class=\"translation-block\">Avaliable products for sale are marked \"<strong>IN STOCK<\/strong>\" or \"<strong>AVALIABLE ON BACKORDER<\/strong>\".<\/li>\n<li class=\"translation-block\">\"<strong>AVALIABLE ON BACKORDER<\/strong>\" products the average time is between<strong>10 to 20 days<\/strong> for delivery, depending on demand, <strong>this shipping time may vary for less or more<\/strong>.<\/li>\n<li>By choosing the desired product, remember to select the desired options (size, type, etc.).<\/li>\n<li class=\"translation-block\">Choose the desired quantity and click \"<strong>ADD TO CART<\/strong>\".<\/li>\n<li>After that, you will be redirected to the Shopping Cart.<\/li>\n<li class=\"translation-block\">Click \"<strong>CHECKOUT<\/strong>\" and you will be directed to the page where you will have the shipping and payment options.<\/li>\n<\/ul>\n<p>&nbsp;<\/p>\n<p><strong>SHIPPING TERMS<\/strong><\/p>\n<ul>\n<li class=\"translation-block\">Remember to fill in your address correctly, <strong>because we are not responsible for lost orders due to missing or error of information (wrong address) or not received by absence<\/strong>.\u00a0The value of the reshipping will be\u00a0paid by the customers.<\/li>\n<li class=\"translation-block\">All orders are shipped with <strong>Insurance<\/strong>.<\/li>\n<li class=\"translation-block\">The orders are posted every <strong>Friday<\/strong>.<\/li>\n<li><strong>By purchasing on our site, you will be in accordance with the terms of delivery.<\/strong><\/li>\n<li>Orders will only be processed after payment confirmation.<\/li>\n<\/ul>\n<p>&nbsp;<\/p>","protected":false},"excerpt":{"rendered":"<p>REALIZANDO COMPRAS EM NOSSO SITE: Os produtos dispon\u00edveis para venda est\u00e3o marcados como &#8220;DISPON\u00cdVEL&#8221; ou &#8220;SOB-ENCOMENDA&#8220;. Produtos &#8220;SOB-ENCOMENDA&#8221; demoram em m\u00e9dia de 10 a 20 dias para serem enviados, dependendo da demanda, este prazo pode variar para menos ou para mais. Ao escolher o produto desejado, lembre-se de selecionar as op\u00e7\u00f5es desejadas (tamanho, modelo, etc.). [&hellip;]<\/p>\n","protected":false},"author":1,"featured_media":0,"parent":0,"menu_order":0,"comment_status":"closed","ping_status":"closed","template":"","meta":{"footnotes":""},"class_list":["post-2401","page","type-page","status-publish","hentry"],"yoast_head":"<!-- This site is optimized with the Yoast SEO plugin v27.0 - https:\/\/yoast.com\/product\/yoast-seo-wordpress\/ -->\n<title>Termos e Condi\u00e7\u00f5es -<\/title>\n<meta name=\"robots\" content=\"index, follow, max-snippet:-1, max-image-preview:large, max-video-preview:-1\" \/>\n<link rel=\"canonical\" href=\"https:\/\/shinobikimonos.com\/en\/termos-e-condicoes\/\" \/>\n<meta property=\"og:locale\" content=\"en_US\" \/>\n<meta property=\"og:type\" content=\"article\" \/>\n<meta property=\"og:title\" content=\"Termos e Condi\u00e7\u00f5es -\" \/>\n<meta property=\"og:description\" content=\"REALIZANDO COMPRAS EM NOSSO SITE: Os produtos dispon\u00edveis para venda est\u00e3o marcados como &#8220;DISPON\u00cdVEL&#8221; ou &#8220;SOB-ENCOMENDA&#8220;. Produtos &#8220;SOB-ENCOMENDA&#8221; demoram em m\u00e9dia de 10 a 20 dias para serem enviados, dependendo da demanda, este prazo pode variar para menos ou para mais. Ao escolher o produto desejado, lembre-se de selecionar as op\u00e7\u00f5es desejadas (tamanho, modelo, etc.). [&hellip;]\" \/>\n<meta property=\"og:url\" content=\"https:\/\/shinobikimonos.com\/en\/termos-e-condicoes\/\" \/>\n<meta name=\"twitter:card\" content=\"summary_large_image\" \/>\n<meta name=\"twitter:label1\" content=\"Est. reading time\" \/>\n\t<meta name=\"twitter:data1\" content=\"1 minute\" \/>\n<script type=\"application\/ld+json\" class=\"yoast-schema-graph\">{\"@context\":\"https:\/\/schema.org\",\"@graph\":[{\"@type\":\"WebPage\",\"@id\":\"https:\/\/shinobikimonos.com\/termos-e-condicoes\/\",\"url\":\"https:\/\/shinobikimonos.com\/termos-e-condicoes\/\",\"name\":\"Termos e Condi\u00e7\u00f5es -\",\"isPartOf\":{\"@id\":\"https:\/\/shinobikimonos.com\/#website\"},\"datePublished\":\"2018-03-12T09:24:03+00:00\",\"inLanguage\":\"en-US\",\"potentialAction\":[{\"@type\":\"ReadAction\",\"target\":[\"https:\/\/shinobikimonos.com\/termos-e-condicoes\/\"]}]},{\"@type\":\"WebSite\",\"@id\":\"https:\/\/shinobikimonos.com\/#website\",\"url\":\"https:\/\/shinobikimonos.com\/\",\"name\":\"\",\"description\":\"\",\"potentialAction\":[{\"@type\":\"SearchAction\",\"target\":{\"@type\":\"EntryPoint\",\"urlTemplate\":\"https:\/\/shinobikimonos.com\/?s={search_term_string}\"},\"query-input\":{\"@type\":\"PropertyValueSpecification\",\"valueRequired\":true,\"valueName\":\"search_term_string\"}}],\"inLanguage\":\"en-US\"}]}<\/script>\n<!-- \/ Yoast SEO plugin. -->","yoast_head_json":{"title":"Termos e Condi\u00e7\u00f5es -","robots":{"index":"index","follow":"follow","max-snippet":"max-snippet:-1","max-image-preview":"max-image-preview:large","max-video-preview":"max-video-preview:-1"},"canonical":"https:\/\/shinobikimonos.com\/en\/termos-e-condicoes\/","og_locale":"en_US","og_type":"article","og_title":"Termos e Condi\u00e7\u00f5es -","og_description":"REALIZANDO COMPRAS EM NOSSO SITE: Os produtos dispon\u00edveis para venda est\u00e3o marcados como &#8220;DISPON\u00cdVEL&#8221; ou &#8220;SOB-ENCOMENDA&#8220;. Produtos &#8220;SOB-ENCOMENDA&#8221; demoram em m\u00e9dia de 10 a 20 dias para serem enviados, dependendo da demanda, este prazo pode variar para menos ou para mais. Ao escolher o produto desejado, lembre-se de selecionar as op\u00e7\u00f5es desejadas (tamanho, modelo, etc.). [&hellip;]","og_url":"https:\/\/shinobikimonos.com\/en\/termos-e-condicoes\/","twitter_card":"summary_large_image","twitter_misc":{"Est. reading time":"1 minute"},"schema":{"@context":"https:\/\/schema.org","@graph":[{"@type":"WebPage","@id":"https:\/\/shinobikimonos.com\/termos-e-condicoes\/","url":"https:\/\/shinobikimonos.com\/termos-e-condicoes\/","name":"Termos e Condi\u00e7\u00f5es -","isPartOf":{"@id":"https:\/\/shinobikimonos.com\/#website"},"datePublished":"2018-03-12T09:24:03+00:00","inLanguage":"en-US","potentialAction":[{"@type":"ReadAction","target":["https:\/\/shinobikimonos.com\/termos-e-condicoes\/"]}]},{"@type":"WebSite","@id":"https:\/\/shinobikimonos.com\/#website","url":"https:\/\/shinobikimonos.com\/","name":"","description":"","potentialAction":[{"@type":"SearchAction","target":{"@type":"EntryPoint","urlTemplate":"https:\/\/shinobikimonos.com\/?s={search_term_string}"},"query-input":{"@type":"PropertyValueSpecification","valueRequired":true,"valueName":"search_term_string"}}],"inLanguage":"en-US"}]}},"_links":{"self":[{"href":"https:\/\/shinobikimonos.com\/en\/wp-json\/wp\/v2\/pages\/2401","targetHints":{"allow":["GET"]}}],"collection":[{"href":"https:\/\/shinobikimonos.com\/en\/wp-json\/wp\/v2\/pages"}],"about":[{"href":"https:\/\/shinobikimonos.com\/en\/wp-json\/wp\/v2\/types\/page"}],"author":[{"embeddable":true,"href":"https:\/\/shinobikimonos.com\/en\/wp-json\/wp\/v2\/users\/1"}],"replies":[{"embeddable":true,"href":"https:\/\/shinobikimonos.com\/en\/wp-json\/wp\/v2\/comments?post=2401"}],"version-history":[{"count":0,"href":"https:\/\/shinobikimonos.com\/en\/wp-json\/wp\/v2\/pages\/2401\/revisions"}],"wp:attachment":[{"href":"https:\/\/shinobikimonos.com\/en\/wp-json\/wp\/v2\/media?parent=2401"}],"curies":[{"name":"wp","href":"https:\/\/api.w.org\/{rel}","templated":true}]}}