{"id":226,"date":"2016-03-17T14:33:21","date_gmt":"2016-03-17T14:33:21","guid":{"rendered":"http:\/\/shinobikimonos.com\/?page_id=226"},"modified":"2026-02-23T02:21:03","modified_gmt":"2026-02-23T02:21:03","slug":"sobre-nos","status":"publish","type":"page","link":"https:\/\/shinobikimonos.com\/en\/sobre-nos\/","title":{"rendered":"About Us"},"content":{"rendered":"<div data-elementor-type=\"wp-page\" data-elementor-id=\"226\" class=\"elementor elementor-226\" data-elementor-settings=\"{&quot;ha_cmc_init_switcher&quot;:&quot;no&quot;}\">\n\t\t\t\t\t\t<section class=\"elementor-section elementor-top-section elementor-element elementor-element-368883c1 elementor-section-boxed elementor-section-height-default elementor-section-height-default\" data-id=\"368883c1\" data-element_type=\"section\" data-e-type=\"section\" data-settings=\"{&quot;_ha_eqh_enable&quot;:false}\">\n\t\t\t\t\t\t<div class=\"elementor-container elementor-column-gap-default\">\n\t\t\t\t\t<div class=\"elementor-column elementor-col-100 elementor-top-column elementor-element elementor-element-5484683d\" data-id=\"5484683d\" data-element_type=\"column\" data-e-type=\"column\">\n\t\t\t<div class=\"elementor-widget-wrap elementor-element-populated\">\n\t\t\t\t\t\t<div class=\"elementor-element elementor-element-28d940e9 elementor-widget elementor-widget-text-editor\" data-id=\"28d940e9\" data-element_type=\"widget\" data-e-type=\"widget\" data-widget_type=\"text-editor.default\">\n\t\t\t\t<div class=\"elementor-widget-container\">\n\t\t\t\t\t\t\t\t\t<p><img decoding=\"async\" class=\"wp-image-768 alignleft\" src=\"https:\/\/shinobikimonos.com\/wp-content\/uploads\/2016\/04\/Shinobi-Kimonos-logo-wp.png\" alt=\"\" width=\"190\" height=\"190\" srcset=\"https:\/\/shinobikimonos.com\/wp-content\/uploads\/2016\/04\/Shinobi-Kimonos-logo-wp.png 924w, https:\/\/shinobikimonos.com\/wp-content\/uploads\/2016\/04\/Shinobi-Kimonos-logo-wp-100x100.png 100w, https:\/\/shinobikimonos.com\/wp-content\/uploads\/2016\/04\/Shinobi-Kimonos-logo-wp-305x305.png 305w\" sizes=\"(max-width: 190px) 100vw, 190px\" \/><\/p>\n<p>A <strong>Shinobi Kimonos<\/strong> nasceu em 2008 a partir da ideia de atender os praticantes de <em><strong>Ninjutsu<\/strong> <\/em>com <em><strong>Kimonos<\/strong> <\/em>de modelagem aut\u00eantica e exclusiva que foi desenvolvida por <b>Galleni Junior<\/b>, instrutor s\u00eanior de <em><strong>Ninjutsu<\/strong><\/em>, atrav\u00e9s de minuciosas pesquisas em museus do Jap\u00e3o.<\/p>\n<p class=\"translation-block\">Its traditional cut fits better to the body because it has sleeves wider and shorter, as ancient Japan. This allows its practitioners a better handling with weapons and a free movement for the body (<strong>Taijutsu<\/strong>).<\/p>\n<p><strong>We are a small business consisting of:<br><\/strong><\/p>\n<ul>\n<li>\n<p><strong>1 Gerente Geral.<\/strong><\/p>\n<\/li>\n<li>\n<p><strong>1 Costureira.<\/strong><\/p>\n<\/li>\n<\/ul>\n<p><strong>MISSION<\/strong><\/p>\n<p class=\"translation-block\">Provide to <strong>Ninjutsu<\/strong> practitioners a traditional clothing of quality, which was designed after much reached and study of the <strong>Ninja<\/strong> outfit from feudal Japan.<\/p>\n<p><strong>TARGET\u00a0PUCLIC<\/strong><\/p>\n<p class=\"translation-block\"><strong>Ninjutsu<\/strong> practitioners by traditionality demanding.<\/p>\t\t\t\t\t\t\t\t<\/div>\n\t\t\t\t<\/div>\n\t\t\t\t\t<\/div>\n\t\t<\/div>\n\t\t\t\t\t<\/div>\n\t\t<\/section>\n\t\t\t\t<\/div>","protected":false},"excerpt":{"rendered":"<p>A Shinobi Kimonos nasceu em 2008 a partir da ideia de atender os praticantes de Ninjutsu com Kimonos de modelagem aut\u00eantica e exclusiva que foi desenvolvida por Galleni Junior, instrutor s\u00eanior de Ninjutsu, atrav\u00e9s de minuciosas pesquisas em museus do Jap\u00e3o. Seu corte Tradicional se ajusta melhor ao corpo e por ter as mangas mais [&hellip;]<\/p>\n","protected":false},"author":1,"featured_media":0,"parent":0,"menu_order":0,"comment_status":"closed","ping_status":"closed","template":"","meta":{"footnotes":""},"class_list":["post-226","page","type-page","status-publish","hentry"],"yoast_head":"<!-- This site is optimized with the Yoast SEO plugin v27.0 - https:\/\/yoast.com\/product\/yoast-seo-wordpress\/ -->\n<title>Sobre N\u00f3s -<\/title>\n<meta name=\"robots\" content=\"index, follow, max-snippet:-1, max-image-preview:large, max-video-preview:-1\" \/>\n<link rel=\"canonical\" href=\"https:\/\/shinobikimonos.com\/en\/sobre-nos\/\" \/>\n<meta property=\"og:locale\" content=\"en_US\" \/>\n<meta property=\"og:type\" content=\"article\" \/>\n<meta property=\"og:title\" content=\"Sobre N\u00f3s -\" \/>\n<meta property=\"og:description\" content=\"A Shinobi Kimonos nasceu em 2008 a partir da ideia de atender os praticantes de Ninjutsu com Kimonos de modelagem aut\u00eantica e exclusiva que foi desenvolvida por Galleni Junior, instrutor s\u00eanior de Ninjutsu, atrav\u00e9s de minuciosas pesquisas em museus do Jap\u00e3o. Seu corte Tradicional se ajusta melhor ao corpo e por ter as mangas mais [&hellip;]\" \/>\n<meta property=\"og:url\" content=\"https:\/\/shinobikimonos.com\/en\/sobre-nos\/\" \/>\n<meta property=\"article:modified_time\" content=\"2026-02-23T02:21:03+00:00\" \/>\n<meta property=\"og:image\" content=\"https:\/\/shinobikimonos.com\/wp-content\/uploads\/2016\/04\/Shinobi-Kimonos-logo-wp.png\" \/>\n\t<meta property=\"og:image:width\" content=\"924\" \/>\n\t<meta property=\"og:image:height\" content=\"924\" \/>\n\t<meta property=\"og:image:type\" content=\"image\/png\" \/>\n<meta name=\"twitter:card\" content=\"summary_large_image\" \/>\n<meta name=\"twitter:label1\" content=\"Est. reading time\" \/>\n\t<meta name=\"twitter:data1\" content=\"1 minute\" \/>\n<script type=\"application\/ld+json\" class=\"yoast-schema-graph\">{\"@context\":\"https:\/\/schema.org\",\"@graph\":[{\"@type\":\"WebPage\",\"@id\":\"https:\/\/shinobikimonos.com\/sobre-nos\/\",\"url\":\"https:\/\/shinobikimonos.com\/sobre-nos\/\",\"name\":\"Sobre N\u00f3s -\",\"isPartOf\":{\"@id\":\"https:\/\/shinobikimonos.com\/#website\"},\"primaryImageOfPage\":{\"@id\":\"https:\/\/shinobikimonos.com\/sobre-nos\/#primaryimage\"},\"image\":{\"@id\":\"https:\/\/shinobikimonos.com\/sobre-nos\/#primaryimage\"},\"thumbnailUrl\":\"https:\/\/shinobikimonos.com\/wp-content\/uploads\/2016\/04\/Shinobi-Kimonos-logo-wp.png\",\"datePublished\":\"2016-03-17T14:33:21+00:00\",\"dateModified\":\"2026-02-23T02:21:03+00:00\",\"inLanguage\":\"en-US\",\"potentialAction\":[{\"@type\":\"ReadAction\",\"target\":[\"https:\/\/shinobikimonos.com\/sobre-nos\/\"]}]},{\"@type\":\"ImageObject\",\"inLanguage\":\"en-US\",\"@id\":\"https:\/\/shinobikimonos.com\/sobre-nos\/#primaryimage\",\"url\":\"https:\/\/shinobikimonos.com\/wp-content\/uploads\/2016\/04\/Shinobi-Kimonos-logo-wp.png\",\"contentUrl\":\"https:\/\/shinobikimonos.com\/wp-content\/uploads\/2016\/04\/Shinobi-Kimonos-logo-wp.png\"},{\"@type\":\"WebSite\",\"@id\":\"https:\/\/shinobikimonos.com\/#website\",\"url\":\"https:\/\/shinobikimonos.com\/\",\"name\":\"\",\"description\":\"\",\"potentialAction\":[{\"@type\":\"SearchAction\",\"target\":{\"@type\":\"EntryPoint\",\"urlTemplate\":\"https:\/\/shinobikimonos.com\/?s={search_term_string}\"},\"query-input\":{\"@type\":\"PropertyValueSpecification\",\"valueRequired\":true,\"valueName\":\"search_term_string\"}}],\"inLanguage\":\"en-US\"}]}<\/script>\n<!-- \/ Yoast SEO plugin. -->","yoast_head_json":{"title":"Sobre N\u00f3s -","robots":{"index":"index","follow":"follow","max-snippet":"max-snippet:-1","max-image-preview":"max-image-preview:large","max-video-preview":"max-video-preview:-1"},"canonical":"https:\/\/shinobikimonos.com\/en\/sobre-nos\/","og_locale":"en_US","og_type":"article","og_title":"Sobre N\u00f3s -","og_description":"A Shinobi Kimonos nasceu em 2008 a partir da ideia de atender os praticantes de Ninjutsu com Kimonos de modelagem aut\u00eantica e exclusiva que foi desenvolvida por Galleni Junior, instrutor s\u00eanior de Ninjutsu, atrav\u00e9s de minuciosas pesquisas em museus do Jap\u00e3o. Seu corte Tradicional se ajusta melhor ao corpo e por ter as mangas mais [&hellip;]","og_url":"https:\/\/shinobikimonos.com\/en\/sobre-nos\/","article_modified_time":"2026-02-23T02:21:03+00:00","og_image":[{"width":924,"height":924,"url":"https:\/\/shinobikimonos.com\/wp-content\/uploads\/2016\/04\/Shinobi-Kimonos-logo-wp.png","type":"image\/png"}],"twitter_card":"summary_large_image","twitter_misc":{"Est. reading time":"1 minute"},"schema":{"@context":"https:\/\/schema.org","@graph":[{"@type":"WebPage","@id":"https:\/\/shinobikimonos.com\/sobre-nos\/","url":"https:\/\/shinobikimonos.com\/sobre-nos\/","name":"Sobre N\u00f3s -","isPartOf":{"@id":"https:\/\/shinobikimonos.com\/#website"},"primaryImageOfPage":{"@id":"https:\/\/shinobikimonos.com\/sobre-nos\/#primaryimage"},"image":{"@id":"https:\/\/shinobikimonos.com\/sobre-nos\/#primaryimage"},"thumbnailUrl":"https:\/\/shinobikimonos.com\/wp-content\/uploads\/2016\/04\/Shinobi-Kimonos-logo-wp.png","datePublished":"2016-03-17T14:33:21+00:00","dateModified":"2026-02-23T02:21:03+00:00","inLanguage":"en-US","potentialAction":[{"@type":"ReadAction","target":["https:\/\/shinobikimonos.com\/sobre-nos\/"]}]},{"@type":"ImageObject","inLanguage":"en-US","@id":"https:\/\/shinobikimonos.com\/sobre-nos\/#primaryimage","url":"https:\/\/shinobikimonos.com\/wp-content\/uploads\/2016\/04\/Shinobi-Kimonos-logo-wp.png","contentUrl":"https:\/\/shinobikimonos.com\/wp-content\/uploads\/2016\/04\/Shinobi-Kimonos-logo-wp.png"},{"@type":"WebSite","@id":"https:\/\/shinobikimonos.com\/#website","url":"https:\/\/shinobikimonos.com\/","name":"","description":"","potentialAction":[{"@type":"SearchAction","target":{"@type":"EntryPoint","urlTemplate":"https:\/\/shinobikimonos.com\/?s={search_term_string}"},"query-input":{"@type":"PropertyValueSpecification","valueRequired":true,"valueName":"search_term_string"}}],"inLanguage":"en-US"}]}},"_links":{"self":[{"href":"https:\/\/shinobikimonos.com\/en\/wp-json\/wp\/v2\/pages\/226","targetHints":{"allow":["GET"]}}],"collection":[{"href":"https:\/\/shinobikimonos.com\/en\/wp-json\/wp\/v2\/pages"}],"about":[{"href":"https:\/\/shinobikimonos.com\/en\/wp-json\/wp\/v2\/types\/page"}],"author":[{"embeddable":true,"href":"https:\/\/shinobikimonos.com\/en\/wp-json\/wp\/v2\/users\/1"}],"replies":[{"embeddable":true,"href":"https:\/\/shinobikimonos.com\/en\/wp-json\/wp\/v2\/comments?post=226"}],"version-history":[{"count":24,"href":"https:\/\/shinobikimonos.com\/en\/wp-json\/wp\/v2\/pages\/226\/revisions"}],"predecessor-version":[{"id":17988,"href":"https:\/\/shinobikimonos.com\/en\/wp-json\/wp\/v2\/pages\/226\/revisions\/17988"}],"wp:attachment":[{"href":"https:\/\/shinobikimonos.com\/en\/wp-json\/wp\/v2\/media?parent=226"}],"curies":[{"name":"wp","href":"https:\/\/api.w.org\/{rel}","templated":true}]}}