{"id":221,"date":"2016-03-17T14:23:30","date_gmt":"2016-03-17T14:23:30","guid":{"rendered":"http:\/\/shinobikimonos.com\/?page_id=221"},"modified":"2026-02-23T02:58:13","modified_gmt":"2026-02-23T02:58:13","slug":"como-lavar","status":"publish","type":"page","link":"https:\/\/shinobikimonos.com\/en\/como-lavar\/","title":{"rendered":"How to Wash"},"content":{"rendered":"<div data-elementor-type=\"wp-page\" data-elementor-id=\"221\" class=\"elementor elementor-221\" data-elementor-settings=\"{&quot;ha_cmc_init_switcher&quot;:&quot;no&quot;}\">\n\t\t\t\t\t\t<section class=\"elementor-section elementor-top-section elementor-element elementor-element-1c940270 elementor-section-boxed elementor-section-height-default elementor-section-height-default\" data-id=\"1c940270\" data-element_type=\"section\" data-e-type=\"section\" data-settings=\"{&quot;_ha_eqh_enable&quot;:false}\">\n\t\t\t\t\t\t<div class=\"elementor-container elementor-column-gap-default\">\n\t\t\t\t\t<div class=\"elementor-column elementor-col-100 elementor-top-column elementor-element elementor-element-5b34a39b\" data-id=\"5b34a39b\" data-element_type=\"column\" data-e-type=\"column\">\n\t\t\t<div class=\"elementor-widget-wrap elementor-element-populated\">\n\t\t\t\t\t\t<div class=\"elementor-element elementor-element-5cb2c3ac elementor-widget elementor-widget-text-editor\" data-id=\"5cb2c3ac\" data-element_type=\"widget\" data-e-type=\"widget\" data-widget_type=\"text-editor.default\">\n\t\t\t\t<div class=\"elementor-widget-container\">\n\t\t\t\t\t\t\t\t\t<p><img fetchpriority=\"high\" decoding=\"async\" class=\"wp-image-2217 alignleft\" src=\"https:\/\/shinobikimonos.com\/wp-content\/uploads\/2016\/03\/keikogi-basico01-1.jpg\" alt=\"\" width=\"189\" height=\"309\" srcset=\"https:\/\/shinobikimonos.com\/wp-content\/uploads\/2016\/03\/keikogi-basico01-1.jpg 915w, https:\/\/shinobikimonos.com\/wp-content\/uploads\/2016\/03\/keikogi-basico01-1-183x300.jpg 183w, https:\/\/shinobikimonos.com\/wp-content\/uploads\/2016\/03\/keikogi-basico01-1-305x500.jpg 305w\" sizes=\"(max-width: 189px) 100vw, 189px\" \/><strong>Way to Wash Black Clothes:<br \/><\/strong><\/p><ol><li><p>The first rule to be adopted is never leave the black clothes of sauce. The less they become exposed to water or the sun, the greater its durability.<\/p><\/li><li><p>Always prefer to wash black clothes by hand with others black with other black clothes using mild soap.<\/p><\/li><li><p>For every 10 liters of water, put 3 tablespoons of soap, 3 tablespoons white vinegar, you can also add a little salt, also to use vinegar to rinse.<\/p><\/li><li><p>Dry shade is essential.<\/p><\/li><\/ol><p>Of course, the clothes fade a little, but the vinegar makes it difficult to adhere the paint again, thereby making the appearance of spots.<\/p><p><strong>Conservando seu Keikogi:<\/strong><\/p><p>Tecidos como o\u00a0Brim ou 100% algod\u00e3o s\u00e3o utilizados para <em>Keikogi<\/em>\u00a0de diversas Artes Marciais, ent\u00e3o vamos ver abaixo algumas dicas importantes para conservar seu Keikogi:<\/p><p><strong>1 &#8211; Quanto mais <em>Keikogi<\/em>, melhor!<\/strong><\/p><p>A quantidade de <em>Keikogi<\/em>\u00a0que voc\u00ea deve ter, deve ser compat\u00edvel com a quantidade de treinos semanais. Com apenas 1 <em>Keikogi<\/em>, voc\u00ea n\u00e3o pode treinar a semana inteira, o ideal \u00e9 que voc\u00ea tenha 1 <em>Keikogi<\/em>\u00a0para cada dia de treino, mas se isso n\u00e3o for poss\u00edvel, voc\u00ea deve compensar mantendo sempre limpo!<\/p><hr \/><p><strong>2 &#8211; N\u00e3o\u00a0utilize cloro ou alvejante!<\/strong><\/p><p>Nunca, em hip\u00f3tese nenhuma utilize alvejantes, cloro ou similares, o tecido do seu <em>Keikogi<\/em>\u00a0perde a resist\u00eancia, fica suscet\u00edvel a rasgos e diminui a durabilidade\u00a0e se for preto, ir\u00e1 desbotar totalmente!<\/p><hr \/><p><strong>3 &#8211; Secando seu <em>Keikogi<\/em>.<\/strong><\/p><p>N\u00e3o coloque seu <em>Keikogi<\/em>\u00a0para secar no Sol, ele deve secar na sombra!\u00a0O calor faz com que as fibras enrije\u00e7am e\u00a0fiquem com aspecto &#8220;\u00e1spero&#8221;, ele encolhe com maior facilidade e ainda faz com que seus movimentos fiquem limitados na pr\u00f3xima vez que for utilizar.\u00a0N\u00e3o devem ser secados em secadoras em nenhuma hip\u00f3tese!<\/p><hr \/><p><strong>4 &#8211; Frequ\u00eancia para\u00a0lavar seu <em>Keikogi<\/em>.<\/strong><\/p><p>Lave seu <em>Keikogi<\/em>\u00a0ap\u00f3s cada treino! Sen\u00e3o der para lavar, estenda em local arejado, deixe-o aberto para que o suor evapore. O suor \u00e9 acido ureico, ou seja, corrosivo, e \u00e9 mais inimigo do seu <em>Keikogi<\/em>\u00a0do que os alvejantes.<\/p><hr \/><p><strong>5 &#8211; <em>Keikogi<\/em>\u00a0limpo, sinal de respeito!<\/strong><\/p><p>Sempre treine com <em>Keikogi<\/em>\u00a0limpo! Isso \u00e9\u00a0um principio b\u00e1sico de higiene e um sinal de respeito ao seu professor e colegas de treino e principalmente a voc\u00ea mesmo, sem falar na sa\u00fade de todos envolvidos.<\/p><hr \/><p><strong>6 &#8211; Tenho 2 <em>Keikogi<\/em>, mas treino todo dia, como fa\u00e7o para manter limpo?<\/strong><\/p><p>Se treina mais de 2 vezes por semana, tenha no m\u00ednimo 2 <em>Keikogi<\/em> e intercale a utiliza\u00e7\u00e3o.<\/p><hr \/><p><strong>7 &#8211; Nunca guarde o <em>Keikogi<\/em>\u00a0suado!<\/strong><\/p><p>Nunca, mas nunca mesmo deixe seu <em>Keikogi<\/em>\u00a0sujo, jogado em um canto de casa, no porta-malas do carro, ou ent\u00e3o, dentro da sua mochila de treino, al\u00e9m do mau cheiro e estragar o tecido, pode propiciar a prolifera\u00e7\u00e3o de bact\u00e9rias!<\/p><hr \/><p><strong>8 &#8211; Lave seu <em>Keikogi<\/em>\u00a0do avesso!<\/strong><\/p><p>Lave seu <em>Keikogi<\/em>\u00a0do avesso, o atrito com a pele remove as celulas mortas e lavando do avesso facilita que elas sejam removidas do tecido.<\/p><hr \/><p><strong>9 &#8211; Utilize \u00e1gua fria.<\/strong><\/p><p>Lave sempre seu <em>Keikogi<\/em>\u00a0com \u00e1gua fria, a \u00e1gua quente ajuda a fixar sujeira, manchas de sangue e ainda facilita o encolhimento do <em>Keikogi<\/em>.<\/p><hr \/><p><strong>10 &#8211; Evite secadoras!<\/strong><\/p><p>Evite secar em secadoras, elas podem provocar o encolhimento do <em>Keikogi<\/em>. <strong>\u00c9\u00a0importante lembrar que a secagem do <em>Keikogi<\/em>\u00a0deve ser em varal\u00a0e na sombra.<\/strong> <span style=\"color: #990000;\"><strong>Em nenhuma hip\u00f3tese devem ser colocados em secadoras ou similares.<\/strong><\/span><\/p><hr \/><p><strong>11 &#8211; Encolhimento.<\/strong><\/p><p>No pr\u00f3prio processo de tingimento qu\u00edmico, o tecido j\u00e1 sofre boa porcentagem de encolhimento, a\u00a0via de regra de todos os fabricantes informam que o encolhimento residual \u00e9 de aproximadamente 5%,\u00a0mesmo assim n\u00e3o devem ser secados em secadoras em nenhuma hip\u00f3tese, pois causam um encolhimento muito superior.<\/p><hr \/><p><strong>12 &#8211; Utilize amaciante Neutro.<\/strong><\/p><p>Voc\u00ea pode utilizar amaciante (de prefer\u00eancia neutro).<\/p><hr \/><p><strong>13 &#8211; Como fixar os patchs.<\/strong><\/p><p>Nunca utilize cola para fixar os patchs, sempre costure, al\u00e9m de mais seguro e esteticamente mais bonito, n\u00e3o agride e nem estraga o tecido. Recomendamos utilizar velcro para poder conservar seu patch e para poder transferi-lo para outros <em>Keikogi<\/em>, caso possua mais de um.<\/p><hr \/><p><strong>14 &#8211; Como lavar <em>Keikogi<\/em>\u00a0Colorido? (Preto)<\/strong><\/p><p>Para lavar os <em>Keikogi<\/em>\u00a0pretos, evite lavar na m\u00e1quina. Lave de prefer\u00eancia \u00e0\u00a0m\u00e3o, utilizando sab\u00e3o neutro ou sab\u00e3o de coco e utilize sempre uma escova para esfregar as manchas mais dif\u00edceis.\u00a0Pode-se em cada lavagem, jogar um punhado de sal grosso de churrasco pois este procedimento mant\u00e9m por mais tempo a colora\u00e7\u00e3o original do <em>Keikogi<\/em>\u00a0colorido.<\/p><hr \/><p><strong>15 &#8211; N\u00e3o\u00a0empreste seu <em>Keikogi<\/em>!<\/strong><\/p><p>N\u00e3o conv\u00e9m emprestar ou pedir emprestado um <em>Keikogi<\/em>, ele \u00e9 de uso totalmente pessoal, se for emprestar n\u00e3o o utilize antes de lavar, pode ocorrer a transmiss\u00e3o de bact\u00e9rias e fungos que fazem mal \u00e0\u00a0sa\u00fade.<\/p><hr \/><p>Sabemos que um <em>Keikogi<\/em>\u00a0bom e resistente custa caro, portanto se voc\u00ea seguir essas dicas, seus <em>Keikogi<\/em>\u00a0ir\u00e3o durar muito mais! Seus colegas de treino, e principalmente seu bolso ir\u00e3o agradecer!<\/p>\t\t\t\t\t\t\t\t<\/div>\n\t\t\t\t<\/div>\n\t\t\t\t\t<\/div>\n\t\t<\/div>\n\t\t\t\t\t<\/div>\n\t\t<\/section>\n\t\t\t\t<\/div>","protected":false},"excerpt":{"rendered":"<p>Maneira de Lavar Roupas Pretas: A primeira regra a ser adotada \u00e9 jamais deixar as roupas pretas de molho. Quanto menos elas ficarem expostas ao sab\u00e3o ou ao sol, maior ser\u00e1 sua durabilidade. Prefira sempre lavar as roupas pretas \u00e0 m\u00e3o e junto com outras roupas pretas utilizando sab\u00e3o neutro. Para cada 10 litros de [&hellip;]<\/p>\n","protected":false},"author":1,"featured_media":0,"parent":0,"menu_order":0,"comment_status":"closed","ping_status":"closed","template":"","meta":{"footnotes":""},"class_list":["post-221","page","type-page","status-publish","hentry"],"yoast_head":"<!-- This site is optimized with the Yoast SEO plugin v27.0 - https:\/\/yoast.com\/product\/yoast-seo-wordpress\/ -->\n<title>Como Lavar -<\/title>\n<meta name=\"robots\" content=\"index, follow, max-snippet:-1, max-image-preview:large, max-video-preview:-1\" \/>\n<link rel=\"canonical\" href=\"https:\/\/shinobikimonos.com\/en\/como-lavar\/\" \/>\n<meta property=\"og:locale\" content=\"en_US\" \/>\n<meta property=\"og:type\" content=\"article\" \/>\n<meta property=\"og:title\" content=\"Como Lavar -\" \/>\n<meta property=\"og:description\" content=\"Maneira de Lavar Roupas Pretas: A primeira regra a ser adotada \u00e9 jamais deixar as roupas pretas de molho. Quanto menos elas ficarem expostas ao sab\u00e3o ou ao sol, maior ser\u00e1 sua durabilidade. Prefira sempre lavar as roupas pretas \u00e0 m\u00e3o e junto com outras roupas pretas utilizando sab\u00e3o neutro. Para cada 10 litros de [&hellip;]\" \/>\n<meta property=\"og:url\" content=\"https:\/\/shinobikimonos.com\/en\/como-lavar\/\" \/>\n<meta property=\"article:modified_time\" content=\"2026-02-23T02:58:13+00:00\" \/>\n<meta property=\"og:image\" content=\"https:\/\/shinobikimonos.com\/wp-content\/uploads\/2016\/03\/keikogi-basico01-1.jpg\" \/>\n\t<meta property=\"og:image:width\" content=\"915\" \/>\n\t<meta property=\"og:image:height\" content=\"1500\" \/>\n\t<meta property=\"og:image:type\" content=\"image\/jpeg\" \/>\n<meta name=\"twitter:card\" content=\"summary_large_image\" \/>\n<meta name=\"twitter:label1\" content=\"Est. reading time\" \/>\n\t<meta name=\"twitter:data1\" content=\"4 minutes\" \/>\n<script type=\"application\/ld+json\" class=\"yoast-schema-graph\">{\"@context\":\"https:\/\/schema.org\",\"@graph\":[{\"@type\":\"WebPage\",\"@id\":\"https:\/\/shinobikimonos.com\/como-lavar\/\",\"url\":\"https:\/\/shinobikimonos.com\/como-lavar\/\",\"name\":\"Como Lavar -\",\"isPartOf\":{\"@id\":\"https:\/\/shinobikimonos.com\/#website\"},\"primaryImageOfPage\":{\"@id\":\"https:\/\/shinobikimonos.com\/como-lavar\/#primaryimage\"},\"image\":{\"@id\":\"https:\/\/shinobikimonos.com\/como-lavar\/#primaryimage\"},\"thumbnailUrl\":\"https:\/\/shinobikimonos.com\/wp-content\/uploads\/2016\/03\/keikogi-basico01-1.jpg\",\"datePublished\":\"2016-03-17T14:23:30+00:00\",\"dateModified\":\"2026-02-23T02:58:13+00:00\",\"inLanguage\":\"en-US\",\"potentialAction\":[{\"@type\":\"ReadAction\",\"target\":[\"https:\/\/shinobikimonos.com\/como-lavar\/\"]}]},{\"@type\":\"ImageObject\",\"inLanguage\":\"en-US\",\"@id\":\"https:\/\/shinobikimonos.com\/como-lavar\/#primaryimage\",\"url\":\"https:\/\/shinobikimonos.com\/wp-content\/uploads\/2016\/03\/keikogi-basico01-1.jpg\",\"contentUrl\":\"https:\/\/shinobikimonos.com\/wp-content\/uploads\/2016\/03\/keikogi-basico01-1.jpg\"},{\"@type\":\"WebSite\",\"@id\":\"https:\/\/shinobikimonos.com\/#website\",\"url\":\"https:\/\/shinobikimonos.com\/\",\"name\":\"\",\"description\":\"\",\"potentialAction\":[{\"@type\":\"SearchAction\",\"target\":{\"@type\":\"EntryPoint\",\"urlTemplate\":\"https:\/\/shinobikimonos.com\/?s={search_term_string}\"},\"query-input\":{\"@type\":\"PropertyValueSpecification\",\"valueRequired\":true,\"valueName\":\"search_term_string\"}}],\"inLanguage\":\"en-US\"}]}<\/script>\n<!-- \/ Yoast SEO plugin. -->","yoast_head_json":{"title":"Como Lavar -","robots":{"index":"index","follow":"follow","max-snippet":"max-snippet:-1","max-image-preview":"max-image-preview:large","max-video-preview":"max-video-preview:-1"},"canonical":"https:\/\/shinobikimonos.com\/en\/como-lavar\/","og_locale":"en_US","og_type":"article","og_title":"Como Lavar -","og_description":"Maneira de Lavar Roupas Pretas: A primeira regra a ser adotada \u00e9 jamais deixar as roupas pretas de molho. Quanto menos elas ficarem expostas ao sab\u00e3o ou ao sol, maior ser\u00e1 sua durabilidade. Prefira sempre lavar as roupas pretas \u00e0 m\u00e3o e junto com outras roupas pretas utilizando sab\u00e3o neutro. Para cada 10 litros de [&hellip;]","og_url":"https:\/\/shinobikimonos.com\/en\/como-lavar\/","article_modified_time":"2026-02-23T02:58:13+00:00","og_image":[{"width":915,"height":1500,"url":"https:\/\/shinobikimonos.com\/wp-content\/uploads\/2016\/03\/keikogi-basico01-1.jpg","type":"image\/jpeg"}],"twitter_card":"summary_large_image","twitter_misc":{"Est. reading time":"4 minutes"},"schema":{"@context":"https:\/\/schema.org","@graph":[{"@type":"WebPage","@id":"https:\/\/shinobikimonos.com\/como-lavar\/","url":"https:\/\/shinobikimonos.com\/como-lavar\/","name":"Como Lavar -","isPartOf":{"@id":"https:\/\/shinobikimonos.com\/#website"},"primaryImageOfPage":{"@id":"https:\/\/shinobikimonos.com\/como-lavar\/#primaryimage"},"image":{"@id":"https:\/\/shinobikimonos.com\/como-lavar\/#primaryimage"},"thumbnailUrl":"https:\/\/shinobikimonos.com\/wp-content\/uploads\/2016\/03\/keikogi-basico01-1.jpg","datePublished":"2016-03-17T14:23:30+00:00","dateModified":"2026-02-23T02:58:13+00:00","inLanguage":"en-US","potentialAction":[{"@type":"ReadAction","target":["https:\/\/shinobikimonos.com\/como-lavar\/"]}]},{"@type":"ImageObject","inLanguage":"en-US","@id":"https:\/\/shinobikimonos.com\/como-lavar\/#primaryimage","url":"https:\/\/shinobikimonos.com\/wp-content\/uploads\/2016\/03\/keikogi-basico01-1.jpg","contentUrl":"https:\/\/shinobikimonos.com\/wp-content\/uploads\/2016\/03\/keikogi-basico01-1.jpg"},{"@type":"WebSite","@id":"https:\/\/shinobikimonos.com\/#website","url":"https:\/\/shinobikimonos.com\/","name":"","description":"","potentialAction":[{"@type":"SearchAction","target":{"@type":"EntryPoint","urlTemplate":"https:\/\/shinobikimonos.com\/?s={search_term_string}"},"query-input":{"@type":"PropertyValueSpecification","valueRequired":true,"valueName":"search_term_string"}}],"inLanguage":"en-US"}]}},"_links":{"self":[{"href":"https:\/\/shinobikimonos.com\/en\/wp-json\/wp\/v2\/pages\/221","targetHints":{"allow":["GET"]}}],"collection":[{"href":"https:\/\/shinobikimonos.com\/en\/wp-json\/wp\/v2\/pages"}],"about":[{"href":"https:\/\/shinobikimonos.com\/en\/wp-json\/wp\/v2\/types\/page"}],"author":[{"embeddable":true,"href":"https:\/\/shinobikimonos.com\/en\/wp-json\/wp\/v2\/users\/1"}],"replies":[{"embeddable":true,"href":"https:\/\/shinobikimonos.com\/en\/wp-json\/wp\/v2\/comments?post=221"}],"version-history":[{"count":3,"href":"https:\/\/shinobikimonos.com\/en\/wp-json\/wp\/v2\/pages\/221\/revisions"}],"predecessor-version":[{"id":18010,"href":"https:\/\/shinobikimonos.com\/en\/wp-json\/wp\/v2\/pages\/221\/revisions\/18010"}],"wp:attachment":[{"href":"https:\/\/shinobikimonos.com\/en\/wp-json\/wp\/v2\/media?parent=221"}],"curies":[{"name":"wp","href":"https:\/\/api.w.org\/{rel}","templated":true}]}}