{"id":2188,"date":"2017-04-23T06:45:29","date_gmt":"2017-04-23T09:45:29","guid":{"rendered":"https:\/\/shinobikimonos.com\/?page_id=2188\/"},"modified":"2019-08-25T18:32:07","modified_gmt":"2019-08-25T21:32:07","slug":"professores","status":"publish","type":"page","link":"https:\/\/shinobikimonos.com\/en\/professores\/","title":{"rendered":"Professores"},"content":{"rendered":"<p>[vc_row css_animation=&#8221;fadeIn&#8221; css=&#8221;.vc_custom_1492772871591{background-color: #ffffff !important;}&#8221;][vc_column][vc_column_text css_animation=&#8221;none&#8221;]Se\u00a0voc\u00ea \u00e9 professor, temos um desconto especial para voc\u00ea, assim voc\u00ea poder\u00e1 encomendar nossos produtos para seus alunos.<br \/>\nO sistema \u00e9\u00a0automatizado, simples e muito eficiente.<\/p>\n<p>Para obter os descontos praticados na tabela de de professores\u00a0<strong>Shinobi Kimonos<\/strong>, basta\u00a0respeitar o valor m\u00ednimo de compra e por final selecionar o m\u00e9todo de envio\u00a0desejado.<\/p>\n<p>&nbsp;<\/p>\n<h2 style=\"text-align: center;\"><strong><span style=\"color: #000000;\">PROFESSOR: Pedido M\u00ednimo:<\/span>\u00a0<span style=\"color: #408c2b;\">5\u00a0produtos<\/span><\/strong><\/h2>\n<h3 style=\"text-align: center;\"><span style=\"color: #000000;\">O pedido dever\u00e1 possuir\u00a0no m\u00ednimo<\/span> <span style=\"color: #408c2b;\"><strong>5 produtos<\/strong><\/span>.<\/h3>\n<hr \/>\n<h2 style=\"text-align: center;\"><span style=\"color: #000000;\"><strong>PERGUNTAS FREQUENTES<\/strong><\/span><\/h2>\n<ol>\n<li>\n<h3><strong>Como fa\u00e7o para come\u00e7ar a comprar com desconto de professor?<\/strong><\/h3>\n<p>Basta fazer um breve cadastro em nosso site <a href=\"https:\/\/shinobikimonos.com\/cadastro-de-professor\/\"><strong>clicando aqui<\/strong><\/a>.<\/p>\n<hr \/>\n<\/li>\n<li>\n<h3><strong>Irei receber uma tabela?<\/strong><\/h3>\n<p>N\u00e3o temos tabela. Logo que alterado seu &#8220;status&#8221; para professor, basta voc\u00ea logar no site que automaticamente os valores estar\u00e3o alterados.<\/p>\n<hr \/>\n<\/li>\n<li>\n<h3><strong>Qual o pedido m\u00ednimo?<br \/>\n<\/strong><\/h3>\n<p>A quantidade\u00a0m\u00ednima\u00a0dever\u00e1 ser de <strong><strong><span style=\"color: #408c2b;\">5 produtos<\/span>.<\/strong><\/strong><\/p>\n<hr \/>\n<\/li>\n<li>\n<h3><strong>Preciso de CNPJ?<\/strong><\/h3>\n<p>N\u00e3o, voc\u00ea pode se cadastrar com o CPF sem problemas.<\/p>\n<hr \/>\n<\/li>\n<li>\n<h3><strong>Qual desconto terei comprando como professor?<\/strong><\/h3>\n<p>O desconto \u00e9 vari\u00e1vel dependendo do produto sendo em m\u00e9dia de <strong>5%<\/strong> a <strong>25%<\/strong> dependendo da quantidade de cada produto escolhido.<\/p>\n<hr \/>\n<\/li>\n<li>\n<h3><strong>Qual o valor do frete?<\/strong><\/h3>\n<p>Nos pedidos para revenda o frete \u00e9 cobrado e pode ser simulado em nosso site.<\/p>\n<hr \/>\n<\/li>\n<li>\n<h3><strong>Quais as formas de pagamento?<\/strong><\/h3>\n<p>Os pedidos podem ser pagos \u00e0 vista por boleto, d\u00e9bito, transfer\u00eancia ou parcelado no cart\u00e3o, conforme os valores que ser\u00e3o apresentados no site. Tamb\u00e9m temos as op\u00e7\u00f5es de <strong>Pagamentos por dep\u00f3sito\/transfer\u00eancia direta<\/strong> para o <strong>Banco Bradesco<\/strong> ou transfer\u00eancia <strong>DOC\/TED<\/strong> para o <strong>Banco Neon<\/strong>.<\/li>\n<\/ol>\n<p>[\/vc_column_text][\/vc_column][\/vc_row]<\/p>\n","protected":false},"excerpt":{"rendered":"<p>[vc_row css_animation=&#8221;fadeIn&#8221; css=&#8221;.vc_custom_1492772871591{background-color: #ffffff !important;}&#8221;][vc_column][vc_column_text css_animation=&#8221;none&#8221;]Se\u00a0voc\u00ea \u00e9 professor, temos um desconto especial para voc\u00ea, assim voc\u00ea poder\u00e1 encomendar nossos produtos para seus alunos. O sistema \u00e9\u00a0automatizado, simples e muito eficiente. Para obter os descontos praticados na tabela de de professores\u00a0Shinobi Kimonos, basta\u00a0respeitar o valor m\u00ednimo de compra e por final selecionar o m\u00e9todo de envio\u00a0desejado. [&hellip;]<\/p>\n","protected":false},"author":1,"featured_media":0,"parent":0,"menu_order":0,"comment_status":"closed","ping_status":"closed","template":"","meta":{"footnotes":""},"class_list":["post-2188","page","type-page","status-publish","hentry"],"yoast_head":"<!-- This site is optimized with the Yoast SEO plugin v27.0 - https:\/\/yoast.com\/product\/yoast-seo-wordpress\/ -->\n<title>Professores -<\/title>\n<meta name=\"robots\" content=\"index, follow, max-snippet:-1, max-image-preview:large, max-video-preview:-1\" \/>\n<link rel=\"canonical\" href=\"https:\/\/shinobikimonos.com\/en\/professores\/\" \/>\n<meta property=\"og:locale\" content=\"en_US\" \/>\n<meta property=\"og:type\" content=\"article\" \/>\n<meta property=\"og:title\" content=\"Professores -\" \/>\n<meta property=\"og:description\" content=\"[vc_row css_animation=&#8221;fadeIn&#8221; css=&#8221;.vc_custom_1492772871591{background-color: #ffffff !important;}&#8221;][vc_column][vc_column_text css_animation=&#8221;none&#8221;]Se\u00a0voc\u00ea \u00e9 professor, temos um desconto especial para voc\u00ea, assim voc\u00ea poder\u00e1 encomendar nossos produtos para seus alunos. O sistema \u00e9\u00a0automatizado, simples e muito eficiente. Para obter os descontos praticados na tabela de de professores\u00a0Shinobi Kimonos, basta\u00a0respeitar o valor m\u00ednimo de compra e por final selecionar o m\u00e9todo de envio\u00a0desejado. [&hellip;]\" \/>\n<meta property=\"og:url\" content=\"https:\/\/shinobikimonos.com\/en\/professores\/\" \/>\n<meta property=\"article:modified_time\" content=\"2019-08-25T21:32:07+00:00\" \/>\n<meta name=\"twitter:card\" content=\"summary_large_image\" \/>\n<meta name=\"twitter:label1\" content=\"Est. reading time\" \/>\n\t<meta name=\"twitter:data1\" content=\"1 minute\" \/>\n<script type=\"application\/ld+json\" class=\"yoast-schema-graph\">{\"@context\":\"https:\/\/schema.org\",\"@graph\":[{\"@type\":\"WebPage\",\"@id\":\"https:\/\/shinobikimonos.com\/professores\/\",\"url\":\"https:\/\/shinobikimonos.com\/professores\/\",\"name\":\"Professores -\",\"isPartOf\":{\"@id\":\"https:\/\/shinobikimonos.com\/#website\"},\"datePublished\":\"2017-04-23T09:45:29+00:00\",\"dateModified\":\"2019-08-25T21:32:07+00:00\",\"inLanguage\":\"en-US\",\"potentialAction\":[{\"@type\":\"ReadAction\",\"target\":[\"https:\/\/shinobikimonos.com\/professores\/\"]}]},{\"@type\":\"WebSite\",\"@id\":\"https:\/\/shinobikimonos.com\/#website\",\"url\":\"https:\/\/shinobikimonos.com\/\",\"name\":\"\",\"description\":\"\",\"potentialAction\":[{\"@type\":\"SearchAction\",\"target\":{\"@type\":\"EntryPoint\",\"urlTemplate\":\"https:\/\/shinobikimonos.com\/?s={search_term_string}\"},\"query-input\":{\"@type\":\"PropertyValueSpecification\",\"valueRequired\":true,\"valueName\":\"search_term_string\"}}],\"inLanguage\":\"en-US\"}]}<\/script>\n<!-- \/ Yoast SEO plugin. -->","yoast_head_json":{"title":"Professores -","robots":{"index":"index","follow":"follow","max-snippet":"max-snippet:-1","max-image-preview":"max-image-preview:large","max-video-preview":"max-video-preview:-1"},"canonical":"https:\/\/shinobikimonos.com\/en\/professores\/","og_locale":"en_US","og_type":"article","og_title":"Professores -","og_description":"[vc_row css_animation=&#8221;fadeIn&#8221; css=&#8221;.vc_custom_1492772871591{background-color: #ffffff !important;}&#8221;][vc_column][vc_column_text css_animation=&#8221;none&#8221;]Se\u00a0voc\u00ea \u00e9 professor, temos um desconto especial para voc\u00ea, assim voc\u00ea poder\u00e1 encomendar nossos produtos para seus alunos. O sistema \u00e9\u00a0automatizado, simples e muito eficiente. Para obter os descontos praticados na tabela de de professores\u00a0Shinobi Kimonos, basta\u00a0respeitar o valor m\u00ednimo de compra e por final selecionar o m\u00e9todo de envio\u00a0desejado. [&hellip;]","og_url":"https:\/\/shinobikimonos.com\/en\/professores\/","article_modified_time":"2019-08-25T21:32:07+00:00","twitter_card":"summary_large_image","twitter_misc":{"Est. reading time":"1 minute"},"schema":{"@context":"https:\/\/schema.org","@graph":[{"@type":"WebPage","@id":"https:\/\/shinobikimonos.com\/professores\/","url":"https:\/\/shinobikimonos.com\/professores\/","name":"Professores -","isPartOf":{"@id":"https:\/\/shinobikimonos.com\/#website"},"datePublished":"2017-04-23T09:45:29+00:00","dateModified":"2019-08-25T21:32:07+00:00","inLanguage":"en-US","potentialAction":[{"@type":"ReadAction","target":["https:\/\/shinobikimonos.com\/professores\/"]}]},{"@type":"WebSite","@id":"https:\/\/shinobikimonos.com\/#website","url":"https:\/\/shinobikimonos.com\/","name":"","description":"","potentialAction":[{"@type":"SearchAction","target":{"@type":"EntryPoint","urlTemplate":"https:\/\/shinobikimonos.com\/?s={search_term_string}"},"query-input":{"@type":"PropertyValueSpecification","valueRequired":true,"valueName":"search_term_string"}}],"inLanguage":"en-US"}]}},"_links":{"self":[{"href":"https:\/\/shinobikimonos.com\/en\/wp-json\/wp\/v2\/pages\/2188","targetHints":{"allow":["GET"]}}],"collection":[{"href":"https:\/\/shinobikimonos.com\/en\/wp-json\/wp\/v2\/pages"}],"about":[{"href":"https:\/\/shinobikimonos.com\/en\/wp-json\/wp\/v2\/types\/page"}],"author":[{"embeddable":true,"href":"https:\/\/shinobikimonos.com\/en\/wp-json\/wp\/v2\/users\/1"}],"replies":[{"embeddable":true,"href":"https:\/\/shinobikimonos.com\/en\/wp-json\/wp\/v2\/comments?post=2188"}],"version-history":[{"count":1,"href":"https:\/\/shinobikimonos.com\/en\/wp-json\/wp\/v2\/pages\/2188\/revisions"}],"predecessor-version":[{"id":6160,"href":"https:\/\/shinobikimonos.com\/en\/wp-json\/wp\/v2\/pages\/2188\/revisions\/6160"}],"wp:attachment":[{"href":"https:\/\/shinobikimonos.com\/en\/wp-json\/wp\/v2\/media?parent=2188"}],"curies":[{"name":"wp","href":"https:\/\/api.w.org\/{rel}","templated":true}]}}