{"id":2176,"date":"2017-04-21T08:05:21","date_gmt":"2017-04-21T11:05:21","guid":{"rendered":"https:\/\/shinobikimonos.com\/?page_id=2176\/"},"modified":"2026-02-23T02:25:27","modified_gmt":"2026-02-23T02:25:27","slug":"revenda","status":"publish","type":"page","link":"https:\/\/shinobikimonos.com\/en\/revenda\/","title":{"rendered":"Reseller"},"content":{"rendered":"<div data-elementor-type=\"wp-page\" data-elementor-id=\"2176\" class=\"elementor elementor-2176\" data-elementor-settings=\"{&quot;ha_cmc_init_switcher&quot;:&quot;no&quot;}\">\n\t\t\t\t\t\t<section class=\"elementor-section elementor-top-section elementor-element elementor-element-3f6b82ce elementor-section-boxed elementor-section-height-default elementor-section-height-default\" data-id=\"3f6b82ce\" data-element_type=\"section\" data-e-type=\"section\" data-settings=\"{&quot;_ha_eqh_enable&quot;:false}\">\n\t\t\t\t\t\t<div class=\"elementor-container elementor-column-gap-default\">\n\t\t\t\t\t<div class=\"elementor-column elementor-col-100 elementor-top-column elementor-element elementor-element-295006a4\" data-id=\"295006a4\" data-element_type=\"column\" data-e-type=\"column\">\n\t\t\t<div class=\"elementor-widget-wrap elementor-element-populated\">\n\t\t\t\t\t\t<div class=\"elementor-element elementor-element-24b8153 elementor-widget elementor-widget-text-editor\" data-id=\"24b8153\" data-element_type=\"widget\" data-e-type=\"widget\" data-widget_type=\"text-editor.default\">\n\t\t\t\t<div class=\"elementor-widget-container\">\n\t\t\t\t\t\t\t\t\t<p>Se voc\u00ea estiver interessado em revender nossos produtos, n\u00e3o ser\u00e1 mais necess\u00e1rio solicitar tabela ou cotar frete&#8230;<br \/>O sistema ficou automatizado, simples e muito eficiente.<\/p><p>Para obter os descontos praticados na tabela de revenda <strong>Shinobi Kimonos<\/strong>, basta\u00a0respeitar o valor m\u00ednimo de compra e por final selecionar o m\u00e9todo de envio\u00a0desejado.<\/p><h2 style=\"text-align: center;\"><strong><span style=\"color: #000000;\">REVENDA: Pedido M\u00ednimo:<\/span>\u00a0<span style=\"color: #408c2b;\">R$500,00<\/span><\/strong><\/h2><h3 style=\"text-align: center;\"><span style=\"color: #000000;\">O Subtotal da compra dever\u00e1 ser no m\u00ednimo<\/span> <span style=\"color: #408c2b;\"><strong>R$500,00<\/strong><\/span>.<\/h3><hr \/><h2 style=\"text-align: center;\"><span style=\"color: #000000;\"><strong>PERGUNTAS FREQUENTES<\/strong><\/span><\/h2><ol><li><h3><strong>Como fa\u00e7o para come\u00e7ar a comprar como revendedor?<\/strong><\/h3><p>Basta fazer um breve cadastro em nosso site <strong><a href=\"https:\/\/shinobikimonos.com\/en\/cadastro-de-revendedor\/\">clicando aqui<\/a><\/strong>.<\/p><hr \/><\/li><li><h3><strong>Irei receber uma tabela?<\/strong><\/h3><p>N\u00e3o temos tabela. Logo que alterado seu &#8220;status&#8221; para revendedor, basta voc\u00ea logar no site que automaticamente os valores estar\u00e3o alterados.<\/p><hr \/><\/li><li><h3><strong>Qual o pedido m\u00ednimo?<br \/><\/strong><\/h3><p>O valor m\u00ednimo para que seja faturado \u00e9 de <strong><strong><span style=\"color: #408c2b;\">R$500,00 <\/span><\/strong><\/strong>para revendedores.<\/p><hr \/><\/li><li><h3><strong>Preciso de CNPJ?<\/strong><\/h3><p>N\u00e3o necessariamente, voc\u00ea pode se cadastrar com o CPF sem problemas.<\/p><hr \/><\/li><li><h3><strong>Qual desconto terei comprando como revendedor?<\/strong><\/h3><p>O desconto \u00e9 de <strong>20%<\/strong> para revendedores que se englobam nessa categoria, tamb\u00e9m ha a categoria professor, onde o desconto varia conforme a quantidade de cada item a ser pedido.<\/p><hr \/><\/li><li><h3><strong>Qual o valor do frete?<\/strong><\/h3><p>Nos pedidos para revenda o frete \u00e9 cobrado e pode ser simulado em nosso site.<\/p><hr \/><\/li><li><h3><strong>Quais as formas de pagamento?<\/strong><\/h3><p>Os pedidos podem ser pagos \u00e0 vista por Pix, d\u00e9bito, transfer\u00eancia ou parcelado no cart\u00e3o, conforme os valores que ser\u00e3o apresentados no site.<\/p><\/li><\/ol>\t\t\t\t\t\t\t\t<\/div>\n\t\t\t\t<\/div>\n\t\t\t\t\t<\/div>\n\t\t<\/div>\n\t\t\t\t\t<\/div>\n\t\t<\/section>\n\t\t\t\t<\/div>","protected":false},"excerpt":{"rendered":"<p>Se voc\u00ea estiver interessado em revender nossos produtos, n\u00e3o ser\u00e1 mais necess\u00e1rio solicitar tabela ou cotar frete&#8230;O sistema ficou automatizado, simples e muito eficiente. Para obter os descontos praticados na tabela de revenda Shinobi Kimonos, basta\u00a0respeitar o valor m\u00ednimo de compra e por final selecionar o m\u00e9todo de envio\u00a0desejado. REVENDA: Pedido M\u00ednimo:\u00a0R$500,00 O Subtotal da [&hellip;]<\/p>\n","protected":false},"author":1,"featured_media":0,"parent":0,"menu_order":0,"comment_status":"closed","ping_status":"closed","template":"","meta":{"footnotes":""},"class_list":["post-2176","page","type-page","status-publish","hentry"],"yoast_head":"<!-- This site is optimized with the Yoast SEO plugin v27.0 - https:\/\/yoast.com\/product\/yoast-seo-wordpress\/ -->\n<title>Revenda -<\/title>\n<meta name=\"robots\" content=\"index, follow, max-snippet:-1, max-image-preview:large, max-video-preview:-1\" \/>\n<link rel=\"canonical\" href=\"https:\/\/shinobikimonos.com\/en\/revenda\/\" \/>\n<meta property=\"og:locale\" content=\"en_US\" \/>\n<meta property=\"og:type\" content=\"article\" \/>\n<meta property=\"og:title\" content=\"Revenda -\" \/>\n<meta property=\"og:description\" content=\"Se voc\u00ea estiver interessado em revender nossos produtos, n\u00e3o ser\u00e1 mais necess\u00e1rio solicitar tabela ou cotar frete&#8230;O sistema ficou automatizado, simples e muito eficiente. Para obter os descontos praticados na tabela de revenda Shinobi Kimonos, basta\u00a0respeitar o valor m\u00ednimo de compra e por final selecionar o m\u00e9todo de envio\u00a0desejado. REVENDA: Pedido M\u00ednimo:\u00a0R$500,00 O Subtotal da [&hellip;]\" \/>\n<meta property=\"og:url\" content=\"https:\/\/shinobikimonos.com\/en\/revenda\/\" \/>\n<meta property=\"article:modified_time\" content=\"2026-02-23T02:25:27+00:00\" \/>\n<meta name=\"twitter:card\" content=\"summary_large_image\" \/>\n<meta name=\"twitter:label1\" content=\"Est. reading time\" \/>\n\t<meta name=\"twitter:data1\" content=\"1 minute\" \/>\n<script type=\"application\/ld+json\" class=\"yoast-schema-graph\">{\"@context\":\"https:\/\/schema.org\",\"@graph\":[{\"@type\":\"WebPage\",\"@id\":\"https:\/\/shinobikimonos.com\/revenda\/\",\"url\":\"https:\/\/shinobikimonos.com\/revenda\/\",\"name\":\"Revenda -\",\"isPartOf\":{\"@id\":\"https:\/\/shinobikimonos.com\/#website\"},\"datePublished\":\"2017-04-21T11:05:21+00:00\",\"dateModified\":\"2026-02-23T02:25:27+00:00\",\"inLanguage\":\"en-US\",\"potentialAction\":[{\"@type\":\"ReadAction\",\"target\":[\"https:\/\/shinobikimonos.com\/revenda\/\"]}]},{\"@type\":\"WebSite\",\"@id\":\"https:\/\/shinobikimonos.com\/#website\",\"url\":\"https:\/\/shinobikimonos.com\/\",\"name\":\"\",\"description\":\"\",\"potentialAction\":[{\"@type\":\"SearchAction\",\"target\":{\"@type\":\"EntryPoint\",\"urlTemplate\":\"https:\/\/shinobikimonos.com\/?s={search_term_string}\"},\"query-input\":{\"@type\":\"PropertyValueSpecification\",\"valueRequired\":true,\"valueName\":\"search_term_string\"}}],\"inLanguage\":\"en-US\"}]}<\/script>\n<!-- \/ Yoast SEO plugin. -->","yoast_head_json":{"title":"Revenda -","robots":{"index":"index","follow":"follow","max-snippet":"max-snippet:-1","max-image-preview":"max-image-preview:large","max-video-preview":"max-video-preview:-1"},"canonical":"https:\/\/shinobikimonos.com\/en\/revenda\/","og_locale":"en_US","og_type":"article","og_title":"Revenda -","og_description":"Se voc\u00ea estiver interessado em revender nossos produtos, n\u00e3o ser\u00e1 mais necess\u00e1rio solicitar tabela ou cotar frete&#8230;O sistema ficou automatizado, simples e muito eficiente. Para obter os descontos praticados na tabela de revenda Shinobi Kimonos, basta\u00a0respeitar o valor m\u00ednimo de compra e por final selecionar o m\u00e9todo de envio\u00a0desejado. REVENDA: Pedido M\u00ednimo:\u00a0R$500,00 O Subtotal da [&hellip;]","og_url":"https:\/\/shinobikimonos.com\/en\/revenda\/","article_modified_time":"2026-02-23T02:25:27+00:00","twitter_card":"summary_large_image","twitter_misc":{"Est. reading time":"1 minute"},"schema":{"@context":"https:\/\/schema.org","@graph":[{"@type":"WebPage","@id":"https:\/\/shinobikimonos.com\/revenda\/","url":"https:\/\/shinobikimonos.com\/revenda\/","name":"Revenda -","isPartOf":{"@id":"https:\/\/shinobikimonos.com\/#website"},"datePublished":"2017-04-21T11:05:21+00:00","dateModified":"2026-02-23T02:25:27+00:00","inLanguage":"en-US","potentialAction":[{"@type":"ReadAction","target":["https:\/\/shinobikimonos.com\/revenda\/"]}]},{"@type":"WebSite","@id":"https:\/\/shinobikimonos.com\/#website","url":"https:\/\/shinobikimonos.com\/","name":"","description":"","potentialAction":[{"@type":"SearchAction","target":{"@type":"EntryPoint","urlTemplate":"https:\/\/shinobikimonos.com\/?s={search_term_string}"},"query-input":{"@type":"PropertyValueSpecification","valueRequired":true,"valueName":"search_term_string"}}],"inLanguage":"en-US"}]}},"_links":{"self":[{"href":"https:\/\/shinobikimonos.com\/en\/wp-json\/wp\/v2\/pages\/2176","targetHints":{"allow":["GET"]}}],"collection":[{"href":"https:\/\/shinobikimonos.com\/en\/wp-json\/wp\/v2\/pages"}],"about":[{"href":"https:\/\/shinobikimonos.com\/en\/wp-json\/wp\/v2\/types\/page"}],"author":[{"embeddable":true,"href":"https:\/\/shinobikimonos.com\/en\/wp-json\/wp\/v2\/users\/1"}],"replies":[{"embeddable":true,"href":"https:\/\/shinobikimonos.com\/en\/wp-json\/wp\/v2\/comments?post=2176"}],"version-history":[{"count":5,"href":"https:\/\/shinobikimonos.com\/en\/wp-json\/wp\/v2\/pages\/2176\/revisions"}],"predecessor-version":[{"id":17992,"href":"https:\/\/shinobikimonos.com\/en\/wp-json\/wp\/v2\/pages\/2176\/revisions\/17992"}],"wp:attachment":[{"href":"https:\/\/shinobikimonos.com\/en\/wp-json\/wp\/v2\/media?parent=2176"}],"curies":[{"name":"wp","href":"https:\/\/api.w.org\/{rel}","templated":true}]}}