{"id":1486,"date":"2017-01-27T04:37:13","date_gmt":"2017-01-27T06:37:13","guid":{"rendered":"http:\/\/shinobikimonos.com\/?page_id=1486"},"modified":"2026-02-23T03:05:19","modified_gmt":"2026-02-23T03:05:19","slug":"o-que-e-shinobi-shozoku","status":"publish","type":"page","link":"https:\/\/shinobikimonos.com\/en\/o-que-e-shinobi-shozoku\/","title":{"rendered":"O que \u00e9 Shinobi Sh\u014dzoku?"},"content":{"rendered":"<div data-elementor-type=\"wp-page\" data-elementor-id=\"1486\" class=\"elementor elementor-1486\" data-elementor-settings=\"{&quot;ha_cmc_init_switcher&quot;:&quot;no&quot;}\">\n\t\t\t\t\t\t<section class=\"elementor-section elementor-top-section elementor-element elementor-element-4fc8f277 elementor-section-boxed elementor-section-height-default elementor-section-height-default\" data-id=\"4fc8f277\" data-element_type=\"section\" data-e-type=\"section\" data-settings=\"{&quot;_ha_eqh_enable&quot;:false}\">\n\t\t\t\t\t\t<div class=\"elementor-container elementor-column-gap-default\">\n\t\t\t\t\t<div class=\"elementor-column elementor-col-100 elementor-top-column elementor-element elementor-element-5443b091\" data-id=\"5443b091\" data-element_type=\"column\" data-e-type=\"column\">\n\t\t\t<div class=\"elementor-widget-wrap elementor-element-populated\">\n\t\t\t\t\t\t<div class=\"elementor-element elementor-element-75ad26cf elementor-widget elementor-widget-text-editor\" data-id=\"75ad26cf\" data-element_type=\"widget\" data-e-type=\"widget\" data-widget_type=\"text-editor.default\">\n\t\t\t\t<div class=\"elementor-widget-container\">\n\t\t\t\t\t\t\t\t\t<p><em><strong><img fetchpriority=\"high\" decoding=\"async\" class=\"wp-image-1808 alignleft\" src=\"https:\/\/shinobikimonos.com\/wp-content\/uploads\/2016\/03\/shinobi_shozoku_completo01-1.jpg\" alt=\"\" width=\"243\" height=\"399\" srcset=\"https:\/\/shinobikimonos.com\/wp-content\/uploads\/2016\/03\/shinobi_shozoku_completo01-1.jpg 915w, https:\/\/shinobikimonos.com\/wp-content\/uploads\/2016\/03\/shinobi_shozoku_completo01-1-183x300.jpg 183w, https:\/\/shinobikimonos.com\/wp-content\/uploads\/2016\/03\/shinobi_shozoku_completo01-1-305x500.jpg 305w\" sizes=\"(max-width: 243px) 100vw, 243px\" \/>Shinobi Sh\u014dzoku<\/strong><\/em> \u00e9 o nome dado ao \u201cUniforme\u201d usado pelos guerreiros <em><strong>Ninja<\/strong><\/em>. O termo <em><strong>Shinobi Sh\u014dzoku<\/strong><\/em> pode ser traduzido como \u201cTraje\u00a0de Espionagem\u201c.<\/p><p>Geralmente era mais cab\u00edvel se disfar\u00e7ar usando roupas do dia-a-dia para se misturar com a popula\u00e7\u00e3o, sem chamar a aten\u00e7\u00e3o. Uma das caracter\u00edsticas do <strong><em>Shinobi Sh\u014dzoku<\/em><\/strong> s\u00e3o os v\u00e1rios compartimentos usados para ocultar armas e outros utens\u00edlios.<\/p><p>Cada fam\u00edlia <strong><em>Ninja<\/em> <\/strong>fazia seus pr\u00f3prios <em><strong>Shinobi Sh\u014dzoku<\/strong><\/em>, com as modifica\u00e7\u00f5es particulares que melhor achassem conveniente para o momento, para o tipo de miss\u00e3o e para a esta\u00e7\u00e3o do ano.<\/p><p>Tradicionalmente, o <em><strong>Ninja<\/strong> <\/em>n\u00e3o usava o <em><strong>Shinobi Sh\u014dzoku<\/strong><\/em> todo preto porque este se tornaria at\u00e9 mais preto que a escurid\u00e3o da noite.<br \/>O <em><strong>Ninja<\/strong> <\/em>verdadeiro tentava misturar-se com seu ambiente tanto quanto poss\u00edvel, usando as roupas que os moradores locais usavam, e muitas vezes em suas miss\u00f5es o <em><strong>Shinobi Sh\u014dzoku<\/strong><\/em> n\u00e3o era usado.<\/p><p>A roupa podia ser verde, azul marinho, azul muito escuro (mais comum), roxo bem forte, bronze (marrom claro), preto da cor do carv\u00e3o de lenha, marrom em tom alaranjado, amarelo ferrugem, preto ou cinza com tom alaranjado (cinzenta em tom alaranjada) e na neve, branco.<\/p><p>H\u00e1 v\u00e1rios tipos de fixadores\/aderentes, portanto, era escolhida uma cor apropriada misturava-a junto com o fixadores.<\/p><p>Tamb\u00e9m aplicavam levemente tinta \u00e0 pele, os extratos de plantas, de ervas e cinzas de pinho eram usadas para cobrir o rosto, o pesco\u00e7o e os dedos expostos. A faixa era da cor do <em><strong>Shonobi Sh\u014dzoku<\/strong><\/em> e n\u00e3o devia ter corte\/emendas. Isto \u00e9 chamado <em><strong>Waobi<\/strong><\/em>. \u00c9 especialmente boa para uma aplica\u00e7\u00e3o r\u00e1pida da faixa.<\/p><p>A maioria dos uniformes eram feitos para serem usados tanto de um lado quanto do outro, ou seja, possu\u00edam duas cores, uma por dentro e uma por fora, para uma mudan\u00e7a de apar\u00eancia ou para incorporar um tipo diferente de terreno ou uma cor para o dia e outra para a noite.<\/p><p>As cores que usavam dependiam de onde estavam e o que tinham que fazer.<\/p>\t\t\t\t\t\t\t\t<\/div>\n\t\t\t\t<\/div>\n\t\t\t\t\t<\/div>\n\t\t<\/div>\n\t\t\t\t\t<\/div>\n\t\t<\/section>\n\t\t\t\t<\/div>","protected":false},"excerpt":{"rendered":"<p>Shinobi Sh\u014dzoku \u00e9 o nome dado ao \u201cUniforme\u201d usado pelos guerreiros Ninja. O termo Shinobi Sh\u014dzoku pode ser traduzido como \u201cTraje\u00a0de Espionagem\u201c. Geralmente era mais cab\u00edvel se disfar\u00e7ar usando roupas do dia-a-dia para se misturar com a popula\u00e7\u00e3o, sem chamar a aten\u00e7\u00e3o. Uma das caracter\u00edsticas do Shinobi Sh\u014dzoku s\u00e3o os v\u00e1rios compartimentos usados para ocultar [&hellip;]<\/p>\n","protected":false},"author":1,"featured_media":1505,"parent":0,"menu_order":0,"comment_status":"closed","ping_status":"closed","template":"","meta":{"footnotes":""},"class_list":["post-1486","page","type-page","status-publish","has-post-thumbnail","hentry"],"yoast_head":"<!-- This site is optimized with the Yoast SEO plugin v27.0 - https:\/\/yoast.com\/product\/yoast-seo-wordpress\/ -->\n<title>O que \u00e9 Shinobi Sh\u014dzoku? -<\/title>\n<meta name=\"robots\" content=\"index, follow, max-snippet:-1, max-image-preview:large, max-video-preview:-1\" \/>\n<link rel=\"canonical\" href=\"https:\/\/shinobikimonos.com\/en\/o-que-e-shinobi-shozoku\/\" \/>\n<meta property=\"og:locale\" content=\"en_US\" \/>\n<meta property=\"og:type\" content=\"article\" \/>\n<meta property=\"og:title\" content=\"O que \u00e9 Shinobi Sh\u014dzoku? -\" \/>\n<meta property=\"og:description\" content=\"Shinobi Sh\u014dzoku \u00e9 o nome dado ao \u201cUniforme\u201d usado pelos guerreiros Ninja. O termo Shinobi Sh\u014dzoku pode ser traduzido como \u201cTraje\u00a0de Espionagem\u201c. Geralmente era mais cab\u00edvel se disfar\u00e7ar usando roupas do dia-a-dia para se misturar com a popula\u00e7\u00e3o, sem chamar a aten\u00e7\u00e3o. Uma das caracter\u00edsticas do Shinobi Sh\u014dzoku s\u00e3o os v\u00e1rios compartimentos usados para ocultar [&hellip;]\" \/>\n<meta property=\"og:url\" content=\"https:\/\/shinobikimonos.com\/en\/o-que-e-shinobi-shozoku\/\" \/>\n<meta property=\"article:modified_time\" content=\"2026-02-23T03:05:19+00:00\" \/>\n<meta property=\"og:image\" content=\"https:\/\/shinobikimonos.com\/wp-content\/uploads\/2017\/01\/Shinobi-Shozoku-Mark.jpg\" \/>\n\t<meta property=\"og:image:width\" content=\"1000\" \/>\n\t<meta property=\"og:image:height\" content=\"750\" \/>\n\t<meta property=\"og:image:type\" content=\"image\/jpeg\" \/>\n<meta name=\"twitter:card\" content=\"summary_large_image\" \/>\n<meta name=\"twitter:label1\" content=\"Est. reading time\" \/>\n\t<meta name=\"twitter:data1\" content=\"2 minutes\" \/>\n<script type=\"application\/ld+json\" class=\"yoast-schema-graph\">{\"@context\":\"https:\/\/schema.org\",\"@graph\":[{\"@type\":\"WebPage\",\"@id\":\"https:\/\/shinobikimonos.com\/o-que-e-shinobi-shozoku\/\",\"url\":\"https:\/\/shinobikimonos.com\/o-que-e-shinobi-shozoku\/\",\"name\":\"O que \u00e9 Shinobi Sh\u014dzoku? -\",\"isPartOf\":{\"@id\":\"https:\/\/shinobikimonos.com\/#website\"},\"primaryImageOfPage\":{\"@id\":\"https:\/\/shinobikimonos.com\/o-que-e-shinobi-shozoku\/#primaryimage\"},\"image\":{\"@id\":\"https:\/\/shinobikimonos.com\/o-que-e-shinobi-shozoku\/#primaryimage\"},\"thumbnailUrl\":\"https:\/\/shinobikimonos.com\/wp-content\/uploads\/2017\/01\/Shinobi-Shozoku-Mark.jpg\",\"datePublished\":\"2017-01-27T06:37:13+00:00\",\"dateModified\":\"2026-02-23T03:05:19+00:00\",\"inLanguage\":\"en-US\",\"potentialAction\":[{\"@type\":\"ReadAction\",\"target\":[\"https:\/\/shinobikimonos.com\/o-que-e-shinobi-shozoku\/\"]}]},{\"@type\":\"ImageObject\",\"inLanguage\":\"en-US\",\"@id\":\"https:\/\/shinobikimonos.com\/o-que-e-shinobi-shozoku\/#primaryimage\",\"url\":\"https:\/\/shinobikimonos.com\/wp-content\/uploads\/2017\/01\/Shinobi-Shozoku-Mark.jpg\",\"contentUrl\":\"https:\/\/shinobikimonos.com\/wp-content\/uploads\/2017\/01\/Shinobi-Shozoku-Mark.jpg\",\"width\":1000,\"height\":750},{\"@type\":\"WebSite\",\"@id\":\"https:\/\/shinobikimonos.com\/#website\",\"url\":\"https:\/\/shinobikimonos.com\/\",\"name\":\"\",\"description\":\"\",\"potentialAction\":[{\"@type\":\"SearchAction\",\"target\":{\"@type\":\"EntryPoint\",\"urlTemplate\":\"https:\/\/shinobikimonos.com\/?s={search_term_string}\"},\"query-input\":{\"@type\":\"PropertyValueSpecification\",\"valueRequired\":true,\"valueName\":\"search_term_string\"}}],\"inLanguage\":\"en-US\"}]}<\/script>\n<!-- \/ Yoast SEO plugin. -->","yoast_head_json":{"title":"O que \u00e9 Shinobi Sh\u014dzoku? -","robots":{"index":"index","follow":"follow","max-snippet":"max-snippet:-1","max-image-preview":"max-image-preview:large","max-video-preview":"max-video-preview:-1"},"canonical":"https:\/\/shinobikimonos.com\/en\/o-que-e-shinobi-shozoku\/","og_locale":"en_US","og_type":"article","og_title":"O que \u00e9 Shinobi Sh\u014dzoku? -","og_description":"Shinobi Sh\u014dzoku \u00e9 o nome dado ao \u201cUniforme\u201d usado pelos guerreiros Ninja. O termo Shinobi Sh\u014dzoku pode ser traduzido como \u201cTraje\u00a0de Espionagem\u201c. Geralmente era mais cab\u00edvel se disfar\u00e7ar usando roupas do dia-a-dia para se misturar com a popula\u00e7\u00e3o, sem chamar a aten\u00e7\u00e3o. Uma das caracter\u00edsticas do Shinobi Sh\u014dzoku s\u00e3o os v\u00e1rios compartimentos usados para ocultar [&hellip;]","og_url":"https:\/\/shinobikimonos.com\/en\/o-que-e-shinobi-shozoku\/","article_modified_time":"2026-02-23T03:05:19+00:00","og_image":[{"width":1000,"height":750,"url":"https:\/\/shinobikimonos.com\/wp-content\/uploads\/2017\/01\/Shinobi-Shozoku-Mark.jpg","type":"image\/jpeg"}],"twitter_card":"summary_large_image","twitter_misc":{"Est. reading time":"2 minutes"},"schema":{"@context":"https:\/\/schema.org","@graph":[{"@type":"WebPage","@id":"https:\/\/shinobikimonos.com\/o-que-e-shinobi-shozoku\/","url":"https:\/\/shinobikimonos.com\/o-que-e-shinobi-shozoku\/","name":"O que \u00e9 Shinobi Sh\u014dzoku? -","isPartOf":{"@id":"https:\/\/shinobikimonos.com\/#website"},"primaryImageOfPage":{"@id":"https:\/\/shinobikimonos.com\/o-que-e-shinobi-shozoku\/#primaryimage"},"image":{"@id":"https:\/\/shinobikimonos.com\/o-que-e-shinobi-shozoku\/#primaryimage"},"thumbnailUrl":"https:\/\/shinobikimonos.com\/wp-content\/uploads\/2017\/01\/Shinobi-Shozoku-Mark.jpg","datePublished":"2017-01-27T06:37:13+00:00","dateModified":"2026-02-23T03:05:19+00:00","inLanguage":"en-US","potentialAction":[{"@type":"ReadAction","target":["https:\/\/shinobikimonos.com\/o-que-e-shinobi-shozoku\/"]}]},{"@type":"ImageObject","inLanguage":"en-US","@id":"https:\/\/shinobikimonos.com\/o-que-e-shinobi-shozoku\/#primaryimage","url":"https:\/\/shinobikimonos.com\/wp-content\/uploads\/2017\/01\/Shinobi-Shozoku-Mark.jpg","contentUrl":"https:\/\/shinobikimonos.com\/wp-content\/uploads\/2017\/01\/Shinobi-Shozoku-Mark.jpg","width":1000,"height":750},{"@type":"WebSite","@id":"https:\/\/shinobikimonos.com\/#website","url":"https:\/\/shinobikimonos.com\/","name":"","description":"","potentialAction":[{"@type":"SearchAction","target":{"@type":"EntryPoint","urlTemplate":"https:\/\/shinobikimonos.com\/?s={search_term_string}"},"query-input":{"@type":"PropertyValueSpecification","valueRequired":true,"valueName":"search_term_string"}}],"inLanguage":"en-US"}]}},"_links":{"self":[{"href":"https:\/\/shinobikimonos.com\/en\/wp-json\/wp\/v2\/pages\/1486","targetHints":{"allow":["GET"]}}],"collection":[{"href":"https:\/\/shinobikimonos.com\/en\/wp-json\/wp\/v2\/pages"}],"about":[{"href":"https:\/\/shinobikimonos.com\/en\/wp-json\/wp\/v2\/types\/page"}],"author":[{"embeddable":true,"href":"https:\/\/shinobikimonos.com\/en\/wp-json\/wp\/v2\/users\/1"}],"replies":[{"embeddable":true,"href":"https:\/\/shinobikimonos.com\/en\/wp-json\/wp\/v2\/comments?post=1486"}],"version-history":[{"count":4,"href":"https:\/\/shinobikimonos.com\/en\/wp-json\/wp\/v2\/pages\/1486\/revisions"}],"predecessor-version":[{"id":18026,"href":"https:\/\/shinobikimonos.com\/en\/wp-json\/wp\/v2\/pages\/1486\/revisions\/18026"}],"wp:featuredmedia":[{"embeddable":true,"href":"https:\/\/shinobikimonos.com\/en\/wp-json\/wp\/v2\/media\/1505"}],"wp:attachment":[{"href":"https:\/\/shinobikimonos.com\/en\/wp-json\/wp\/v2\/media?parent=1486"}],"curies":[{"name":"wp","href":"https:\/\/api.w.org\/{rel}","templated":true}]}}