{"id":1484,"date":"2017-01-27T04:21:57","date_gmt":"2017-01-27T06:21:57","guid":{"rendered":"http:\/\/shinobikimonos.com\/?page_id=1484"},"modified":"2026-02-23T03:03:22","modified_gmt":"2026-02-23T03:03:22","slug":"o-que-e-keikogi","status":"publish","type":"page","link":"https:\/\/shinobikimonos.com\/en\/o-que-e-keikogi\/","title":{"rendered":"O que \u00e9 Keikogi?"},"content":{"rendered":"<div data-elementor-type=\"wp-page\" data-elementor-id=\"1484\" class=\"elementor elementor-1484\" data-elementor-settings=\"{&quot;ha_cmc_init_switcher&quot;:&quot;no&quot;}\">\n\t\t\t\t\t\t<section class=\"elementor-section elementor-top-section elementor-element elementor-element-399de607 elementor-section-boxed elementor-section-height-default elementor-section-height-default\" data-id=\"399de607\" data-element_type=\"section\" data-e-type=\"section\" data-settings=\"{&quot;_ha_eqh_enable&quot;:false}\">\n\t\t\t\t\t\t<div class=\"elementor-container elementor-column-gap-default\">\n\t\t\t\t\t<div class=\"elementor-column elementor-col-100 elementor-top-column elementor-element elementor-element-2b8fb8d2\" data-id=\"2b8fb8d2\" data-element_type=\"column\" data-e-type=\"column\">\n\t\t\t<div class=\"elementor-widget-wrap elementor-element-populated\">\n\t\t\t\t\t\t<div class=\"elementor-element elementor-element-1a82afcf elementor-widget elementor-widget-text-editor\" data-id=\"1a82afcf\" data-element_type=\"widget\" data-e-type=\"widget\" data-widget_type=\"text-editor.default\">\n\t\t\t\t<div class=\"elementor-widget-container\">\n\t\t\t\t\t\t\t\t\t<p><em><strong><img fetchpriority=\"high\" decoding=\"async\" class=\"wp-image-1854 alignleft\" src=\"https:\/\/shinobikimonos.com\/wp-content\/uploads\/2016\/03\/keikogi-basico01.jpg\" alt=\"\" width=\"195\" height=\"320\" srcset=\"https:\/\/shinobikimonos.com\/wp-content\/uploads\/2016\/03\/keikogi-basico01.jpg 915w, https:\/\/shinobikimonos.com\/wp-content\/uploads\/2016\/03\/keikogi-basico01-183x300.jpg 183w, https:\/\/shinobikimonos.com\/wp-content\/uploads\/2016\/03\/keikogi-basico01-305x500.jpg 305w\" sizes=\"(max-width: 195px) 100vw, 195px\" \/>Keikogi<\/strong> <\/em>(se pronuncia:\u00a0<em>Keikogui<\/em>) \u00e9 uma palavra japonesa que significa uniforme de treinamento (<em><strong>Keiko<\/strong><\/em> = treinamento, pr\u00e1tica; <em><strong>Gi<\/strong><\/em> = roupa). Sendo um uniforme para pr\u00e1tica de Artes Marciais, n\u00e3o consiste necessariamente de <strong><em>Kimono<\/em><\/strong>, mas sim, de uma vestimenta espec\u00edfica para cada modalidade.<\/p><p>A palavra <strong><em>Keikogi\u00a0<\/em><\/strong>\u00e9 erroneamente substitu\u00edda por <strong><em>Gi<\/em><\/strong>, essa substitui\u00e7\u00e3o \u00e9 errada por que <strong><em>Gi<\/em><\/strong>\u00a0n\u00e3o apresenta o mesmo significado. Uma substitui\u00e7\u00e3o correta seria <em><strong>D\u014dgi<\/strong><\/em>\u00a0que significa &#8220;o uniforme usado no caminho que voc\u00ea escolheu&#8221; pois se voc\u00ea colocar o nome do esporte no lugar de <strong><em>D\u014d<\/em><\/strong>, voc\u00ea obt\u00e9m exatamente o significado de <strong><em>D\u014dgi<\/em><\/strong> (<em><strong>J\u016bd\u014d-Gi<\/strong><\/em>, <em><strong>Karat\u00ea-Gi<\/strong><\/em>,<em><strong> Ninja-Gi<\/strong><\/em>).<\/p>\t\t\t\t\t\t\t\t<\/div>\n\t\t\t\t<\/div>\n\t\t\t\t\t<\/div>\n\t\t<\/div>\n\t\t\t\t\t<\/div>\n\t\t<\/section>\n\t\t\t\t<\/div>","protected":false},"excerpt":{"rendered":"<p>Keikogi (se pronuncia:\u00a0Keikogui) \u00e9 uma palavra japonesa que significa uniforme de treinamento (Keiko = treinamento, pr\u00e1tica; Gi = roupa). Sendo um uniforme para pr\u00e1tica de Artes Marciais, n\u00e3o consiste necessariamente de Kimono, mas sim, de uma vestimenta espec\u00edfica para cada modalidade. A palavra Keikogi\u00a0\u00e9 erroneamente substitu\u00edda por Gi, essa substitui\u00e7\u00e3o \u00e9 errada por que Gi\u00a0n\u00e3o [&hellip;]<\/p>\n","protected":false},"author":1,"featured_media":1501,"parent":0,"menu_order":0,"comment_status":"closed","ping_status":"closed","template":"","meta":{"footnotes":""},"class_list":["post-1484","page","type-page","status-publish","has-post-thumbnail","hentry"],"yoast_head":"<!-- This site is optimized with the Yoast SEO plugin v27.0 - https:\/\/yoast.com\/product\/yoast-seo-wordpress\/ -->\n<title>O que \u00e9 Keikogi? -<\/title>\n<meta name=\"robots\" content=\"index, follow, max-snippet:-1, max-image-preview:large, max-video-preview:-1\" \/>\n<link rel=\"canonical\" href=\"https:\/\/shinobikimonos.com\/en\/o-que-e-keikogi\/\" \/>\n<meta property=\"og:locale\" content=\"en_US\" \/>\n<meta property=\"og:type\" content=\"article\" \/>\n<meta property=\"og:title\" content=\"O que \u00e9 Keikogi? -\" \/>\n<meta property=\"og:description\" content=\"Keikogi (se pronuncia:\u00a0Keikogui) \u00e9 uma palavra japonesa que significa uniforme de treinamento (Keiko = treinamento, pr\u00e1tica; Gi = roupa). Sendo um uniforme para pr\u00e1tica de Artes Marciais, n\u00e3o consiste necessariamente de Kimono, mas sim, de uma vestimenta espec\u00edfica para cada modalidade. A palavra Keikogi\u00a0\u00e9 erroneamente substitu\u00edda por Gi, essa substitui\u00e7\u00e3o \u00e9 errada por que Gi\u00a0n\u00e3o [&hellip;]\" \/>\n<meta property=\"og:url\" content=\"https:\/\/shinobikimonos.com\/en\/o-que-e-keikogi\/\" \/>\n<meta property=\"article:modified_time\" content=\"2026-02-23T03:03:22+00:00\" \/>\n<meta property=\"og:image\" content=\"https:\/\/shinobikimonos.com\/wp-content\/uploads\/2017\/01\/Shinobi-Kimonos-Keikogi.jpg\" \/>\n\t<meta property=\"og:image:width\" content=\"1000\" \/>\n\t<meta property=\"og:image:height\" content=\"750\" \/>\n\t<meta property=\"og:image:type\" content=\"image\/jpeg\" \/>\n<meta name=\"twitter:card\" content=\"summary_large_image\" \/>\n<meta name=\"twitter:label1\" content=\"Est. reading time\" \/>\n\t<meta name=\"twitter:data1\" content=\"1 minute\" \/>\n<script type=\"application\/ld+json\" class=\"yoast-schema-graph\">{\"@context\":\"https:\/\/schema.org\",\"@graph\":[{\"@type\":\"WebPage\",\"@id\":\"https:\/\/shinobikimonos.com\/o-que-e-keikogi\/\",\"url\":\"https:\/\/shinobikimonos.com\/o-que-e-keikogi\/\",\"name\":\"O que \u00e9 Keikogi? -\",\"isPartOf\":{\"@id\":\"https:\/\/shinobikimonos.com\/#website\"},\"primaryImageOfPage\":{\"@id\":\"https:\/\/shinobikimonos.com\/o-que-e-keikogi\/#primaryimage\"},\"image\":{\"@id\":\"https:\/\/shinobikimonos.com\/o-que-e-keikogi\/#primaryimage\"},\"thumbnailUrl\":\"https:\/\/shinobikimonos.com\/wp-content\/uploads\/2017\/01\/Shinobi-Kimonos-Keikogi.jpg\",\"datePublished\":\"2017-01-27T06:21:57+00:00\",\"dateModified\":\"2026-02-23T03:03:22+00:00\",\"inLanguage\":\"en-US\",\"potentialAction\":[{\"@type\":\"ReadAction\",\"target\":[\"https:\/\/shinobikimonos.com\/o-que-e-keikogi\/\"]}]},{\"@type\":\"ImageObject\",\"inLanguage\":\"en-US\",\"@id\":\"https:\/\/shinobikimonos.com\/o-que-e-keikogi\/#primaryimage\",\"url\":\"https:\/\/shinobikimonos.com\/wp-content\/uploads\/2017\/01\/Shinobi-Kimonos-Keikogi.jpg\",\"contentUrl\":\"https:\/\/shinobikimonos.com\/wp-content\/uploads\/2017\/01\/Shinobi-Kimonos-Keikogi.jpg\",\"width\":1000,\"height\":750},{\"@type\":\"WebSite\",\"@id\":\"https:\/\/shinobikimonos.com\/#website\",\"url\":\"https:\/\/shinobikimonos.com\/\",\"name\":\"\",\"description\":\"\",\"potentialAction\":[{\"@type\":\"SearchAction\",\"target\":{\"@type\":\"EntryPoint\",\"urlTemplate\":\"https:\/\/shinobikimonos.com\/?s={search_term_string}\"},\"query-input\":{\"@type\":\"PropertyValueSpecification\",\"valueRequired\":true,\"valueName\":\"search_term_string\"}}],\"inLanguage\":\"en-US\"}]}<\/script>\n<!-- \/ Yoast SEO plugin. -->","yoast_head_json":{"title":"O que \u00e9 Keikogi? -","robots":{"index":"index","follow":"follow","max-snippet":"max-snippet:-1","max-image-preview":"max-image-preview:large","max-video-preview":"max-video-preview:-1"},"canonical":"https:\/\/shinobikimonos.com\/en\/o-que-e-keikogi\/","og_locale":"en_US","og_type":"article","og_title":"O que \u00e9 Keikogi? -","og_description":"Keikogi (se pronuncia:\u00a0Keikogui) \u00e9 uma palavra japonesa que significa uniforme de treinamento (Keiko = treinamento, pr\u00e1tica; Gi = roupa). Sendo um uniforme para pr\u00e1tica de Artes Marciais, n\u00e3o consiste necessariamente de Kimono, mas sim, de uma vestimenta espec\u00edfica para cada modalidade. A palavra Keikogi\u00a0\u00e9 erroneamente substitu\u00edda por Gi, essa substitui\u00e7\u00e3o \u00e9 errada por que Gi\u00a0n\u00e3o [&hellip;]","og_url":"https:\/\/shinobikimonos.com\/en\/o-que-e-keikogi\/","article_modified_time":"2026-02-23T03:03:22+00:00","og_image":[{"width":1000,"height":750,"url":"https:\/\/shinobikimonos.com\/wp-content\/uploads\/2017\/01\/Shinobi-Kimonos-Keikogi.jpg","type":"image\/jpeg"}],"twitter_card":"summary_large_image","twitter_misc":{"Est. reading time":"1 minute"},"schema":{"@context":"https:\/\/schema.org","@graph":[{"@type":"WebPage","@id":"https:\/\/shinobikimonos.com\/o-que-e-keikogi\/","url":"https:\/\/shinobikimonos.com\/o-que-e-keikogi\/","name":"O que \u00e9 Keikogi? -","isPartOf":{"@id":"https:\/\/shinobikimonos.com\/#website"},"primaryImageOfPage":{"@id":"https:\/\/shinobikimonos.com\/o-que-e-keikogi\/#primaryimage"},"image":{"@id":"https:\/\/shinobikimonos.com\/o-que-e-keikogi\/#primaryimage"},"thumbnailUrl":"https:\/\/shinobikimonos.com\/wp-content\/uploads\/2017\/01\/Shinobi-Kimonos-Keikogi.jpg","datePublished":"2017-01-27T06:21:57+00:00","dateModified":"2026-02-23T03:03:22+00:00","inLanguage":"en-US","potentialAction":[{"@type":"ReadAction","target":["https:\/\/shinobikimonos.com\/o-que-e-keikogi\/"]}]},{"@type":"ImageObject","inLanguage":"en-US","@id":"https:\/\/shinobikimonos.com\/o-que-e-keikogi\/#primaryimage","url":"https:\/\/shinobikimonos.com\/wp-content\/uploads\/2017\/01\/Shinobi-Kimonos-Keikogi.jpg","contentUrl":"https:\/\/shinobikimonos.com\/wp-content\/uploads\/2017\/01\/Shinobi-Kimonos-Keikogi.jpg","width":1000,"height":750},{"@type":"WebSite","@id":"https:\/\/shinobikimonos.com\/#website","url":"https:\/\/shinobikimonos.com\/","name":"","description":"","potentialAction":[{"@type":"SearchAction","target":{"@type":"EntryPoint","urlTemplate":"https:\/\/shinobikimonos.com\/?s={search_term_string}"},"query-input":{"@type":"PropertyValueSpecification","valueRequired":true,"valueName":"search_term_string"}}],"inLanguage":"en-US"}]}},"_links":{"self":[{"href":"https:\/\/shinobikimonos.com\/en\/wp-json\/wp\/v2\/pages\/1484","targetHints":{"allow":["GET"]}}],"collection":[{"href":"https:\/\/shinobikimonos.com\/en\/wp-json\/wp\/v2\/pages"}],"about":[{"href":"https:\/\/shinobikimonos.com\/en\/wp-json\/wp\/v2\/types\/page"}],"author":[{"embeddable":true,"href":"https:\/\/shinobikimonos.com\/en\/wp-json\/wp\/v2\/users\/1"}],"replies":[{"embeddable":true,"href":"https:\/\/shinobikimonos.com\/en\/wp-json\/wp\/v2\/comments?post=1484"}],"version-history":[{"count":4,"href":"https:\/\/shinobikimonos.com\/en\/wp-json\/wp\/v2\/pages\/1484\/revisions"}],"predecessor-version":[{"id":18023,"href":"https:\/\/shinobikimonos.com\/en\/wp-json\/wp\/v2\/pages\/1484\/revisions\/18023"}],"wp:featuredmedia":[{"embeddable":true,"href":"https:\/\/shinobikimonos.com\/en\/wp-json\/wp\/v2\/media\/1501"}],"wp:attachment":[{"href":"https:\/\/shinobikimonos.com\/en\/wp-json\/wp\/v2\/media?parent=1484"}],"curies":[{"name":"wp","href":"https:\/\/api.w.org\/{rel}","templated":true}]}}