{"id":1482,"date":"2017-01-27T04:11:41","date_gmt":"2017-01-27T06:11:41","guid":{"rendered":"http:\/\/shinobikimonos.com\/?page_id=1482"},"modified":"2026-02-23T03:00:31","modified_gmt":"2026-02-23T03:00:31","slug":"o-que-e-kimono","status":"publish","type":"page","link":"https:\/\/shinobikimonos.com\/en\/o-que-e-kimono\/","title":{"rendered":"O que \u00e9 Kimono?"},"content":{"rendered":"<div data-elementor-type=\"wp-page\" data-elementor-id=\"1482\" class=\"elementor elementor-1482\" data-elementor-settings=\"{&quot;ha_cmc_init_switcher&quot;:&quot;no&quot;}\">\n\t\t\t\t\t\t<section class=\"elementor-section elementor-top-section elementor-element elementor-element-59b5f670 elementor-section-boxed elementor-section-height-default elementor-section-height-default\" data-id=\"59b5f670\" data-element_type=\"section\" data-e-type=\"section\" data-settings=\"{&quot;_ha_eqh_enable&quot;:false}\">\n\t\t\t\t\t\t<div class=\"elementor-container elementor-column-gap-default\">\n\t\t\t\t\t<div class=\"elementor-column elementor-col-100 elementor-top-column elementor-element elementor-element-5ec46e11\" data-id=\"5ec46e11\" data-element_type=\"column\" data-e-type=\"column\">\n\t\t\t<div class=\"elementor-widget-wrap elementor-element-populated\">\n\t\t\t\t\t\t<div class=\"elementor-element elementor-element-193e7e2c elementor-widget elementor-widget-text-editor\" data-id=\"193e7e2c\" data-element_type=\"widget\" data-e-type=\"widget\" data-widget_type=\"text-editor.default\">\n\t\t\t\t<div class=\"elementor-widget-container\">\n\t\t\t\t\t\t\t\t\t<p><em><strong>Kimono<\/strong> <\/em>significa &#8220;Coisa de Vestir&#8221;, \u00e9 um termo de origem japonesa. <em><strong>Kimono<\/strong><\/em> \u00e9 o traje t\u00edpico do Jap\u00e3o, tanto adultos, como crian\u00e7as e idosos usam e pode ser chamada tanto a parte principal, como o conjunto todo.<\/p><p>O termo <em><strong>Kimono<\/strong><\/em> teve origem com os navegadores do s\u00e9culo XVI, como espanh\u00f3is e portugueses, que chegaram ao Jap\u00e3o e perguntaram o que eles estavam vestindo, os japoneses respondiam apenas <em><strong>Kimono<\/strong><\/em>, o que significava roupa e o termo \u00e9 utilizado at\u00e9 hoje.<\/p><p>Inicialmente, o <em><strong>Kimono<\/strong><\/em> era usado por homens, mulheres e crian\u00e7as, com tecidos mais nobres, como seda, sempre bastante chamativo e decorado com pedras, em especial os femininos. O <em><strong>Kimono<\/strong><\/em> pode ser de mangas longas, de mangas curtas, para ser utilizado apenas no dia-a-dia, existe um <em><strong>Kimono<\/strong><\/em> especial para a noiva na celebra\u00e7\u00e3o do casamento, <em><strong>Kimono<\/strong><\/em> de ver\u00e3o, etc.<\/p>\t\t\t\t\t\t\t\t<\/div>\n\t\t\t\t<\/div>\n\t\t\t\t\t<\/div>\n\t\t<\/div>\n\t\t\t\t\t<\/div>\n\t\t<\/section>\n\t\t\t\t<\/div>","protected":false},"excerpt":{"rendered":"<p>Kimono significa &#8220;Coisa de Vestir&#8221;, \u00e9 um termo de origem japonesa. Kimono \u00e9 o traje t\u00edpico do Jap\u00e3o, tanto adultos, como crian\u00e7as e idosos usam e pode ser chamada tanto a parte principal, como o conjunto todo. O termo Kimono teve origem com os navegadores do s\u00e9culo XVI, como espanh\u00f3is e portugueses, que chegaram ao [&hellip;]<\/p>\n","protected":false},"author":1,"featured_media":1503,"parent":0,"menu_order":0,"comment_status":"closed","ping_status":"closed","template":"","meta":{"footnotes":""},"class_list":["post-1482","page","type-page","status-publish","has-post-thumbnail","hentry"],"yoast_head":"<!-- This site is optimized with the Yoast SEO plugin v27.0 - https:\/\/yoast.com\/product\/yoast-seo-wordpress\/ -->\n<title>O que \u00e9 Kimono? -<\/title>\n<meta name=\"description\" content=\"Kimono significa \u201cCoisa de Vestir\u201d, \u00e9 um termo de origem japonesa. Kimono \u00e9 o traje t\u00edpico do Jap\u00e3o, tanto adultos, como crian\u00e7as e idosos usam...\" \/>\n<meta name=\"robots\" content=\"index, follow, max-snippet:-1, max-image-preview:large, max-video-preview:-1\" \/>\n<link rel=\"canonical\" href=\"https:\/\/shinobikimonos.com\/en\/o-que-e-kimono\/\" \/>\n<meta property=\"og:locale\" content=\"en_US\" \/>\n<meta property=\"og:type\" content=\"article\" \/>\n<meta property=\"og:title\" content=\"O que \u00e9 Kimono? -\" \/>\n<meta property=\"og:description\" content=\"Kimono significa \u201cCoisa de Vestir\u201d, \u00e9 um termo de origem japonesa. Kimono \u00e9 o traje t\u00edpico do Jap\u00e3o, tanto adultos, como crian\u00e7as e idosos usam...\" \/>\n<meta property=\"og:url\" content=\"https:\/\/shinobikimonos.com\/en\/o-que-e-kimono\/\" \/>\n<meta property=\"article:modified_time\" content=\"2026-02-23T03:00:31+00:00\" \/>\n<meta property=\"og:image\" content=\"https:\/\/shinobikimonos.com\/wp-content\/uploads\/2017\/01\/Shinobi-Kimonos-Keikogi-Basico.jpg\" \/>\n\t<meta property=\"og:image:width\" content=\"1000\" \/>\n\t<meta property=\"og:image:height\" content=\"750\" \/>\n\t<meta property=\"og:image:type\" content=\"image\/jpeg\" \/>\n<meta name=\"twitter:card\" content=\"summary_large_image\" \/>\n<meta name=\"twitter:label1\" content=\"Est. reading time\" \/>\n\t<meta name=\"twitter:data1\" content=\"1 minute\" \/>\n<script type=\"application\/ld+json\" class=\"yoast-schema-graph\">{\"@context\":\"https:\/\/schema.org\",\"@graph\":[{\"@type\":\"WebPage\",\"@id\":\"https:\/\/shinobikimonos.com\/o-que-e-kimono\/\",\"url\":\"https:\/\/shinobikimonos.com\/o-que-e-kimono\/\",\"name\":\"O que \u00e9 Kimono? -\",\"isPartOf\":{\"@id\":\"https:\/\/shinobikimonos.com\/#website\"},\"primaryImageOfPage\":{\"@id\":\"https:\/\/shinobikimonos.com\/o-que-e-kimono\/#primaryimage\"},\"image\":{\"@id\":\"https:\/\/shinobikimonos.com\/o-que-e-kimono\/#primaryimage\"},\"thumbnailUrl\":\"https:\/\/shinobikimonos.com\/wp-content\/uploads\/2017\/01\/Shinobi-Kimonos-Keikogi-Basico.jpg\",\"datePublished\":\"2017-01-27T06:11:41+00:00\",\"dateModified\":\"2026-02-23T03:00:31+00:00\",\"description\":\"Kimono significa \u201cCoisa de Vestir\u201d, \u00e9 um termo de origem japonesa. Kimono \u00e9 o traje t\u00edpico do Jap\u00e3o, tanto adultos, como crian\u00e7as e idosos usam...\",\"inLanguage\":\"en-US\",\"potentialAction\":[{\"@type\":\"ReadAction\",\"target\":[\"https:\/\/shinobikimonos.com\/o-que-e-kimono\/\"]}]},{\"@type\":\"ImageObject\",\"inLanguage\":\"en-US\",\"@id\":\"https:\/\/shinobikimonos.com\/o-que-e-kimono\/#primaryimage\",\"url\":\"https:\/\/shinobikimonos.com\/wp-content\/uploads\/2017\/01\/Shinobi-Kimonos-Keikogi-Basico.jpg\",\"contentUrl\":\"https:\/\/shinobikimonos.com\/wp-content\/uploads\/2017\/01\/Shinobi-Kimonos-Keikogi-Basico.jpg\",\"width\":1000,\"height\":750},{\"@type\":\"WebSite\",\"@id\":\"https:\/\/shinobikimonos.com\/#website\",\"url\":\"https:\/\/shinobikimonos.com\/\",\"name\":\"\",\"description\":\"\",\"potentialAction\":[{\"@type\":\"SearchAction\",\"target\":{\"@type\":\"EntryPoint\",\"urlTemplate\":\"https:\/\/shinobikimonos.com\/?s={search_term_string}\"},\"query-input\":{\"@type\":\"PropertyValueSpecification\",\"valueRequired\":true,\"valueName\":\"search_term_string\"}}],\"inLanguage\":\"en-US\"}]}<\/script>\n<!-- \/ Yoast SEO plugin. -->","yoast_head_json":{"title":"O que \u00e9 Kimono? -","description":"Kimono significa \u201cCoisa de Vestir\u201d, \u00e9 um termo de origem japonesa. Kimono \u00e9 o traje t\u00edpico do Jap\u00e3o, tanto adultos, como crian\u00e7as e idosos usam...","robots":{"index":"index","follow":"follow","max-snippet":"max-snippet:-1","max-image-preview":"max-image-preview:large","max-video-preview":"max-video-preview:-1"},"canonical":"https:\/\/shinobikimonos.com\/en\/o-que-e-kimono\/","og_locale":"en_US","og_type":"article","og_title":"O que \u00e9 Kimono? -","og_description":"Kimono significa \u201cCoisa de Vestir\u201d, \u00e9 um termo de origem japonesa. Kimono \u00e9 o traje t\u00edpico do Jap\u00e3o, tanto adultos, como crian\u00e7as e idosos usam...","og_url":"https:\/\/shinobikimonos.com\/en\/o-que-e-kimono\/","article_modified_time":"2026-02-23T03:00:31+00:00","og_image":[{"width":1000,"height":750,"url":"https:\/\/shinobikimonos.com\/wp-content\/uploads\/2017\/01\/Shinobi-Kimonos-Keikogi-Basico.jpg","type":"image\/jpeg"}],"twitter_card":"summary_large_image","twitter_misc":{"Est. reading time":"1 minute"},"schema":{"@context":"https:\/\/schema.org","@graph":[{"@type":"WebPage","@id":"https:\/\/shinobikimonos.com\/o-que-e-kimono\/","url":"https:\/\/shinobikimonos.com\/o-que-e-kimono\/","name":"O que \u00e9 Kimono? -","isPartOf":{"@id":"https:\/\/shinobikimonos.com\/#website"},"primaryImageOfPage":{"@id":"https:\/\/shinobikimonos.com\/o-que-e-kimono\/#primaryimage"},"image":{"@id":"https:\/\/shinobikimonos.com\/o-que-e-kimono\/#primaryimage"},"thumbnailUrl":"https:\/\/shinobikimonos.com\/wp-content\/uploads\/2017\/01\/Shinobi-Kimonos-Keikogi-Basico.jpg","datePublished":"2017-01-27T06:11:41+00:00","dateModified":"2026-02-23T03:00:31+00:00","description":"Kimono significa \u201cCoisa de Vestir\u201d, \u00e9 um termo de origem japonesa. Kimono \u00e9 o traje t\u00edpico do Jap\u00e3o, tanto adultos, como crian\u00e7as e idosos usam...","inLanguage":"en-US","potentialAction":[{"@type":"ReadAction","target":["https:\/\/shinobikimonos.com\/o-que-e-kimono\/"]}]},{"@type":"ImageObject","inLanguage":"en-US","@id":"https:\/\/shinobikimonos.com\/o-que-e-kimono\/#primaryimage","url":"https:\/\/shinobikimonos.com\/wp-content\/uploads\/2017\/01\/Shinobi-Kimonos-Keikogi-Basico.jpg","contentUrl":"https:\/\/shinobikimonos.com\/wp-content\/uploads\/2017\/01\/Shinobi-Kimonos-Keikogi-Basico.jpg","width":1000,"height":750},{"@type":"WebSite","@id":"https:\/\/shinobikimonos.com\/#website","url":"https:\/\/shinobikimonos.com\/","name":"","description":"","potentialAction":[{"@type":"SearchAction","target":{"@type":"EntryPoint","urlTemplate":"https:\/\/shinobikimonos.com\/?s={search_term_string}"},"query-input":{"@type":"PropertyValueSpecification","valueRequired":true,"valueName":"search_term_string"}}],"inLanguage":"en-US"}]}},"_links":{"self":[{"href":"https:\/\/shinobikimonos.com\/en\/wp-json\/wp\/v2\/pages\/1482","targetHints":{"allow":["GET"]}}],"collection":[{"href":"https:\/\/shinobikimonos.com\/en\/wp-json\/wp\/v2\/pages"}],"about":[{"href":"https:\/\/shinobikimonos.com\/en\/wp-json\/wp\/v2\/types\/page"}],"author":[{"embeddable":true,"href":"https:\/\/shinobikimonos.com\/en\/wp-json\/wp\/v2\/users\/1"}],"replies":[{"embeddable":true,"href":"https:\/\/shinobikimonos.com\/en\/wp-json\/wp\/v2\/comments?post=1482"}],"version-history":[{"count":9,"href":"https:\/\/shinobikimonos.com\/en\/wp-json\/wp\/v2\/pages\/1482\/revisions"}],"predecessor-version":[{"id":18020,"href":"https:\/\/shinobikimonos.com\/en\/wp-json\/wp\/v2\/pages\/1482\/revisions\/18020"}],"wp:featuredmedia":[{"embeddable":true,"href":"https:\/\/shinobikimonos.com\/en\/wp-json\/wp\/v2\/media\/1503"}],"wp:attachment":[{"href":"https:\/\/shinobikimonos.com\/en\/wp-json\/wp\/v2\/media?parent=1482"}],"curies":[{"name":"wp","href":"https:\/\/api.w.org\/{rel}","templated":true}]}}